{"id":54759,"date":"2023-07-10T10:33:15","date_gmt":"2023-07-10T10:33:15","guid":{"rendered":"https:\/\/donaulife-new.ogrisdigital.at\/produkt\/aluminium-grinder-rasta-leaf-o-48-mm\/"},"modified":"2024-07-01T01:08:55","modified_gmt":"2024-07-01T01:08:55","slug":"aluminium-grinder-rasta-leaf-o-48-mm","status":"publish","type":"product","link":"https:\/\/donaulife-new.ogrisdigital.at\/fi\/aluminium-grinder-rasta-leaf-o-48-mm\/","title":{"rendered":"Aluminium Grinder &#8216;Rasta Leaf&#8217; | \u00d8 48 mm"},"content":{"rendered":"<h2>Aluminium Grinder im Rasta Full Print<\/h2>\n<div>Unser eleganter, Rasta Metallgrinder ist ein Must-Have f\u00fcr dein Equipment zu Hause.<\/div>\n<div><\/div>\n<div>Er besteht aus 4 Teilen, dem Deckel welcher mit einem Magnetverschluss mit den Z\u00e4hnen verbunden ist. Die messerscharfen Z\u00e4hne sind nicht geklebt, sondern sind aus gefr\u00e4stem Metall gefertigt und bieten daher optimale Zerkleinerung. Das gemahlene Produkt davon findest du im Siebfach. Zus\u00e4tzlich verf\u00fcgt der Grinder \u00fcber einen Pollinator, welcher die Pollen zuverl\u00e4ssig auff\u00e4ngt. Der Durchmesser betr\u00e4gt 5 cm.<\/div>\n<ul>\n<li>4- teiliger Grinder bestehend aus Deckel, Z\u00e4hne, Sieb &amp; Pollinator<\/li>\n<li>Magnetverschluss<\/li>\n<li>Geriffelter Rand f\u00fcr perfekten Grip<\/li>\n<li>Durchmesser: 50 mm<\/li>\n<\/ul>\n","protected":false},"excerpt":{"rendered":"<p>Aluminium Grinder im Rasta Full Print Unser eleganter, Rasta Metallgrinder ist ein Must-Have f\u00fcr dein Equipment zu Hause. Er besteht<\/p>\n","protected":false},"featured_media":40238,"comment_status":"open","ping_status":"open","template":"","meta":{"_acf_changed":false},"product_cat":[2481,2482,2480,2451,2483],"product_tag":[],"acf":[],"_links":{"self":[{"href":"https:\/\/donaulife-new.ogrisdigital.at\/fi\/wp-json\/wp\/v2\/product\/54759"}],"collection":[{"href":"https:\/\/donaulife-new.ogrisdigital.at\/fi\/wp-json\/wp\/v2\/product"}],"about":[{"href":"https:\/\/donaulife-new.ogrisdigital.at\/fi\/wp-json\/wp\/v2\/types\/product"}],"replies":[{"embeddable":true,"href":"https:\/\/donaulife-new.ogrisdigital.at\/fi\/wp-json\/wp\/v2\/comments?post=54759"}],"wp:featuredmedia":[{"embeddable":true,"href":"https:\/\/donaulife-new.ogrisdigital.at\/fi\/wp-json\/wp\/v2\/media\/40238"}],"wp:attachment":[{"href":"https:\/\/donaulife-new.ogrisdigital.at\/fi\/wp-json\/wp\/v2\/media?parent=54759"}],"wp:term":[{"taxonomy":"product_cat","embeddable":true,"href":"https:\/\/donaulife-new.ogrisdigital.at\/fi\/wp-json\/wp\/v2\/product_cat?post=54759"},{"taxonomy":"product_tag","embeddable":true,"href":"https:\/\/donaulife-new.ogrisdigital.at\/fi\/wp-json\/wp\/v2\/product_tag?post=54759"}],"curies":[{"name":"wp","href":"https:\/\/api.w.org\/{rel}","templated":true}]}}