{"id":54754,"date":"2023-07-10T10:11:33","date_gmt":"2023-07-10T10:11:33","guid":{"rendered":"https:\/\/donaulife-new.ogrisdigital.at\/produkt\/champ-high-eisbong-purple-dripping-31-cm\/"},"modified":"2024-07-01T01:08:50","modified_gmt":"2024-07-01T01:08:50","slug":"champ-high-eisbong-purple-dripping-31-cm","status":"publish","type":"product","link":"https:\/\/donaulife-new.ogrisdigital.at\/fi\/champ-high-eisbong-purple-dripping-31-cm\/","title":{"rendered":"CHAMP HIGH Eisbong &#8216;Purple Dripping&#8217; | 31 cm"},"content":{"rendered":"<h2>Champ High Eisbong<\/h2>\n<p>Die Champ High Purple Dripping Bong ist mit einem 14,5 mm Schliff ausgestattet, hat eine H\u00f6he von 31 cm und bietet ein sanftes und cooles Erlebnis.<\/p>\n<p><strong>Eigenschaften:<\/strong><\/p>\n<ul>\n<li>Klarglas mit schwarzen Akzenten<\/li>\n<li>hochwertige Standard Schliffe<\/li>\n<li>H\u00f6he: 31 cm<\/li>\n<li>14mm Schliff<\/li>\n<li>6 cm dickes Glas<\/li>\n<\/ul>\n<p>&nbsp;<\/p>\n<h3>\u00dcber Champ High:<\/h3>\n<p>Hochwertige Glasprodukte, die einfach, funktionell und zuverl\u00e4ssig sind. Die Champ High Produkte sind innovativ und doch f\u00fcr jedermann leistbar. Vom Grinder bis zur Bong und vielen weiteren Zubeh\u00f6rteilen findet man so manches Schmankerl bei Champ High<\/p>\n","protected":false},"excerpt":{"rendered":"<p>Champ High Eisbong Die Champ High Purple Dripping Bong ist mit einem 14,5 mm Schliff ausgestattet, hat eine H\u00f6he von<\/p>\n","protected":false},"featured_media":40208,"comment_status":"open","ping_status":"open","template":"","meta":{"_acf_changed":false},"product_cat":[2514,2459,2510,2507,2523,2506,2520],"product_tag":[],"acf":[],"_links":{"self":[{"href":"https:\/\/donaulife-new.ogrisdigital.at\/fi\/wp-json\/wp\/v2\/product\/54754"}],"collection":[{"href":"https:\/\/donaulife-new.ogrisdigital.at\/fi\/wp-json\/wp\/v2\/product"}],"about":[{"href":"https:\/\/donaulife-new.ogrisdigital.at\/fi\/wp-json\/wp\/v2\/types\/product"}],"replies":[{"embeddable":true,"href":"https:\/\/donaulife-new.ogrisdigital.at\/fi\/wp-json\/wp\/v2\/comments?post=54754"}],"wp:featuredmedia":[{"embeddable":true,"href":"https:\/\/donaulife-new.ogrisdigital.at\/fi\/wp-json\/wp\/v2\/media\/40208"}],"wp:attachment":[{"href":"https:\/\/donaulife-new.ogrisdigital.at\/fi\/wp-json\/wp\/v2\/media?parent=54754"}],"wp:term":[{"taxonomy":"product_cat","embeddable":true,"href":"https:\/\/donaulife-new.ogrisdigital.at\/fi\/wp-json\/wp\/v2\/product_cat?post=54754"},{"taxonomy":"product_tag","embeddable":true,"href":"https:\/\/donaulife-new.ogrisdigital.at\/fi\/wp-json\/wp\/v2\/product_tag?post=54754"}],"curies":[{"name":"wp","href":"https:\/\/api.w.org\/{rel}","templated":true}]}}