{"id":54706,"date":"2023-07-04T10:28:11","date_gmt":"2023-07-04T10:28:11","guid":{"rendered":"https:\/\/donaulife-new.ogrisdigital.at\/produkt\/hoj-klip-ersatzdeckel\/"},"modified":"2024-07-01T01:08:13","modified_gmt":"2024-07-01T01:08:13","slug":"hoj-klip-ersatzdeckel","status":"publish","type":"product","link":"https:\/\/donaulife-new.ogrisdigital.at\/fi\/hoj-klip-ersatzdeckel\/","title":{"rendered":"H\u00d8J Klip | Ersatzdeckel"},"content":{"rendered":"<h1 class=\"title\">H\u00d8J K\u00d8L Ersatzdeckel<\/h1>\n<div>\n<p>Der K\u00d8L-Klip Ersatzdeckel sollte deiner verloren gegangen sein.<\/p>\n<p><span style=\"font-size: 20.16px; color: #333333;\">Lieferumfang<\/span><\/p>\n<\/div>\n<p>1x Ersatzdeckel<\/p>\n<p><img fetchpriority=\"high\" decoding=\"async\" class=\"alignnone wp-image-47998 size-medium\" src=\"https:\/\/www.donaulife.com\/wp-content\/uploads\/2023\/07\/Klip-4-copia-300x211.gif\" alt=\"\" width=\"300\" height=\"211\" \/><\/p>\n<p><strong style=\"color: #555555; font-size: 14.4px;\">Werkstoff<\/strong><\/p>\n<ul>\n<li>Titanbeschichteter rostfreier Stahl<\/li>\n<\/ul>\n<h3>How to:<\/h3>\n<p><strong>Zusammenbauen:<\/strong><\/p>\n<div style=\"width: 1280px;\" class=\"wp-video\"><!--[if lt IE 9]><script>document.createElement('video');<\/script><![endif]-->\n<video class=\"wp-video-shortcode\" id=\"video-54706-1\" width=\"1280\" height=\"720\" preload=\"metadata\" controls=\"controls\"><source type=\"video\/mp4\" src=\"https:\/\/www.donaulife.com\/wp-content\/uploads\/2022\/11\/assamble.mp4?_=1\" \/><a href=\"https:\/\/www.donaulife.com\/wp-content\/uploads\/2022\/11\/assamble.mp4\" target=\"_blank\" rel=\"noopener\">https:\/\/www.donaulife.com\/wp-content\/uploads\/2022\/11\/assamble.mp4<\/a><\/video><\/div>\n<div>\n<p><strong>Reinigen:<\/strong><\/p>\n<div style=\"width: 1280px;\" class=\"wp-video\"><video class=\"wp-video-shortcode\" id=\"video-54706-2\" width=\"1280\" height=\"720\" preload=\"metadata\" controls=\"controls\"><source type=\"video\/mp4\" src=\"https:\/\/www.donaulife.com\/wp-content\/uploads\/2022\/11\/clean.mp4?_=2\" \/><a href=\"https:\/\/www.donaulife.com\/wp-content\/uploads\/2022\/11\/clean.mp4\" target=\"_blank\" rel=\"noopener\">https:\/\/www.donaulife.com\/wp-content\/uploads\/2022\/11\/clean.mp4<\/a><\/video><\/div>\n<div>\n<p><strong>Zusammenpacken:<\/strong><\/p>\n<div style=\"width: 1280px;\" class=\"wp-video\"><video class=\"wp-video-shortcode\" id=\"video-54706-3\" width=\"1280\" height=\"720\" preload=\"metadata\" controls=\"controls\"><source type=\"video\/mp4\" src=\"https:\/\/www.donaulife.com\/wp-content\/uploads\/2022\/11\/pack.mp4?_=3\" \/><a href=\"https:\/\/www.donaulife.com\/wp-content\/uploads\/2022\/11\/pack.mp4\" target=\"_blank\" rel=\"noopener\">https:\/\/www.donaulife.com\/wp-content\/uploads\/2022\/11\/pack.mp4<\/a><\/video><\/div>\n<div>\n<p><strong>Zubeh\u00f6r verwenden:<\/strong><\/p>\n<div style=\"width: 1280px;\" class=\"wp-video\"><video class=\"wp-video-shortcode\" id=\"video-54706-4\" width=\"1280\" height=\"720\" preload=\"metadata\" controls=\"controls\"><source type=\"video\/mp4\" src=\"https:\/\/www.donaulife.com\/wp-content\/uploads\/2022\/11\/c217098ba7ac44e39976623d1c84eaf4.mp4?_=4\" \/><a href=\"https:\/\/www.donaulife.com\/wp-content\/uploads\/2022\/11\/c217098ba7ac44e39976623d1c84eaf4.mp4\" target=\"_blank\" rel=\"noopener\">https:\/\/www.donaulife.com\/wp-content\/uploads\/2022\/11\/c217098ba7ac44e39976623d1c84eaf4.mp4<\/a><\/video><\/div>\n<div>\n<h3><\/h3>\n<\/div>\n<\/div>\n<\/div>\n<\/div>\n<h3>\u00dcber H\u00d8J:<\/h3>\n<div>\n<p>H\u00d8J hat sich zum Ziel gesetzt, die Art und Weise zu ver\u00e4ndern, wie wir Cannabis erleben, indem Sie magische Produkte schaffen, die die Erfahrung des Nutzers in jeder Phase perfektionieren. Im Laufe unserer Geschichte werden sich zweifelsohne viele Dinge \u00e4ndern. Was sich jedoch niemals \u00e4ndern wird, sind unsere Werte.<\/p>\n<p>Diese wirst du sp\u00fcren, wenn du unsere Produkte verwendest.<\/p>\n<\/div>\n<p><iframe id=\"20469a2b-24ac-4a6e-b10a-65234a2533fe\" src=\"https:\/\/www.vectary.com\/viewer\/v1\/?model=20469a2b-24ac-4a6e-b10a-65234a2533fe&amp;env=teufelsbergground2&amp;autoplay=0&amp;turntable=3\" width=\"100%\" height=\"480\" frameborder=\"0\"><\/iframe><\/p>\n","protected":false},"excerpt":{"rendered":"<p>H\u00d8J K\u00d8L Ersatzdeckel Der K\u00d8L-Klip Ersatzdeckel sollte deiner verloren gegangen sein. Lieferumfang 1x Ersatzdeckel Werkstoff Titanbeschichteter rostfreier Stahl How to:<\/p>\n","protected":false},"featured_media":39952,"comment_status":"open","ping_status":"open","template":"","meta":{"_acf_changed":false},"product_cat":[2480,2451],"product_tag":[3635],"acf":[],"_links":{"self":[{"href":"https:\/\/donaulife-new.ogrisdigital.at\/fi\/wp-json\/wp\/v2\/product\/54706"}],"collection":[{"href":"https:\/\/donaulife-new.ogrisdigital.at\/fi\/wp-json\/wp\/v2\/product"}],"about":[{"href":"https:\/\/donaulife-new.ogrisdigital.at\/fi\/wp-json\/wp\/v2\/types\/product"}],"replies":[{"embeddable":true,"href":"https:\/\/donaulife-new.ogrisdigital.at\/fi\/wp-json\/wp\/v2\/comments?post=54706"}],"wp:featuredmedia":[{"embeddable":true,"href":"https:\/\/donaulife-new.ogrisdigital.at\/fi\/wp-json\/wp\/v2\/media\/39952"}],"wp:attachment":[{"href":"https:\/\/donaulife-new.ogrisdigital.at\/fi\/wp-json\/wp\/v2\/media?parent=54706"}],"wp:term":[{"taxonomy":"product_cat","embeddable":true,"href":"https:\/\/donaulife-new.ogrisdigital.at\/fi\/wp-json\/wp\/v2\/product_cat?post=54706"},{"taxonomy":"product_tag","embeddable":true,"href":"https:\/\/donaulife-new.ogrisdigital.at\/fi\/wp-json\/wp\/v2\/product_tag?post=54706"}],"curies":[{"name":"wp","href":"https:\/\/api.w.org\/{rel}","templated":true}]}}