{"id":54660,"date":"2023-06-27T08:57:44","date_gmt":"2023-06-27T08:57:44","guid":{"rendered":"https:\/\/donaulife-new.ogrisdigital.at\/produkt\/blaze-glass-steckbong-helix-45-cm\/"},"modified":"2024-07-01T01:07:51","modified_gmt":"2024-07-01T01:07:51","slug":"blaze-glass-steckbong-helix-45-cm","status":"publish","type":"product","link":"https:\/\/donaulife-new.ogrisdigital.at\/fi\/blaze-glass-steckbong-helix-45-cm\/","title":{"rendered":"BLAZE GLASS Steckbong mit K\u00fchlspirale &#8216;Helix&#8217; | 32 cm"},"content":{"rendered":"<h2>Blaze Glass K\u00fchlspiralen Teil<\/h2>\n<p>Die beeindruckende Beakerbong von Black Leaf\u00ae besteht aus zwei perfekt passenden Teilen. Das Zugrohr hat im oberen Teil einen verl\u00e4ngerten Spiralrauchweg, der mit einer K\u00fchlfl\u00fcssigkeit gef\u00fcllt ist. Du kannst angenehm gek\u00fchlte, kratzfreie und angenehme Z\u00fcge genie\u00dfen, wenn du das Zugrohr vor deiner Bong-Session eine Weile im K\u00fchlschrank aufbewahrst. Die beiden Teile der Bong werden mit der beiliegenden Schliffklemme fest miteinander verbunden.<\/p>\n<p>F\u00fcr ein erfrischendes Raucherlebnis ist eine K\u00fchlfl\u00fcssigkeit im Rauchrohr enthalten.<\/p>\n<p>\u2714\ufe0f Du\u00a0kannst\u00a0gechillte\u00a0und angenehme\u00a0Z\u00fcge genie\u00dfen.<\/p>\n<p>\u2714\ufe0f Die Bong ist stabil und handlich.<\/p>\n<p>Dar\u00fcber hinaus hat die Liquid-Bong aus hochwertigem Borosilikatglas noch weitere hervorragende Merkmale: ein Stecksystem mit einem Schlitzdiffusorchillum und einem Kr\u00e4uterflutschkopf (kein zus\u00e4tzliches Sieb erforderlich), ein Kickloch mit einem Stopfen, ein angenehm abgerundetes Mundst\u00fcck und ein absolut beeindruckendes Aussehen!<\/p>\n<h2>\u00dcber Blaze Glass<\/h2>\n<p>Blaze-Glass-Bongs sind aus spannungsfreiem 3.1-Borosilikatglas (vergleichbar mit Duranglas) h\u00f6chster G\u00fcteklasse gefertigt. Mindestens 5 mm Wandst\u00e4rke machen eine Wasserpfeife robust.<br \/>\nWir verwenden extrem passgenaue Normschliffe in 14,5 bzw. 18,8 mm. Je nach Bong-Geometrie kommen normale Schliffe, verst\u00e4rkte Schliffe und bi-stabile Schliffe (doppelte Wand) in unseren Produkten zum Einsatz.<\/p>\n","protected":false},"excerpt":{"rendered":"<p>Blaze Glass K\u00fchlspiralen Teil Die beeindruckende Beakerbong von Black Leaf\u00ae besteht aus zwei perfekt passenden Teilen. Das Zugrohr hat im<\/p>\n","protected":false},"featured_media":39729,"comment_status":"open","ping_status":"open","template":"","meta":{"_acf_changed":false},"product_cat":[2514,2545,2459,2523,2515,2635,2506,2463,2817],"product_tag":[2547],"acf":[],"_links":{"self":[{"href":"https:\/\/donaulife-new.ogrisdigital.at\/fi\/wp-json\/wp\/v2\/product\/54660"}],"collection":[{"href":"https:\/\/donaulife-new.ogrisdigital.at\/fi\/wp-json\/wp\/v2\/product"}],"about":[{"href":"https:\/\/donaulife-new.ogrisdigital.at\/fi\/wp-json\/wp\/v2\/types\/product"}],"replies":[{"embeddable":true,"href":"https:\/\/donaulife-new.ogrisdigital.at\/fi\/wp-json\/wp\/v2\/comments?post=54660"}],"wp:featuredmedia":[{"embeddable":true,"href":"https:\/\/donaulife-new.ogrisdigital.at\/fi\/wp-json\/wp\/v2\/media\/39729"}],"wp:attachment":[{"href":"https:\/\/donaulife-new.ogrisdigital.at\/fi\/wp-json\/wp\/v2\/media?parent=54660"}],"wp:term":[{"taxonomy":"product_cat","embeddable":true,"href":"https:\/\/donaulife-new.ogrisdigital.at\/fi\/wp-json\/wp\/v2\/product_cat?post=54660"},{"taxonomy":"product_tag","embeddable":true,"href":"https:\/\/donaulife-new.ogrisdigital.at\/fi\/wp-json\/wp\/v2\/product_tag?post=54660"}],"curies":[{"name":"wp","href":"https:\/\/api.w.org\/{rel}","templated":true}]}}