{"id":54657,"date":"2023-06-27T08:34:18","date_gmt":"2023-06-27T08:34:18","guid":{"rendered":"https:\/\/donaulife-new.ogrisdigital.at\/produkt\/blaze-glass-recycle-bubbler-strunz-25-cm\/"},"modified":"2024-02-20T14:22:54","modified_gmt":"2024-02-20T14:22:54","slug":"blaze-glass-recycle-bubbler-strunz-25-cm","status":"publish","type":"product","link":"https:\/\/donaulife-new.ogrisdigital.at\/fi\/blaze-glass-recycle-bubbler-strunz-25-cm\/","title":{"rendered":"BLAZE GLASS Recycle Bubbler &#8216;Strunz&#8217; | 25 cm"},"content":{"rendered":"<h2>Blaze Glass Recycle Bubbler &#8216;Strunz&#8217;<\/h2>\n<p>Die handliche und \u00e4u\u00dferst stabile Blubber von BLAZE\u00ae aus Borosilikatglas ist eine wahre Perle. Sie hat eine interne Recyclefunktion und wird deshalb auch als Incycler bezeichnet. Dadurch wird das hochgezogene Bongwasser durch den Trichterperkolator ordentlich zum Blubbern gebracht und l\u00e4uft dann durch die Verbindung zur inneren Kammer wieder zur\u00fcck in die Basis. Der Dampf- und Wasserkreislauf bewegt sich dabei zwischen den Kammern.<\/p>\n<p>\u2714\ufe0f Der Trichterperkolator sorgt f\u00fcr einen gek\u00fchlten Rauchgenuss.<\/p>\n<p>\u2714\ufe0f Die interne Recyclefunktion filtert den Rauch f\u00fcr ein mildes Erlebnis.<\/p>\n<p>\u2714\ufe0f Durch die Abfluss\u00f6ffnung l\u00e4sst sich das Wasser leicht wechseln.<\/p>\n<p>Die Glaspfeife steht aufgrund ihres dicken Standfu\u00dfes stabil und weist eine robuste Qualit\u00e4t mit einer Wandst\u00e4rke von 5mm auf. Um das Wasser bequem auszutauschen, wurde eine zus\u00e4tzliche \u00d6ffnung integriert. Diese kann mit einem Schraubverschluss verschlossen werden.<\/p>\n<div><span style=\"font-size: 20.16px;\">\u00dcber Blaze Glass:<\/span><\/div>\n<div>\n<div>\n<p>Blaze-Glass-Bongs sind aus spannungsfreiem 3.1-Borosilikatglas (vergleichbar mit Duranglas) h\u00f6chster G\u00fcteklasse gefertigt. Mindestens 5 mm Wandst\u00e4rke machen eine Wasserpfeife robust.<br \/>\nWir verwenden extrem passgenaue Normschliffe in 14,5 bzw. 18,8 mm. Je nach Bong-Geometrie kommen normale Schliffe, verst\u00e4rkte Schliffe und bi-stabile Schliffe (doppelte Wand) in unseren Produkten zum Einsatz.<\/p>\n<\/div>\n<\/div>\n","protected":false},"excerpt":{"rendered":"<p>Blaze Glass Recycle Bubbler &#8216;Strunz&#8217; Die handliche und \u00e4u\u00dferst stabile Blubber von BLAZE\u00ae aus Borosilikatglas ist eine wahre Perle. Sie<\/p>\n","protected":false},"featured_media":39710,"comment_status":"open","ping_status":"closed","template":"","meta":{"_acf_changed":false},"product_cat":[2514,2545,2459,2513,2546,2577,2506,2463,2520],"product_tag":[2547],"acf":[],"_links":{"self":[{"href":"https:\/\/donaulife-new.ogrisdigital.at\/fi\/wp-json\/wp\/v2\/product\/54657"}],"collection":[{"href":"https:\/\/donaulife-new.ogrisdigital.at\/fi\/wp-json\/wp\/v2\/product"}],"about":[{"href":"https:\/\/donaulife-new.ogrisdigital.at\/fi\/wp-json\/wp\/v2\/types\/product"}],"replies":[{"embeddable":true,"href":"https:\/\/donaulife-new.ogrisdigital.at\/fi\/wp-json\/wp\/v2\/comments?post=54657"}],"wp:featuredmedia":[{"embeddable":true,"href":"https:\/\/donaulife-new.ogrisdigital.at\/fi\/wp-json\/wp\/v2\/media\/39710"}],"wp:attachment":[{"href":"https:\/\/donaulife-new.ogrisdigital.at\/fi\/wp-json\/wp\/v2\/media?parent=54657"}],"wp:term":[{"taxonomy":"product_cat","embeddable":true,"href":"https:\/\/donaulife-new.ogrisdigital.at\/fi\/wp-json\/wp\/v2\/product_cat?post=54657"},{"taxonomy":"product_tag","embeddable":true,"href":"https:\/\/donaulife-new.ogrisdigital.at\/fi\/wp-json\/wp\/v2\/product_tag?post=54657"}],"curies":[{"name":"wp","href":"https:\/\/api.w.org\/{rel}","templated":true}]}}