{"id":54652,"date":"2023-06-23T13:52:40","date_gmt":"2023-06-23T13:52:40","guid":{"rendered":"https:\/\/donaulife-new.ogrisdigital.at\/produkt\/purple-rose-cannatube-18-cm\/"},"modified":"2024-07-01T01:07:46","modified_gmt":"2024-07-01T01:07:46","slug":"purple-rose-cannatube-18-cm","status":"publish","type":"product","link":"https:\/\/donaulife-new.ogrisdigital.at\/fi\/purple-rose-cannatube-18-cm\/","title":{"rendered":"PURPLE ROSE CannaTube | 18 cm"},"content":{"rendered":"<h2>Purple Rose Cannagar Form zum selberbauen von Cannabis Zigarren<\/h2>\n<p>Halte Deine gerollten Cannagars frisch mit unserer neuen CannaTube. Diese hat einen eingebautes Reservoir f\u00fcr eine 4-Gramm-Boveda-Packung, so dass Du Dein Cannagar bis zur Perfektion trocknen kannst. Richtig getrocknete Cannagars haben einen sanfteren Zug und einen besseren Geschmack.<\/p>\n<p>Diese R\u00f6hrchen sind perfekt f\u00fcr die Aush\u00e4rtung oder Aufbewahrung von Cannagars unterwegs. Lege eine frisch gerollte Cannagar in die R\u00f6hre, um sie perfekt zu trocknen oder heb\u00b4s einfach f\u00fcr sp\u00e4ter auf.<\/p>\n<p>Die CannTube h\u00e4lt jede Cannagar mit einem Boveda-Pack auf dem perfekten Luftfeuchtigkeitsniveau. Dadurch wird verhindert, dass die Cannagar zu sehr austrocknet oder durch zus\u00e4tzliche Feuchtigkeit schimmelt.<\/p>\n<p>Enth\u00e4lt<br \/>\n4-Gramm-Boveda-Packung<\/p>\n<p><img fetchpriority=\"high\" decoding=\"async\" class=\"alignnone size-medium wp-image-32125\" src=\"https:\/\/www.donaulife.com\/wp-content\/uploads\/2021\/04\/1-221x300.png\" alt=\"\" width=\"221\" height=\"300\" \/><\/p>\n<h3 class=\"pp-info-box-title\">3-12 Joints in der Tasche<\/h3>\n<p>Cannabis-Zigarren (aka Cannagars) brennen stundenlang. Sie halten bis zu 12x l\u00e4nger als der durchschnittliche Joint. Konzentriere dich darauf Spa\u00df zu haben und nicht den n\u00e4chsten Jay zu rollen.<\/p>\n<p><img decoding=\"async\" class=\"alignnone size-medium wp-image-32126\" src=\"https:\/\/www.donaulife.com\/wp-content\/uploads\/2021\/04\/2-221x300.png\" alt=\"\" width=\"221\" height=\"300\" \/><\/p>\n<h2>Der sanfteste Rauch, der m\u00f6glich ist<\/h2>\n<p>Der sanfteste Rauch, der m\u00f6glich ist, jedesmal. Genie\u00dfe den vollen Geschmack deiner Cannagar und nimm fettere Z\u00fcge.<\/p>\n<p><img decoding=\"async\" class=\"alignnone size-medium wp-image-32127\" src=\"https:\/\/www.donaulife.com\/wp-content\/uploads\/2021\/04\/4-221x300.png\" alt=\"\" width=\"221\" height=\"300\" \/><\/p>\n<h2>Die Freiheit zu individualisieren<\/h2>\n<p>Wenn du etwas richtig machen willst mache es selbst. Du kannst deine Cannabis Zigarre bauen wie du m\u00f6chtest und mit Wachs oder Kief individualisieren.<\/p>\n<p><iframe title=\"SMOKE LIKE A BOSS\" width=\"500\" height=\"281\" src=\"https:\/\/www.youtube.com\/embed\/4A5n0CSq1uw?feature=oembed\" frameborder=\"0\" allow=\"accelerometer; autoplay; clipboard-write; encrypted-media; gyroscope; picture-in-picture; web-share\" allowfullscreen><\/iframe><\/p>\n<h3>\u00dcber Purply Rose:<\/h3>\n<p>Wir kreieren au\u00dfergew\u00f6hnliche Cannabis-Accessoires, die das Raucherlebnis sowohl f\u00fcr den Gelegenheitsenthusiasten als auch f\u00fcr den Kenner verbessern.<\/p>\n<p><strong>Unsere Urspr\u00fcnge<\/strong><\/p>\n<p>Wir wurden von einem Cannabis-Kenner gegr\u00fcndet, der gerne jedes Wochenende mit seinen Freunden Joints rauchte, aber einen Weg suchte, diese Erfahrung noch weiter zu verbessern.<\/p>\n<p>Eine Cannabis-Zigarre (auch bekannt als Thai-Stick oder Cannagar) war das perfekte Werkzeug. Es war stilvoll, aber fast unerschwinglich. Cannagars kosten Hunderte von Dollar und werden vorgefertigt geliefert, was ihm nicht die Freiheit gab, sein Lieblingsprodukt je nach Anlass zu w\u00e4hlen, Konzentrate hinzuzuf\u00fcgen oder seine bevorzugten Rolling Papers auszuw\u00e4hlen.<\/p>\n<p>Nach vielen Recherchen und R\u00fcckmeldungen von anderen Kennern wurde die Cannagar-Form mit dem Gedanken an ein gehobenes Raucherlebnis entwickelt. Purple Rose Supply wurde geschaffen, um es mit dir zu teilen.<\/p>\n","protected":false},"excerpt":{"rendered":"<p>Purple Rose Cannagar Form zum selberbauen von Cannabis Zigarren Halte Deine gerollten Cannagars frisch mit unserer neuen CannaTube. Diese hat<\/p>\n","protected":false},"featured_media":39681,"comment_status":"open","ping_status":"closed","template":"","meta":{"_acf_changed":false},"product_cat":[2607,2489,2451,3244,2826,3389],"product_tag":[3390],"acf":[],"_links":{"self":[{"href":"https:\/\/donaulife-new.ogrisdigital.at\/fi\/wp-json\/wp\/v2\/product\/54652"}],"collection":[{"href":"https:\/\/donaulife-new.ogrisdigital.at\/fi\/wp-json\/wp\/v2\/product"}],"about":[{"href":"https:\/\/donaulife-new.ogrisdigital.at\/fi\/wp-json\/wp\/v2\/types\/product"}],"replies":[{"embeddable":true,"href":"https:\/\/donaulife-new.ogrisdigital.at\/fi\/wp-json\/wp\/v2\/comments?post=54652"}],"wp:featuredmedia":[{"embeddable":true,"href":"https:\/\/donaulife-new.ogrisdigital.at\/fi\/wp-json\/wp\/v2\/media\/39681"}],"wp:attachment":[{"href":"https:\/\/donaulife-new.ogrisdigital.at\/fi\/wp-json\/wp\/v2\/media?parent=54652"}],"wp:term":[{"taxonomy":"product_cat","embeddable":true,"href":"https:\/\/donaulife-new.ogrisdigital.at\/fi\/wp-json\/wp\/v2\/product_cat?post=54652"},{"taxonomy":"product_tag","embeddable":true,"href":"https:\/\/donaulife-new.ogrisdigital.at\/fi\/wp-json\/wp\/v2\/product_tag?post=54652"}],"curies":[{"name":"wp","href":"https:\/\/api.w.org\/{rel}","templated":true}]}}