{"id":54630,"date":"2023-06-21T14:29:33","date_gmt":"2023-06-21T14:29:33","guid":{"rendered":"https:\/\/donaulife-new.ogrisdigital.at\/produkt\/stuendenglass-ersatz-globe-fuer-kompakt\/"},"modified":"2025-01-15T07:07:37","modified_gmt":"2025-01-15T07:07:37","slug":"stuendenglass-ersatz-globe-fuer-kompakt","status":"publish","type":"product","link":"https:\/\/donaulife-new.ogrisdigital.at\/fi\/stuendenglass-ersatz-globe-fuer-kompakt\/","title":{"rendered":"ST\u00dcNDENGLASS Ersatz Globe f\u00fcr Kompakt"},"content":{"rendered":"<h1 class=\"title\">St\u00fcndenglass Ersatz Glas nur kompatibel f\u00fcr Kopakt<\/h1>\n<div>\n<p>Ersatz Glas f\u00fcr die St\u00fcndenglass Gravity Hookah Kompakt Wasserpfeife. Leicht abnehmbar und einfach zu reinigen.<\/p>\n<\/div>\n<div>\n<h2>Lieferumfang<\/h2>\n<p>1x Glas (kompakt)<\/p>\n<\/div>\n<div>\n<p>St\u00fcndenglass. Gravity Bong neu erfunden.<\/p>\n<\/div>\n<p>&nbsp;<\/p>\n","protected":false},"excerpt":{"rendered":"<p>St\u00fcndenglass Ersatz Glas nur kompatibel f\u00fcr Kopakt Ersatz Glas f\u00fcr die St\u00fcndenglass Gravity Hookah Kompakt Wasserpfeife. Leicht abnehmbar und einfach<\/p>\n","protected":false},"featured_media":33219,"comment_status":"open","ping_status":"open","template":"","meta":{"_acf_changed":false},"product_cat":[2459,2463,3285,2460],"product_tag":[3286],"acf":[],"_links":{"self":[{"href":"https:\/\/donaulife-new.ogrisdigital.at\/fi\/wp-json\/wp\/v2\/product\/54630"}],"collection":[{"href":"https:\/\/donaulife-new.ogrisdigital.at\/fi\/wp-json\/wp\/v2\/product"}],"about":[{"href":"https:\/\/donaulife-new.ogrisdigital.at\/fi\/wp-json\/wp\/v2\/types\/product"}],"replies":[{"embeddable":true,"href":"https:\/\/donaulife-new.ogrisdigital.at\/fi\/wp-json\/wp\/v2\/comments?post=54630"}],"wp:featuredmedia":[{"embeddable":true,"href":"https:\/\/donaulife-new.ogrisdigital.at\/fi\/wp-json\/wp\/v2\/media\/33219"}],"wp:attachment":[{"href":"https:\/\/donaulife-new.ogrisdigital.at\/fi\/wp-json\/wp\/v2\/media?parent=54630"}],"wp:term":[{"taxonomy":"product_cat","embeddable":true,"href":"https:\/\/donaulife-new.ogrisdigital.at\/fi\/wp-json\/wp\/v2\/product_cat?post=54630"},{"taxonomy":"product_tag","embeddable":true,"href":"https:\/\/donaulife-new.ogrisdigital.at\/fi\/wp-json\/wp\/v2\/product_tag?post=54630"}],"curies":[{"name":"wp","href":"https:\/\/api.w.org\/{rel}","templated":true}]}}