{"id":54619,"date":"2023-06-05T14:32:15","date_gmt":"2023-06-05T14:32:15","guid":{"rendered":"https:\/\/donaulife-new.ogrisdigital.at\/produkt\/gizeh-black-filter-tips-slim-2\/"},"modified":"2024-07-01T01:07:19","modified_gmt":"2024-07-01T01:07:19","slug":"gizeh-black-filter-tips-slim-2","status":"publish","type":"product","link":"https:\/\/donaulife-new.ogrisdigital.at\/fi\/gizeh-black-filter-tips-slim-2\/","title":{"rendered":"GIZEH Black Filter Tips slim"},"content":{"rendered":"<h2>Gizeh Papier Tips schmal<\/h2>\n<p>Die Gizeh Black Filter Tips slim sind Filter zum Drehen. Auf einer Seite befindet sich eine Perforierung damit sich der Tip besser eindrehen l\u00e4sst. Au\u00dferdem soft der Faserlauf der Filtertips f\u00fcr einen perfekt runden Filter a la &#8216;Gizeh&#8217;.<\/p>\n<h3>\u00dcber GIZEH:<\/h3>\n<p>Die Gizeh Raucherbedarf GmbH ist ein mittelst\u00e4ndisches Unternehmen mit Hauptsitz in Gummersbach (DE). Seit der Gr\u00fcndung im Jahre 1920 produziert Gizeh Eindrehfilter und Zubeh\u00f6r f\u00fcr das Drehen und Stopfen von Zigaretten.<\/p>\n<p>Seit der Gr\u00fcndung der Gizeh Zigarettenpapier-Verarbeitungs-Gesellschaft im Jahr 1920 hat sich Gizeh vom regionalen Anbieter in K\u00f6ln zu einem international handelnden Unternehmen entwickelt Im Zweiten Weltkrieg wurde der K\u00f6lner Standort zerst\u00f6rt, die Produktion ins Bergische Land ausgelagert. 1955 entstand dort auch der neue Hauptsitz des Unternehmens (Bergneustadt). Gizeh produzierte hier nicht nur Raucherbedarf, sondern auch Verpackungen (heute Gizeh Verpackungen) und Lochkarten. Zu Beginn der 1980er Jahre errichtete Gizeh die Produktionsstandorte in Frankreich (Filterh\u00fclsen) und \u00d6sterreich (Bl\u00e4ttchen).<\/p>\n","protected":false},"excerpt":{"rendered":"<p>Gizeh Papier Tips schmal Die Gizeh Black Filter Tips slim sind Filter zum Drehen. Auf einer Seite befindet sich eine<\/p>\n","protected":false},"featured_media":17134,"comment_status":"open","ping_status":"open","template":"","meta":{"_acf_changed":false},"product_cat":[2489,2499,2500,2756,2451],"product_tag":[2757],"acf":[],"_links":{"self":[{"href":"https:\/\/donaulife-new.ogrisdigital.at\/fi\/wp-json\/wp\/v2\/product\/54619"}],"collection":[{"href":"https:\/\/donaulife-new.ogrisdigital.at\/fi\/wp-json\/wp\/v2\/product"}],"about":[{"href":"https:\/\/donaulife-new.ogrisdigital.at\/fi\/wp-json\/wp\/v2\/types\/product"}],"replies":[{"embeddable":true,"href":"https:\/\/donaulife-new.ogrisdigital.at\/fi\/wp-json\/wp\/v2\/comments?post=54619"}],"wp:featuredmedia":[{"embeddable":true,"href":"https:\/\/donaulife-new.ogrisdigital.at\/fi\/wp-json\/wp\/v2\/media\/17134"}],"wp:attachment":[{"href":"https:\/\/donaulife-new.ogrisdigital.at\/fi\/wp-json\/wp\/v2\/media?parent=54619"}],"wp:term":[{"taxonomy":"product_cat","embeddable":true,"href":"https:\/\/donaulife-new.ogrisdigital.at\/fi\/wp-json\/wp\/v2\/product_cat?post=54619"},{"taxonomy":"product_tag","embeddable":true,"href":"https:\/\/donaulife-new.ogrisdigital.at\/fi\/wp-json\/wp\/v2\/product_tag?post=54619"}],"curies":[{"name":"wp","href":"https:\/\/api.w.org\/{rel}","templated":true}]}}