{"id":54535,"date":"2023-05-17T14:44:39","date_gmt":"2023-05-17T14:44:39","guid":{"rendered":"https:\/\/donaulife-new.ogrisdigital.at\/produkt\/stuendenglass-maintenance-kit-fuer-kompakt\/"},"modified":"2025-01-15T07:07:44","modified_gmt":"2025-01-15T07:07:44","slug":"stuendenglass-maintenance-kit-fuer-kompakt","status":"publish","type":"product","link":"https:\/\/donaulife-new.ogrisdigital.at\/fi\/stuendenglass-maintenance-kit-fuer-kompakt\/","title":{"rendered":"ST\u00dcNDENGLASS Maintenance Kit f\u00fcr kompakt"},"content":{"rendered":"<h1 class=\"title\">St\u00fcndenglass Gravity Hookah Maintenance Kit kompact<\/h1>\n<div>\n<div>\n<p>Ein komplettes Set f\u00fcr die gr\u00fcndliche Instandhaltung der St\u00fcndenglass kompakt. Dieses Set enth\u00e4lt einen Inbusschl\u00fcssel, Ersatz-Dichtungsringe, Ventildichtungen und H\u00fclsen.<\/p>\n<\/div>\n<\/div>\n<div>\n<p><span style=\"font-size: 14.4px;\">St\u00fcndenglass. Gravity Bong neu erfunden.<\/span><\/p>\n<\/div>\n<p>&nbsp;<\/p>\n","protected":false},"excerpt":{"rendered":"<p>St\u00fcndenglass Gravity Hookah Maintenance Kit kompact Ein komplettes Set f\u00fcr die gr\u00fcndliche Instandhaltung der St\u00fcndenglass kompakt. Dieses Set enth\u00e4lt einen<\/p>\n","protected":false},"featured_media":39246,"comment_status":"open","ping_status":"open","template":"","meta":{"_acf_changed":false},"product_cat":[2459,2463,3285,2460],"product_tag":[3286],"acf":[],"_links":{"self":[{"href":"https:\/\/donaulife-new.ogrisdigital.at\/fi\/wp-json\/wp\/v2\/product\/54535"}],"collection":[{"href":"https:\/\/donaulife-new.ogrisdigital.at\/fi\/wp-json\/wp\/v2\/product"}],"about":[{"href":"https:\/\/donaulife-new.ogrisdigital.at\/fi\/wp-json\/wp\/v2\/types\/product"}],"replies":[{"embeddable":true,"href":"https:\/\/donaulife-new.ogrisdigital.at\/fi\/wp-json\/wp\/v2\/comments?post=54535"}],"wp:featuredmedia":[{"embeddable":true,"href":"https:\/\/donaulife-new.ogrisdigital.at\/fi\/wp-json\/wp\/v2\/media\/39246"}],"wp:attachment":[{"href":"https:\/\/donaulife-new.ogrisdigital.at\/fi\/wp-json\/wp\/v2\/media?parent=54535"}],"wp:term":[{"taxonomy":"product_cat","embeddable":true,"href":"https:\/\/donaulife-new.ogrisdigital.at\/fi\/wp-json\/wp\/v2\/product_cat?post=54535"},{"taxonomy":"product_tag","embeddable":true,"href":"https:\/\/donaulife-new.ogrisdigital.at\/fi\/wp-json\/wp\/v2\/product_tag?post=54535"}],"curies":[{"name":"wp","href":"https:\/\/api.w.org\/{rel}","templated":true}]}}