{"id":54533,"date":"2023-05-17T14:21:43","date_gmt":"2023-05-17T14:21:43","guid":{"rendered":"https:\/\/donaulife-new.ogrisdigital.at\/produkt\/stuendenglass-uplight\/"},"modified":"2025-01-15T07:07:49","modified_gmt":"2025-01-15T07:07:49","slug":"stuendenglass-uplight","status":"publish","type":"product","link":"https:\/\/donaulife-new.ogrisdigital.at\/fi\/stuendenglass-uplight\/","title":{"rendered":"ST\u00dcNDENGLASS Uplight"},"content":{"rendered":"<h1 class=\"title\">St\u00fcndenglass Uplight<\/h1>\n<div>\n<div class=\"rey-productSummary\">\n<div class=\"summary entry-summary\">\n<nav class=\"rey-breadcrumbs\">\n<div class=\"rey-breadcrumbs-item\">\n<p>Bringen Sie mit dem LED Uplight etwas Licht in Ihr St\u00fcndenglas! Dieser LED-Puck passt genau in die Basis jeder gro\u00dfen St\u00fcndenglass und beleuchtet den unteren Globe mit sieben verschiedenen Farben und pulsierenden oder verblassenden Modi. Die Ein-Knopf-Bedienung und das Aufladen \u00fcber USB-C sorgen f\u00fcr eine einfache Bedienung und Steuerung.<\/p>\n<p>USB-Typ-C-Ladekabel im Lieferumfang enthalten<\/p>\n<p>* Nicht kompatibel mit Kompakt<\/p>\n<\/div>\n<\/nav>\n<\/div>\n<\/div>\n<\/div>\n<div>\n<h2>Lieferumfang<\/h2>\n<p>1x Uplight<\/p>\n<p>1x USB-C Ladekabel<\/p>\n<\/div>\n<div>\n<p>St\u00fcndenglass. Gravity Bong neu erfunden.<\/p>\n<\/div>\n<p>&nbsp;<\/p>\n","protected":false},"excerpt":{"rendered":"<p>St\u00fcndenglass Uplight Bringen Sie mit dem LED Uplight etwas Licht in Ihr St\u00fcndenglas! Dieser LED-Puck passt genau in die Basis<\/p>\n","protected":false},"featured_media":39184,"comment_status":"open","ping_status":"open","template":"","meta":{"_acf_changed":false},"product_cat":[2459,2463,3285,2460],"product_tag":[3286],"acf":[],"_links":{"self":[{"href":"https:\/\/donaulife-new.ogrisdigital.at\/fi\/wp-json\/wp\/v2\/product\/54533"}],"collection":[{"href":"https:\/\/donaulife-new.ogrisdigital.at\/fi\/wp-json\/wp\/v2\/product"}],"about":[{"href":"https:\/\/donaulife-new.ogrisdigital.at\/fi\/wp-json\/wp\/v2\/types\/product"}],"replies":[{"embeddable":true,"href":"https:\/\/donaulife-new.ogrisdigital.at\/fi\/wp-json\/wp\/v2\/comments?post=54533"}],"wp:featuredmedia":[{"embeddable":true,"href":"https:\/\/donaulife-new.ogrisdigital.at\/fi\/wp-json\/wp\/v2\/media\/39184"}],"wp:attachment":[{"href":"https:\/\/donaulife-new.ogrisdigital.at\/fi\/wp-json\/wp\/v2\/media?parent=54533"}],"wp:term":[{"taxonomy":"product_cat","embeddable":true,"href":"https:\/\/donaulife-new.ogrisdigital.at\/fi\/wp-json\/wp\/v2\/product_cat?post=54533"},{"taxonomy":"product_tag","embeddable":true,"href":"https:\/\/donaulife-new.ogrisdigital.at\/fi\/wp-json\/wp\/v2\/product_tag?post=54533"}],"curies":[{"name":"wp","href":"https:\/\/api.w.org\/{rel}","templated":true}]}}