{"id":54503,"date":"2023-04-26T14:04:00","date_gmt":"2023-04-26T14:04:00","guid":{"rendered":"https:\/\/donaulife-new.ogrisdigital.at\/produkt\/carb-cap-crazy-cyclone-cap-o-30mm\/"},"modified":"2024-07-01T01:06:12","modified_gmt":"2024-07-01T01:06:12","slug":"carb-cap-crazy-cyclone-cap-o-30mm","status":"publish","type":"product","link":"https:\/\/donaulife-new.ogrisdigital.at\/fi\/carb-cap-crazy-cyclone-cap-o-30mm\/","title":{"rendered":"Carb Cap &#8216;Crazy&#8217; Cyclone Cap | \u00d8 30mm"},"content":{"rendered":"<h2>Carb Cyclone Cap Color<\/h2>\n<p>Decke den Banger deiner \u00d6l-Bong mit dieser Carb Cap &#8220;Crazy&#8221; ab, und erreiche so, dass die Temperatur in der Glaspfanne nicht so sehr hei\u00df ist, wenn das \u00d6l zu Sieden beginnt. K\u00fchlere Dabs geben k\u00fchleren Rauch ab. Das ist angenehmer und genussvoller. Die Riffelung an den R\u00e4ndern gew\u00e4hrleistet einen guten Grip und angenehme Handhabung.<\/p>\n<p>Die Carb Cap im ist aus hitzebest\u00e4ndigem Borosilikatglas.<\/p>\n<p>&nbsp;<\/p>\n","protected":false},"excerpt":{"rendered":"<p>Carb Cyclone Cap Color Decke den Banger deiner \u00d6l-Bong mit dieser Carb Cap &#8220;Crazy&#8221; ab, und erreiche so, dass die<\/p>\n","protected":false},"featured_media":39070,"comment_status":"open","ping_status":"closed","template":"","meta":{"_acf_changed":false},"product_cat":[3991,2549],"product_tag":[3272],"acf":[],"_links":{"self":[{"href":"https:\/\/donaulife-new.ogrisdigital.at\/fi\/wp-json\/wp\/v2\/product\/54503"}],"collection":[{"href":"https:\/\/donaulife-new.ogrisdigital.at\/fi\/wp-json\/wp\/v2\/product"}],"about":[{"href":"https:\/\/donaulife-new.ogrisdigital.at\/fi\/wp-json\/wp\/v2\/types\/product"}],"replies":[{"embeddable":true,"href":"https:\/\/donaulife-new.ogrisdigital.at\/fi\/wp-json\/wp\/v2\/comments?post=54503"}],"wp:featuredmedia":[{"embeddable":true,"href":"https:\/\/donaulife-new.ogrisdigital.at\/fi\/wp-json\/wp\/v2\/media\/39070"}],"wp:attachment":[{"href":"https:\/\/donaulife-new.ogrisdigital.at\/fi\/wp-json\/wp\/v2\/media?parent=54503"}],"wp:term":[{"taxonomy":"product_cat","embeddable":true,"href":"https:\/\/donaulife-new.ogrisdigital.at\/fi\/wp-json\/wp\/v2\/product_cat?post=54503"},{"taxonomy":"product_tag","embeddable":true,"href":"https:\/\/donaulife-new.ogrisdigital.at\/fi\/wp-json\/wp\/v2\/product_tag?post=54503"}],"curies":[{"name":"wp","href":"https:\/\/api.w.org\/{rel}","templated":true}]}}