{"id":54454,"date":"2023-02-23T08:56:59","date_gmt":"2023-02-23T08:56:59","guid":{"rendered":"https:\/\/donaulife-new.ogrisdigital.at\/produkt\/arizer-air-max-kraeuter\/"},"modified":"2024-07-01T01:05:39","modified_gmt":"2024-07-01T01:05:39","slug":"arizer-air-max-kraeuter","status":"publish","type":"product","link":"https:\/\/donaulife-new.ogrisdigital.at\/fi\/arizer-air-max-kraeuter\/","title":{"rendered":"ARIZER Air Max | Kr\u00e4uter"},"content":{"rendered":"<div class=\"grid12-12\">\n<div class=\"grid12-12\">\n<h2>Highlights<\/h2>\n<ul>\n<li>Mehrzweck-Kr\u00e4uterverdampfer<\/li>\n<li>Original Glas-Pod-System<\/li>\n<li>Schnell-Heiz-Keramik-Technologie<\/li>\n<li>Dunkel-Modus f\u00fcr eine diskrete Nutzung<\/li>\n<li>Schnell-USB-C Ladekabel<\/li>\n<li>Glasmundst\u00fcck vorab bef\u00fcllbar f\u00fcr unterwegs<\/li>\n<li>Isolierter Luftpfad<\/li>\n<li>Temperatur-Alarm-Funktion<\/li>\n<\/ul>\n<h2>Brandneu von Arizer<\/h2>\n<p>Der Air MAX Trockenkr\u00e4uterverdampfer von Arizer mit verbesserten benutzerdefinierten Sitzungseinstellungen, automatischer Bildschirmumkehrung, Dark Mode, neuer schnell aufheizender Keramiktechnologie, schnellem USB-C-Laden und einem leistungsstarken 26650-Lithium-Ionen-Akku.<\/p>\n<h2>MAX Control<\/h2>\n<p>Mit den Custom Session Settings l\u00e4sst sich das Ger\u00e4t ganz individuell einstellen. Die Einstellungen f\u00fcr den normalen und den dunklen Modus werden separat gespeichert und sind sofort einsatzbereit.<\/p>\n<h2>Dunkelmodus<\/h2>\n<p>Zur Schonung der Augen in der Dunkelheit kann in den Dark Mode gewechselt werden &#8211; eine lichtschwache Symboldarstellung mit verk\u00fcrzten benutzerdefinierten Sitzungseinstellungen &#8211; f\u00fcr eine unauff\u00e4llige Nutzung.<\/p>\n<h2>MAX Power<\/h2>\n<p>Der Air MAX verf\u00fcgt \u00fcber einen wiederaufladbaren, austauschbaren 26650-Lithium-Ionen-Akku mit hoher Kapazit\u00e4t, der bis zu 2 \u00bc Stunden Betriebszeit pro Ladung, schnelles USB-C-Laden (bis zu 90 % in zwei Stunden) und die Funktion &#8220;Use While Charging&#8221; bietet.<\/p>\n<h2>MAX Performance<\/h2>\n<p>Fortschrittliche, schnell aufheizende Keramiktechnologie heizt in weniger als 60 Sekunden auf. Pr\u00e4zise 1-Grad-Temperaturregelung mit einem gro\u00dfen Bereich (50\u00b0 &#8211; 220\u00b0 Celsius \/ 122\u00b0 &#8211; 428\u00b0 Fahrenheit). Stellen Sie die optimale Temperatur f\u00fcr Ihre Lieblingskr\u00e4uter ein: F\u00fcr ein sanftes und schmackhaftes Erlebnis w\u00e4hlen Sie 180-200\u00b0 Celsius (356-392\u00b0 Fahrenheit), oder f\u00fcr eine st\u00e4rkere und schnellere Extraktion 200-220\u00b0 Celsius (392-428\u00b0 Fahrenheit).<\/p>\n<p><strong>Lieferumfang<\/strong><br \/>\n1x AirMax Vaporizer<br \/>\n2x Mundst\u00fcck<br \/>\n1x Potpourri Halter<br \/>\n1x Edelstahlsiebchen Set<br \/>\n1x Ladeger\u00e4t\/USB\/Power Adapter<br \/>\n1x R\u00fchrstab<br \/>\nPVC Travel Tubes<br \/>\n1x Bedienungsanleitung<\/p>\n<\/div>\n<\/div>\n","protected":false},"excerpt":{"rendered":"<p>Highlights Mehrzweck-Kr\u00e4uterverdampfer Original Glas-Pod-System Schnell-Heiz-Keramik-Technologie Dunkel-Modus f\u00fcr eine diskrete Nutzung Schnell-USB-C Ladekabel Glasmundst\u00fcck vorab bef\u00fcllbar f\u00fcr unterwegs Isolierter Luftpfad Temperatur-Alarm-Funktion<\/p>\n","protected":false},"featured_media":38914,"comment_status":"open","ping_status":"closed","template":"","meta":{"_acf_changed":false},"product_cat":[2625,2623],"product_tag":[],"acf":[],"_links":{"self":[{"href":"https:\/\/donaulife-new.ogrisdigital.at\/fi\/wp-json\/wp\/v2\/product\/54454"}],"collection":[{"href":"https:\/\/donaulife-new.ogrisdigital.at\/fi\/wp-json\/wp\/v2\/product"}],"about":[{"href":"https:\/\/donaulife-new.ogrisdigital.at\/fi\/wp-json\/wp\/v2\/types\/product"}],"replies":[{"embeddable":true,"href":"https:\/\/donaulife-new.ogrisdigital.at\/fi\/wp-json\/wp\/v2\/comments?post=54454"}],"wp:featuredmedia":[{"embeddable":true,"href":"https:\/\/donaulife-new.ogrisdigital.at\/fi\/wp-json\/wp\/v2\/media\/38914"}],"wp:attachment":[{"href":"https:\/\/donaulife-new.ogrisdigital.at\/fi\/wp-json\/wp\/v2\/media?parent=54454"}],"wp:term":[{"taxonomy":"product_cat","embeddable":true,"href":"https:\/\/donaulife-new.ogrisdigital.at\/fi\/wp-json\/wp\/v2\/product_cat?post=54454"},{"taxonomy":"product_tag","embeddable":true,"href":"https:\/\/donaulife-new.ogrisdigital.at\/fi\/wp-json\/wp\/v2\/product_tag?post=54454"}],"curies":[{"name":"wp","href":"https:\/\/api.w.org\/{rel}","templated":true}]}}