{"id":54438,"date":"2023-02-22T11:51:11","date_gmt":"2023-02-22T11:51:11","guid":{"rendered":"https:\/\/donaulife-new.ogrisdigital.at\/produkt\/love-mary-like-juana-smart-hygrometer\/"},"modified":"2025-01-15T07:08:10","modified_gmt":"2025-01-15T07:08:10","slug":"love-mary-like-juana-smart-hygrometer","status":"publish","type":"product","link":"https:\/\/donaulife-new.ogrisdigital.at\/fi\/love-mary-like-juana-smart-hygrometer\/","title":{"rendered":"LOVE MARY LIKE JUANA Smart Hygrometer | Bluetooth"},"content":{"rendered":"<h3>Smart App<\/h3>\n<p>Mary in a Bottle goes smart. Mit Hilfe unseres Bluetooth App Sensor kannst du nun die Luftfeuchtigkeit und Temperatur deiner Bl\u00fcten auch vom deinem Smartphone aus kontrollieren und \u00fcberwachen. Zus\u00e4tzlich kannst du in der App eine Alarmfunktion setzen, die dich sofort benachrichtigt, sobald die Luftfeuchtigkeit in deiner Mary in a Bottle zu niedrig ist. Kompatibel f\u00fcr alle 500ml \u2013 2000ml Varianten und die Magnifying Mary.<\/p>\n<h3>100% Kontrolle<\/h3>\n<p>Die integrierte App zeichnet jederlei Schwankungen auf und f\u00fchrt Statistiken zusammen. Insgesamt kannst du bis zu 100 Sensoren in deiner App individuell anlegen.<\/p>\n<h3>Start-Up Unterst\u00fctzen<\/h3>\n<p>Innovative Produkte kaufen und ein junges Start-Up unterst\u00fctzen? Dann bist du bei uns an der richtigen Adresse, denn wir sind ein in 2019 am 420-Day gestartetes Jungunternehmen aus K\u00f6ln.<\/p>\n<p>&nbsp;<\/p>\n<ul>\n<li>1x Bluetooth App Sensor misst Luftfeuchtigkeit und Temperatur<\/li>\n<li>Inklusive App mit Alarmbenachrichtigung<\/li>\n<li>Verf\u00fcgbar f\u00fcr App Store<\/li>\n<li>Verf\u00fcgbar f\u00fcr Android<\/li>\n<li>Ma\u00dfe: 3,5\u00a0x 3,5cm<\/li>\n<li>Kompatibel f\u00fcr 500 ml, 1000 ml, 2000 ml Mary in a Bottle &amp; Magnifying Mary<\/li>\n<\/ul>\n<p>Wie lagert man jetzt am besten die hochwertigen Bl\u00fcten? Hier nochmal ein ausf\u00fchrlicher Beitrag vom Hersteller:<\/p>\n<p><a href=\"https:\/\/lovemarylikejuana.eu\/cannabis-richtig-lagern-und-aufbewahren\/\" target=\"_blank\" rel=\"noopener\">Mary richtig lagern<\/a><\/p>\n<h2>\u00dcber Love Mary like Juana:<\/h2>\n<p><strong>Wo bewahrst du dein Gras auf ?!<br \/>\n<\/strong><br \/>\nMit dieser Frage hat alles begonnen.<\/p>\n<p>W\u00e4hrend Marc, einer der beiden Gr\u00fcnder, vorher eine Blechdose zur Aufbewahrung genutzt hatte, griff Marcus, der Co.-Gr\u00fcnder, auf Opa&#8217;s alte Pfeifenbox zur\u00fcck.<br \/>\nDoch was f\u00fcr Alternativen gab es vor der &#8216;Mary in a Bottle&#8217; ?<br \/>\nWer kennt nicht die Anf\u00e4nge von Alufolie, Plastikt\u00fcte und Co. ?!<br \/>\nAuch alte Einmachgl\u00e4ser, Tupperdosen oder Versteckdosen aus Aluminium werden dieser heiligen Pflanze nicht gerecht.<br \/>\nWarum nicht also ein hochwertiges, auf die Eigenschaften von Cannabisbl\u00fcten angepasstes Aufbewahrungsgef\u00e4\u00df kreieren ?!<br \/>\nDoch das Auge isst bekanntlich mit: Also muss es auch mit einem speziellen Look bestechen. Einem, der an die medizinische Vergangenheit dieser Heilpflanze erinnert &#8211; Funktionalit\u00e4t und Design vereint.<br \/>\nSo entstand die Idee der &#8216;Mary in a Bottle&#8217; im Sommer 2018 und wird bis heute fort gelebt.<\/p>\n","protected":false},"excerpt":{"rendered":"<p>Smart App Mary in a Bottle goes smart. Mit Hilfe unseres Bluetooth App Sensor kannst du nun die Luftfeuchtigkeit und<\/p>\n","protected":false},"featured_media":38841,"comment_status":"open","ping_status":"closed","template":"","meta":{"_acf_changed":false},"product_cat":[2607,2566,3075,2451,2825],"product_tag":[3271],"acf":[],"_links":{"self":[{"href":"https:\/\/donaulife-new.ogrisdigital.at\/fi\/wp-json\/wp\/v2\/product\/54438"}],"collection":[{"href":"https:\/\/donaulife-new.ogrisdigital.at\/fi\/wp-json\/wp\/v2\/product"}],"about":[{"href":"https:\/\/donaulife-new.ogrisdigital.at\/fi\/wp-json\/wp\/v2\/types\/product"}],"replies":[{"embeddable":true,"href":"https:\/\/donaulife-new.ogrisdigital.at\/fi\/wp-json\/wp\/v2\/comments?post=54438"}],"wp:featuredmedia":[{"embeddable":true,"href":"https:\/\/donaulife-new.ogrisdigital.at\/fi\/wp-json\/wp\/v2\/media\/38841"}],"wp:attachment":[{"href":"https:\/\/donaulife-new.ogrisdigital.at\/fi\/wp-json\/wp\/v2\/media?parent=54438"}],"wp:term":[{"taxonomy":"product_cat","embeddable":true,"href":"https:\/\/donaulife-new.ogrisdigital.at\/fi\/wp-json\/wp\/v2\/product_cat?post=54438"},{"taxonomy":"product_tag","embeddable":true,"href":"https:\/\/donaulife-new.ogrisdigital.at\/fi\/wp-json\/wp\/v2\/product_tag?post=54438"}],"curies":[{"name":"wp","href":"https:\/\/api.w.org\/{rel}","templated":true}]}}