{"id":54381,"date":"2023-02-16T09:22:04","date_gmt":"2023-02-16T09:22:04","guid":{"rendered":"https:\/\/donaulife-new.ogrisdigital.at\/produkt\/lauren-rose-the-collection-snapback-flat-cap-ak-47\/"},"modified":"2024-07-01T01:04:54","modified_gmt":"2024-07-01T01:04:54","slug":"lauren-rose-the-collection-snapback-flat-cap-ak-47","status":"publish","type":"product","link":"https:\/\/donaulife-new.ogrisdigital.at\/fi\/lauren-rose-the-collection-snapback-flat-cap-ak-47\/","title":{"rendered":"LAUREN ROSE The Collection Snapback Flat Cap | AK-47"},"content":{"rendered":"<h2>Lauren Rose Flat Snapback Cap<\/h2>\n<p>Lauren Rose hat sich von Mary Jane inspirieren lassen und eine 3D AK47 Stickerei auf der Vorderseite entworfen, die dieses Modell zu einem Mary Jane Sammlerst\u00fcck macht. Wenn du ein Highroller bist, wirst du den gestickten Aufn\u00e4her auf der Vorderseite mit einer AK47 sp\u00fcren. Der Text &#8216;AK47&#8217; ist in 3D gestickt.<\/p>\n<p>Das Logo ist mit einem Rauchaufdruck unterlegt. Wenn du darauf schaust, siehst du das leichte Maschinengewehr Ak47, was bedeutet, dass es keinen Krieg mehr gegen das Kiffen gibt, und die St\u00e4rke der Sorte AK47.<\/p>\n<p>Diese M\u00fctze hat eine Besonderheit: eine HIDDEN POCKET, in der dein Gras in einer stilvollen Tasche verschwindet.<\/p>\n<p>Die Innenseite besteht aus einem Seidenstoff mit einem &#8220;dunkelgr\u00fcnen Knospen&#8221;-Druck, der sich auf diese Gras-Sorte bezieht. Das macht diesen Hut zu einem exklusiven High-End Lauren Rose Snapback! Es ist definitiv eine der besten M\u00f6glichkeiten, es zu verstecken. Dies ist m\u00f6glich, weil der versteckten Stash Tasche im Inneren des Hutes. Es ist eine weitere gro\u00dfartige Erg\u00e4nzung zu Ihrer 420 Hut Sammlung.<\/p>\n<p>Wenn du ein Hardcore-Cannabis-Sammler oder Kiffer bist, darfst du dir diesen tollen Hut auf keinen Fall entgehen lassen. Unterst\u00fctze Deinen Kiffer-Stil mit diesem unangefochtenen AK47 Allover-Print-Hut der 420er-Szene.<\/p>\n<p><strong>Hut:<\/strong> Allover-Druck im W\u00fcsten-Camo-Muster, normale Passform,<br \/>\n<strong>Vorderes Logo:<\/strong> AK47 3D-Stickerei mit goldenem Umriss,<br \/>\n<strong>Seiten-Logo:<\/strong> Das ber\u00fchmte Lauren Rose 420 Logo<br \/>\n<strong>Besonderes Merkmal 1:<\/strong> Versteckte Tasche<br \/>\n<strong>Besonderheit 2:<\/strong> Innenseite der M\u00fctze: Die Innenseite enth\u00e4lt einen Seidenstoff mit einem &#8220;dunkelgr\u00fcnen Knospen&#8221;-Druck, der sich auf diesen Weed-Stamm bezieht. Dies macht diese M\u00fctze zu einem exklusiven High-End Lauren Rose Snapback!<br \/>\n<strong>R\u00fcckseite der M\u00fctze:<\/strong> Dies ist ein Snapback<br \/>\n<strong>Innenfutter:<\/strong> Lauren Rose Innenfutter<br \/>\n<strong>Visier:<\/strong> Gerade Visor all over Druck camo<\/p>\n<h3>\u00dcber Lauren Rose:<\/h3>\n<p>Das Label Lauren Rose wurde in Amsterdam gegr\u00fcndet. Das LR Unternehmen startete eine kleine Eigenmarke. Ihr Ursprung liegt im BMX-, Skateboard- und Snowboard-Lifestyle und sie f\u00fchrten Performance-Basics wie T-Shirts, Crew&#8217;s und Hoody&#8217;s sowie kreative Headwear.<br \/>\nAus diesem Schmelztiegel aus Clubszene, Rennstrecken und Attit\u00fcde entstand 2009 die LR-Bewegung, die den Stil der Lauren Rose Styles entwickelte, wie wir ihn heute kennen.<br \/>\nUm den Erwartungen an hochwertige Kopfbedeckungen gerecht zu werden, gr\u00fcndeten sie eine junge Gruppe von Designern, die ihrem Image gerecht werden und unsere Gesellschaft und gemischten Kulturen widerspiegeln.<br \/>\nDie Designs, die Auswahl der Materialien und die Passform sprechen viele junge Leute an. Die Kollektionen sind vielf\u00e4ltig, wechselnd und richtungsweisend.<\/p>\n","protected":false},"excerpt":{"rendered":"<p>Lauren Rose Flat Snapback Cap Lauren Rose hat sich von Mary Jane inspirieren lassen und eine 3D AK47 Stickerei auf<\/p>\n","protected":false},"featured_media":38469,"comment_status":"open","ping_status":"open","template":"","meta":{"_acf_changed":false},"product_cat":[3180],"product_tag":[3652],"acf":[],"_links":{"self":[{"href":"https:\/\/donaulife-new.ogrisdigital.at\/fi\/wp-json\/wp\/v2\/product\/54381"}],"collection":[{"href":"https:\/\/donaulife-new.ogrisdigital.at\/fi\/wp-json\/wp\/v2\/product"}],"about":[{"href":"https:\/\/donaulife-new.ogrisdigital.at\/fi\/wp-json\/wp\/v2\/types\/product"}],"replies":[{"embeddable":true,"href":"https:\/\/donaulife-new.ogrisdigital.at\/fi\/wp-json\/wp\/v2\/comments?post=54381"}],"wp:featuredmedia":[{"embeddable":true,"href":"https:\/\/donaulife-new.ogrisdigital.at\/fi\/wp-json\/wp\/v2\/media\/38469"}],"wp:attachment":[{"href":"https:\/\/donaulife-new.ogrisdigital.at\/fi\/wp-json\/wp\/v2\/media?parent=54381"}],"wp:term":[{"taxonomy":"product_cat","embeddable":true,"href":"https:\/\/donaulife-new.ogrisdigital.at\/fi\/wp-json\/wp\/v2\/product_cat?post=54381"},{"taxonomy":"product_tag","embeddable":true,"href":"https:\/\/donaulife-new.ogrisdigital.at\/fi\/wp-json\/wp\/v2\/product_tag?post=54381"}],"curies":[{"name":"wp","href":"https:\/\/api.w.org\/{rel}","templated":true}]}}