{"id":54373,"date":"2023-02-14T15:08:02","date_gmt":"2023-02-14T15:08:02","guid":{"rendered":"https:\/\/donaulife-new.ogrisdigital.at\/produkt\/lauren-rose-the-collection-snapback-trucker-cap-elevated-grizzly\/"},"modified":"2024-07-01T01:04:45","modified_gmt":"2024-07-01T01:04:45","slug":"lauren-rose-the-collection-snapback-trucker-cap-elevated-grizzly","status":"publish","type":"product","link":"https:\/\/donaulife-new.ogrisdigital.at\/fi\/lauren-rose-the-collection-snapback-trucker-cap-elevated-grizzly\/","title":{"rendered":"LAUREN ROSE The Collection Snapback Trucker Cap | Elevated Grizzly"},"content":{"rendered":"<h2>Lauren Rose Trucker Snapback Cap<\/h2>\n<p>Diese erh\u00f6hte Grizzly Mesh Trucker Hut hat ein St\u00fcck Zeitung auf der Vorderseite mit der Propuesta 64 California Law gedruckt. Das erlaubt Kaliforniern, die 21 und \u00e4lter sind, bis zu 28,5 Gramm Marihuana zu besitzen, zu transportieren und zu kaufen und es f\u00fcr Freizeitzwecke zu verwenden. Zusammen mit dem Druck schwarzer Rosen hat Lauren Rose diesen einzigartigen Hut zu Ehren dieses kalifornischen Gesetzes entworfen.<\/p>\n<p>Der erh\u00f6hte Grizzly-Mesh-Hut ist ein Trucker-Hut in Premium-Qualit\u00e4t. Ausgestattet mit hochwertigen bedruckten braunen Mesh f\u00fcr eine echte und komfortable Passform. Die Zahl 420 (gedruckt auf den 2 Innenseiten der Vorderseite) hat einen besonderen Platz in den Herzen der Marihuana-Raucher.<\/p>\n<p>Wir haben einen Hut entworfen, der das Erbe der 420 aus den fr\u00fchen 70er Jahren mit der heutigen Cannabis-Community verbindet. Auf der Vorderseite des khakifarbenen Truck-Fit-Hutes ist der Cali Grizzly in &#8220;erh\u00f6hter&#8221; Form aufgestickt.<\/p>\n<p>Der Grizzlyb\u00e4r ist ein bekanntes kalifornisches Symbol. Schlie\u00dflich ist er auf der Staatsflagge zu sehen. Auf dem hinteren Mesh der Truck-Fit M\u00fctze findet sich der f\u00fcnfzackige Stern von Kalifornien als Print. Das ovale, ber\u00fchmte Lauren Rose 420-Logo ist in khaki auf die R\u00fcckseite dieses Hutes gestickt.<\/p>\n<p>Der erh\u00f6hte Grizzly-Hut ist das Gadget, um die Garderobe f\u00fcr Raucher zu erhellen, auf der Seite des Hutes, finden Sie ein Etikett, das eine M\u00fcnze oder Spliff halten kann. Dieses Etikett ist mit WARNING Grizzlyb\u00e4r Aktivit\u00e4t gedruckt ist HIGH, eine weitere gro\u00dfartige Erg\u00e4nzung zu Ihrem 420 Hut Sammlung.<\/p>\n<p><strong>Hut:<\/strong> Khaki, schwarz brauner Trucker Hut<br \/>\n<strong>Innenseite des Hutes:<\/strong> Die Innenseite besteht aus einem Seidenstoff mit dem Lauren Rose 420 Druck. Dies macht diesen Hut zu einem exklusiven High-End Lauren Rose Snapback!<br \/>\n<strong>R\u00fcckseite:<\/strong> Snapback, das ber\u00fchmte ovale 420 Lauren Rose Logo gestickt, der f\u00fcnfzackige Stern von Kalifornien auf dem Mesh gedruckt<br \/>\n<strong>Vorderseite:<\/strong> Logo: Erhabener Grizzly in 3D-Stickerei, ein St\u00fcck Zeitung auf der Vorderseite mit dem Propuesta 64 California Law<br \/>\n<strong>Seitliches Logo:<\/strong> Ein Etikett, das eine M\u00fcnze oder einen Spliff aufnehmen kann. Dieses Etikett ist mit WARNING grizzly bear activity is HIGH bedruckt,<br \/>\n<strong>Visier:<\/strong> Curved Visor mit Lauren Rose ihre schwarze Rose<\/p>\n<h3>\u00dcber Lauren Rose:<\/h3>\n<p>Das Label Lauren Rose wurde in Amsterdam gegr\u00fcndet. Das LR Unternehmen startete eine kleine Eigenmarke. Ihr Ursprung liegt im BMX-, Skateboard- und Snowboard-Lifestyle und sie f\u00fchrten Performance-Basics wie T-Shirts, Crew&#8217;s und Hoody&#8217;s sowie kreative Headwear.<br \/>\nAus diesem Schmelztiegel aus Clubszene, Rennstrecken und Attit\u00fcde entstand 2009 die LR-Bewegung, die den Stil der Lauren Rose Styles entwickelte, wie wir ihn heute kennen.<br \/>\nUm den Erwartungen an hochwertige Kopfbedeckungen gerecht zu werden, gr\u00fcndeten sie eine junge Gruppe von Designern, die ihrem Image gerecht werden und unsere Gesellschaft und gemischten Kulturen widerspiegeln.<br \/>\nDie Designs, die Auswahl der Materialien und die Passform sprechen viele junge Leute an. Die Kollektionen sind vielf\u00e4ltig, wechselnd und richtungsweisend.<\/p>\n","protected":false},"excerpt":{"rendered":"<p>Lauren Rose Trucker Snapback Cap Diese erh\u00f6hte Grizzly Mesh Trucker Hut hat ein St\u00fcck Zeitung auf der Vorderseite mit der<\/p>\n","protected":false},"featured_media":38461,"comment_status":"open","ping_status":"open","template":"","meta":{"_acf_changed":false},"product_cat":[3180],"product_tag":[3652],"acf":[],"_links":{"self":[{"href":"https:\/\/donaulife-new.ogrisdigital.at\/fi\/wp-json\/wp\/v2\/product\/54373"}],"collection":[{"href":"https:\/\/donaulife-new.ogrisdigital.at\/fi\/wp-json\/wp\/v2\/product"}],"about":[{"href":"https:\/\/donaulife-new.ogrisdigital.at\/fi\/wp-json\/wp\/v2\/types\/product"}],"replies":[{"embeddable":true,"href":"https:\/\/donaulife-new.ogrisdigital.at\/fi\/wp-json\/wp\/v2\/comments?post=54373"}],"wp:featuredmedia":[{"embeddable":true,"href":"https:\/\/donaulife-new.ogrisdigital.at\/fi\/wp-json\/wp\/v2\/media\/38461"}],"wp:attachment":[{"href":"https:\/\/donaulife-new.ogrisdigital.at\/fi\/wp-json\/wp\/v2\/media?parent=54373"}],"wp:term":[{"taxonomy":"product_cat","embeddable":true,"href":"https:\/\/donaulife-new.ogrisdigital.at\/fi\/wp-json\/wp\/v2\/product_cat?post=54373"},{"taxonomy":"product_tag","embeddable":true,"href":"https:\/\/donaulife-new.ogrisdigital.at\/fi\/wp-json\/wp\/v2\/product_tag?post=54373"}],"curies":[{"name":"wp","href":"https:\/\/api.w.org\/{rel}","templated":true}]}}