{"id":54372,"date":"2023-02-14T14:41:00","date_gmt":"2023-02-14T14:41:00","guid":{"rendered":"https:\/\/donaulife-new.ogrisdigital.at\/produkt\/raw-snapback-black-on-black-trucker-cap-mit-holz-poker\/"},"modified":"2024-07-01T01:04:45","modified_gmt":"2024-07-01T01:04:45","slug":"raw-snapback-black-on-black-trucker-cap-mit-holz-poker","status":"publish","type":"product","link":"https:\/\/donaulife-new.ogrisdigital.at\/fi\/raw-snapback-black-on-black-trucker-cap-mit-holz-poker\/","title":{"rendered":"RAW Black Trucker Cap mit Holz Poker"},"content":{"rendered":"<h2>RAW Trucker Cap Black on Black<\/h2>\n<p>Die RAW Baseballkappe kommt mit einem versteckten Pokerwerkzeug unter der Krempe.<br \/>\nDie schwarze Snapback-Baseballkappe ist mit einem schwarzen RAW-Logo auf der Vorderseite bestickt.<br \/>\nErh\u00e4ltlich in zwei verschiedenen Ausf\u00fchrungen &#8211; die klassische Variante mit dem Raw-Badge an der Seite und die Variante mit flacher Krempe mit dem Badge unter der Krempe.<\/p>\n<h3>\u00dcber RAW:<\/h3>\n<p>RAW \u2013 Die nat\u00fcrliche Art zu rollen.<\/p>\n<p>Seit dem 1. Tag hat RAW den Auftrag, die F\u00fchrungsrolle in der Papierrollenindustrie zu \u00fcbernehmen. RAW hat die Welt des Rauchens revolutioniert, indem sie Produkte geschaffen hat, die von Natur aus genial gestaltet sind, um das Raucherlebnis zu verbessern.<\/p>\n<p>RAW stellt nur qualitativ hochwertige und umweltfreundliche Produkte her, die Ihr Raucherlebnis verbessern, und wir werden das wof\u00fcr wir stehen niemals \u00e4ndern. Wir genie\u00dfen es, unser unraffiniertes Papier jeden Tag zu rauchen, und wir werden es immer komplett rein also \u201cRAW\u201d belassen \u2013 f\u00fcr dich und uns!<\/p>\n","protected":false},"excerpt":{"rendered":"<p>RAW Trucker Cap Black on Black Die RAW Baseballkappe kommt mit einem versteckten Pokerwerkzeug unter der Krempe. Die schwarze Snapback-Baseballkappe<\/p>\n","protected":false},"featured_media":38454,"comment_status":"open","ping_status":"open","template":"","meta":{"_acf_changed":false},"product_cat":[2489,3180,2490],"product_tag":[2493],"acf":[],"_links":{"self":[{"href":"https:\/\/donaulife-new.ogrisdigital.at\/fi\/wp-json\/wp\/v2\/product\/54372"}],"collection":[{"href":"https:\/\/donaulife-new.ogrisdigital.at\/fi\/wp-json\/wp\/v2\/product"}],"about":[{"href":"https:\/\/donaulife-new.ogrisdigital.at\/fi\/wp-json\/wp\/v2\/types\/product"}],"replies":[{"embeddable":true,"href":"https:\/\/donaulife-new.ogrisdigital.at\/fi\/wp-json\/wp\/v2\/comments?post=54372"}],"wp:featuredmedia":[{"embeddable":true,"href":"https:\/\/donaulife-new.ogrisdigital.at\/fi\/wp-json\/wp\/v2\/media\/38454"}],"wp:attachment":[{"href":"https:\/\/donaulife-new.ogrisdigital.at\/fi\/wp-json\/wp\/v2\/media?parent=54372"}],"wp:term":[{"taxonomy":"product_cat","embeddable":true,"href":"https:\/\/donaulife-new.ogrisdigital.at\/fi\/wp-json\/wp\/v2\/product_cat?post=54372"},{"taxonomy":"product_tag","embeddable":true,"href":"https:\/\/donaulife-new.ogrisdigital.at\/fi\/wp-json\/wp\/v2\/product_tag?post=54372"}],"curies":[{"name":"wp","href":"https:\/\/api.w.org\/{rel}","templated":true}]}}