{"id":54366,"date":"2023-02-14T10:56:16","date_gmt":"2023-02-14T10:56:16","guid":{"rendered":"https:\/\/donaulife-new.ogrisdigital.at\/produkt\/love-mary-like-juana-lupenglas-magnifying-mary-violett\/"},"modified":"2024-07-01T01:04:41","modified_gmt":"2024-07-01T01:04:41","slug":"love-mary-like-juana-lupenglas-magnifying-mary-violett","status":"publish","type":"product","link":"https:\/\/donaulife-new.ogrisdigital.at\/fi\/love-mary-like-juana-lupenglas-magnifying-mary-violett\/","title":{"rendered":"LOVE MARY LIKE JUANA Lupenglas | Magnifying Mary (violett)"},"content":{"rendered":"<h3>Deinem Auge bleibt nichts verborgen<\/h3>\n<p>Mit Hilfe der \u201aMagniyfying Mary\u2018 kannst du deine Bl\u00fcten nun ganz genau unter die Lupe nehmen. Die Kombination aus dunklem Violettglas und strahlendem LED-Licht lassen deine Bl\u00fcten in einem ganz besonderen Glanz erscheinen. Ob du nur die Trichome deiner eigenen Ernte bestaunen oder deinen letzten Einkauf auf Verunreinigungen durch Haarspray oder Zuckerwasser kontrollieren m\u00f6chtest.<\/p>\n<h3>Start-Up Unterst\u00fctzen<\/h3>\n<p>Innovative Produkte kaufen und ein junges Start-Up unterst\u00fctzen? Dann bist du bei uns an der richtigen Adresse, denn wir sind ein in 2019 am 420-Day gestartetes Jungunternehmen aus K\u00f6ln.<\/p>\n<h3>100% Glas \u2013 100% Geschmack<\/h3>\n<p>Dank des reinen Glases gibts immer nur puren perfekten Geschmack.<\/p>\n<p><strong>Eigenschaften:<\/strong><\/p>\n<ul>\n<li>6-fache Vergr\u00f6\u00dferung<\/li>\n<li>LED-Licht<\/li>\n<li>Hell\/Dunkel-Kontrast bringt Details noch mehr hervor<\/li>\n<li>Einfaches Aufladen dank USB-Charging Kabel<\/li>\n<\/ul>\n<p>Wie lagert man jetzt am besten die hochwertigen Bl\u00fcten? Hier nochmal ein ausf\u00fchrlicher Beitrag vom Hersteller:<\/p>\n<p><a href=\"https:\/\/lovemarylikejuana.eu\/cannabis-richtig-lagern-und-aufbewahren\/\" target=\"_blank\" rel=\"noopener\">Mary richtig lagern<\/a><\/p>\n<h2>\u00dcber Love Mary like Juana:<\/h2>\n<p><strong>Wo bewahrst du dein Gras auf ?!<br \/>\n<\/strong><br \/>\nMit dieser Frage hat alles begonnen.<\/p>\n<p>W\u00e4hrend Marc, einer der beiden Gr\u00fcnder, vorher eine Blechdose zur Aufbewahrung genutzt hatte, griff Marcus, der Co.-Gr\u00fcnder, auf Opa&#8217;s alte Pfeifenbox zur\u00fcck.<br \/>\nDoch was f\u00fcr Alternativen gab es vor der &#8216;Mary in a Bottle&#8217; ?<br \/>\nWer kennt nicht die Anf\u00e4nge von Alufolie, Plastikt\u00fcte und Co. ?!<br \/>\nAuch alte Einmachgl\u00e4ser, Tupperdosen oder Versteckdosen aus Aluminium werden dieser heiligen Pflanze nicht gerecht.<br \/>\nWarum nicht also ein hochwertiges, auf die Eigenschaften von Cannabisbl\u00fcten angepasstes Aufbewahrungsgef\u00e4\u00df kreieren ?!<br \/>\nDoch das Auge isst bekanntlich mit: Also muss es auch mit einem speziellen Look bestechen. Einem, der an die medizinische Vergangenheit dieser Heilpflanze erinnert &#8211; Funktionalit\u00e4t und Design vereint.<br \/>\nSo entstand die Idee der &#8216;Mary in a Bottle&#8217; im Sommer 2018 und wird bis heute fort gelebt.<\/p>\n","protected":false},"excerpt":{"rendered":"<p>Deinem Auge bleibt nichts verborgen Mit Hilfe der \u201aMagniyfying Mary\u2018 kannst du deine Bl\u00fcten nun ganz genau unter die Lupe<\/p>\n","protected":false},"featured_media":38404,"comment_status":"open","ping_status":"closed","template":"","meta":{"_acf_changed":false},"product_cat":[2607,2566,2451,3337],"product_tag":[3271],"acf":[],"_links":{"self":[{"href":"https:\/\/donaulife-new.ogrisdigital.at\/fi\/wp-json\/wp\/v2\/product\/54366"}],"collection":[{"href":"https:\/\/donaulife-new.ogrisdigital.at\/fi\/wp-json\/wp\/v2\/product"}],"about":[{"href":"https:\/\/donaulife-new.ogrisdigital.at\/fi\/wp-json\/wp\/v2\/types\/product"}],"replies":[{"embeddable":true,"href":"https:\/\/donaulife-new.ogrisdigital.at\/fi\/wp-json\/wp\/v2\/comments?post=54366"}],"wp:featuredmedia":[{"embeddable":true,"href":"https:\/\/donaulife-new.ogrisdigital.at\/fi\/wp-json\/wp\/v2\/media\/38404"}],"wp:attachment":[{"href":"https:\/\/donaulife-new.ogrisdigital.at\/fi\/wp-json\/wp\/v2\/media?parent=54366"}],"wp:term":[{"taxonomy":"product_cat","embeddable":true,"href":"https:\/\/donaulife-new.ogrisdigital.at\/fi\/wp-json\/wp\/v2\/product_cat?post=54366"},{"taxonomy":"product_tag","embeddable":true,"href":"https:\/\/donaulife-new.ogrisdigital.at\/fi\/wp-json\/wp\/v2\/product_tag?post=54366"}],"curies":[{"name":"wp","href":"https:\/\/api.w.org\/{rel}","templated":true}]}}