{"id":54358,"date":"2023-02-14T09:29:45","date_gmt":"2023-02-14T09:29:45","guid":{"rendered":"https:\/\/donaulife-new.ogrisdigital.at\/produkt\/black-leaf-percolator-bong-baby-bongbastic-36-cm\/"},"modified":"2025-01-15T07:08:21","modified_gmt":"2025-01-15T07:08:21","slug":"black-leaf-percolator-bong-baby-bongbastic-36-cm","status":"publish","type":"product","link":"https:\/\/donaulife-new.ogrisdigital.at\/fi\/black-leaf-percolator-bong-baby-bongbastic-36-cm\/","title":{"rendered":"BLACK LEAF Percolator Bong &#8216;Baby Bongbastic&#8217; | 36 cm"},"content":{"rendered":"<h2>Black Leaf Baby Bongbastic<\/h2>\n<p>Mrs. Bongbastic und Mr. Bongbastic sind Eltern geworden &#8211; herzlichen Gl\u00fcckwunsch zu &#8216;Baby Bongbastic&#8217;!<\/p>\n<p>Der niedliche Nachwuchs steht seinen beeindruckenden Eltern in nichts nach: Bestes Borosilikatglas mit einer Wandst\u00e4rke von stabilen 5mm, 6-armiger Baumperkolator, Spritzschutzkuppel, Icekammer, Diffusor-Adapter, Kickloch mit Stopfen, gro\u00dfer Kr\u00e4uterkopf sowie einen \u00d6l- bzw. Waxkopf. Denn die Gr\u00f6\u00dfe des Babys, immerhin schon 360mm hoch, ist ideal f\u00fcr das Rauchen von Konzentraten.<\/p>\n<p>Geliefert wird der coole Nachwuchs sicher verstaut in einer schaumstoffgepolsterten, stabilen Wiege, \u00e4hem, Koffergeschenkbox!<\/p>\n<h3><span style=\"font-size: 20.16px;\">\u00dcber Black Leaf:<\/span><\/h3>\n<div>\n<p>In Weed We Trust ? Smoking\u00a0<em>Paraphernalia<\/em> seit 1988: Bongs, Pfeifen, Vaporizer, Grinder, Dabbing Zubeh\u00f6r, Paper &amp; Filter, Lifestyle Produkte. Es gibt viele Innovative Produkte der Marke die auch die ein oder andere Weltneuheit erschaffen haben. Im Shop bieten wir von allen Produkten die beste Auswahl.<\/p>\n<\/div>\n","protected":false},"excerpt":{"rendered":"<p>Black Leaf Baby Bongbastic Mrs. Bongbastic und Mr. Bongbastic sind Eltern geworden &#8211; herzlichen Gl\u00fcckwunsch zu &#8216;Baby Bongbastic&#8217;! Der niedliche<\/p>\n","protected":false},"featured_media":38371,"comment_status":"open","ping_status":"open","template":"","meta":{"_acf_changed":false},"product_cat":[2514,2548,2459,2510,2523,2515,2577,2506,2463,2551],"product_tag":[2521],"acf":[],"_links":{"self":[{"href":"https:\/\/donaulife-new.ogrisdigital.at\/fi\/wp-json\/wp\/v2\/product\/54358"}],"collection":[{"href":"https:\/\/donaulife-new.ogrisdigital.at\/fi\/wp-json\/wp\/v2\/product"}],"about":[{"href":"https:\/\/donaulife-new.ogrisdigital.at\/fi\/wp-json\/wp\/v2\/types\/product"}],"replies":[{"embeddable":true,"href":"https:\/\/donaulife-new.ogrisdigital.at\/fi\/wp-json\/wp\/v2\/comments?post=54358"}],"wp:featuredmedia":[{"embeddable":true,"href":"https:\/\/donaulife-new.ogrisdigital.at\/fi\/wp-json\/wp\/v2\/media\/38371"}],"wp:attachment":[{"href":"https:\/\/donaulife-new.ogrisdigital.at\/fi\/wp-json\/wp\/v2\/media?parent=54358"}],"wp:term":[{"taxonomy":"product_cat","embeddable":true,"href":"https:\/\/donaulife-new.ogrisdigital.at\/fi\/wp-json\/wp\/v2\/product_cat?post=54358"},{"taxonomy":"product_tag","embeddable":true,"href":"https:\/\/donaulife-new.ogrisdigital.at\/fi\/wp-json\/wp\/v2\/product_tag?post=54358"}],"curies":[{"name":"wp","href":"https:\/\/api.w.org\/{rel}","templated":true}]}}