{"id":54342,"date":"2023-02-03T14:48:09","date_gmt":"2023-02-03T14:48:09","guid":{"rendered":"https:\/\/donaulife-new.ogrisdigital.at\/produkt\/heisenberg-glasbong-bazooka-50-cm\/"},"modified":"2024-07-01T01:04:27","modified_gmt":"2024-07-01T01:04:27","slug":"heisenberg-glasbong-bazooka-50-cm","status":"publish","type":"product","link":"https:\/\/donaulife-new.ogrisdigital.at\/fi\/heisenberg-glasbong-bazooka-50-cm\/","title":{"rendered":"HEISENBERG Glasbong &#8216;Bazooka&#8217; | 50 cm"},"content":{"rendered":"<h2>Heisenberg Bazooka<\/h2>\n<div id=\"description\" class=\"data item content\" role=\"tabpanel\" data-role=\"content\" aria-labelledby=\"tab-label-description\" aria-hidden=\"false\">\n<div class=\"product attribute description\">\n<div class=\"value\">\n<p>Gereinigt werden kann die\u00a0<strong>Bazooka<\/strong> von Heisenberg durch ihre simple Form ganz einfach. Das Kickloch und den Schliff einfach mit einem Papier-Handtuch abdichten, einen Teel\u00f6ffel &#8220;Schmand Weg&#8221; hineingeben, mit kochend hei\u00dfem Wasser ein wenig auff\u00fcllen und die Bazooka gut sch\u00fctteln. Danach gr\u00fcndlich aussp\u00fclen und fertig!<br \/>\nDabei empfiehlt es sich, zum Schutz vor dem hei\u00dfen Wasser und dem hei\u00dfen Glas das Ger\u00e4t mit einem Geschirrtuch fest zu fassen und zu sch\u00fctteln!<\/p>\n<\/div>\n<\/div>\n<\/div>\n<div>\n<h3>\u00dcber Heisenberg:<\/h3>\n<div>\n<p>Heisenberg \u2013 nicht nur durch Breaking Bad ein Ph\u00e4nomen. Die Marke Heisenberg ist unter anderem durch ihre Glasbongs bekannt geworden. Keine Bong der Heisenberg Serie ist wie die andere. Hier werden verschiedene Gestaltungselemente geboten, wie beispielsweise poppige Farben oder mit Glow in the dark Funktion, Pl\u00e4tzen zum Einsetzen von LED Beleuchtung und anderen Extras.<\/p>\n<p>Bei dem interessanten Sortiment an Glasbongs, ist mit Sicherheit auch was f\u00fcr dich dabei!<\/p>\n<\/div>\n<\/div>\n","protected":false},"excerpt":{"rendered":"<p>Heisenberg Bazooka Gereinigt werden kann die\u00a0Bazooka von Heisenberg durch ihre simple Form ganz einfach. Das Kickloch und den Schliff einfach<\/p>\n","protected":false},"featured_media":38263,"comment_status":"open","ping_status":"open","template":"","meta":{"_acf_changed":false},"product_cat":[2514,2459,2510,2507,3404,2515,2506,2463],"product_tag":[3405,2466],"acf":[],"_links":{"self":[{"href":"https:\/\/donaulife-new.ogrisdigital.at\/fi\/wp-json\/wp\/v2\/product\/54342"}],"collection":[{"href":"https:\/\/donaulife-new.ogrisdigital.at\/fi\/wp-json\/wp\/v2\/product"}],"about":[{"href":"https:\/\/donaulife-new.ogrisdigital.at\/fi\/wp-json\/wp\/v2\/types\/product"}],"replies":[{"embeddable":true,"href":"https:\/\/donaulife-new.ogrisdigital.at\/fi\/wp-json\/wp\/v2\/comments?post=54342"}],"wp:featuredmedia":[{"embeddable":true,"href":"https:\/\/donaulife-new.ogrisdigital.at\/fi\/wp-json\/wp\/v2\/media\/38263"}],"wp:attachment":[{"href":"https:\/\/donaulife-new.ogrisdigital.at\/fi\/wp-json\/wp\/v2\/media?parent=54342"}],"wp:term":[{"taxonomy":"product_cat","embeddable":true,"href":"https:\/\/donaulife-new.ogrisdigital.at\/fi\/wp-json\/wp\/v2\/product_cat?post=54342"},{"taxonomy":"product_tag","embeddable":true,"href":"https:\/\/donaulife-new.ogrisdigital.at\/fi\/wp-json\/wp\/v2\/product_tag?post=54342"}],"curies":[{"name":"wp","href":"https:\/\/api.w.org\/{rel}","templated":true}]}}