{"id":54287,"date":"2023-01-27T10:29:32","date_gmt":"2023-01-27T10:29:32","guid":{"rendered":"https:\/\/donaulife-new.ogrisdigital.at\/produkt\/heisenberg-vorkuehler-three-fingers-mit-3-arm-vorkuehler-18-8-mm\/"},"modified":"2025-01-15T07:08:36","modified_gmt":"2025-01-15T07:08:36","slug":"heisenberg-vorkuehler-three-fingers-mit-3-arm-vorkuehler-18-8-mm","status":"publish","type":"product","link":"https:\/\/donaulife-new.ogrisdigital.at\/fi\/heisenberg-vorkuehler-three-fingers-mit-3-arm-vorkuehler-18-8-mm\/","title":{"rendered":"HEISENBERG Vork\u00fchler &#8216;Three Fingers&#8217; mit 3-Arm Diffusor | 18,8>18,8 mm"},"content":{"rendered":"<h2>Heisenberg Vork\u00fchler mit 3-Arm Diffusor<\/h2>\n<p>Heisenberg 3-Arm Diffusor Vork\u00fchler hat einen guten Durchzug. Den braucht er auch, denn seine drei Arme verwirbeln den Rauch wunderbar und machen ihn dadurch deutlich besser als nur genie\u00dfbar. Im selben Atemzug filtert das Wasser im Precooler erste Schmutzpartikel, wie Asche und Ru\u00df aus dem Rauch, wodurch der Rauch noch bek\u00f6mmlicher wird.<\/p>\n<div>\n<h3>\u00dcber Heisenberg:<\/h3>\n<div>\n<p>Heisenberg \u2013 nicht nur durch Breaking Bad ein Ph\u00e4nomen. Die Marke Heisenberg ist unter anderem durch ihre Glasbongs bekannt geworden. Keine Bong der Heisenberg Serie ist wie die andere. Hier werden verschiedene Gestaltungselemente geboten, wie beispielsweise poppige Farben oder mit Glow in the dark Funktion, Pl\u00e4tzen zum Einsetzen von LED Beleuchtung und anderen Extras.<\/p>\n<p>Bei dem interessanten Sortiment an Glasbongs, ist mit Sicherheit auch was f\u00fcr dich dabei!<\/p>\n<\/div>\n<\/div>\n","protected":false},"excerpt":{"rendered":"<p>Heisenberg Vork\u00fchler mit 3-Arm Diffusor Heisenberg 3-Arm Diffusor Vork\u00fchler hat einen guten Durchzug. Den braucht er auch, denn seine drei<\/p>\n","protected":false},"featured_media":37969,"comment_status":"open","ping_status":"open","template":"","meta":{"_acf_changed":false},"product_cat":[2591,2459,3404,2463,2582,2460],"product_tag":[3405,2466],"acf":[],"_links":{"self":[{"href":"https:\/\/donaulife-new.ogrisdigital.at\/fi\/wp-json\/wp\/v2\/product\/54287"}],"collection":[{"href":"https:\/\/donaulife-new.ogrisdigital.at\/fi\/wp-json\/wp\/v2\/product"}],"about":[{"href":"https:\/\/donaulife-new.ogrisdigital.at\/fi\/wp-json\/wp\/v2\/types\/product"}],"replies":[{"embeddable":true,"href":"https:\/\/donaulife-new.ogrisdigital.at\/fi\/wp-json\/wp\/v2\/comments?post=54287"}],"wp:featuredmedia":[{"embeddable":true,"href":"https:\/\/donaulife-new.ogrisdigital.at\/fi\/wp-json\/wp\/v2\/media\/37969"}],"wp:attachment":[{"href":"https:\/\/donaulife-new.ogrisdigital.at\/fi\/wp-json\/wp\/v2\/media?parent=54287"}],"wp:term":[{"taxonomy":"product_cat","embeddable":true,"href":"https:\/\/donaulife-new.ogrisdigital.at\/fi\/wp-json\/wp\/v2\/product_cat?post=54287"},{"taxonomy":"product_tag","embeddable":true,"href":"https:\/\/donaulife-new.ogrisdigital.at\/fi\/wp-json\/wp\/v2\/product_tag?post=54287"}],"curies":[{"name":"wp","href":"https:\/\/api.w.org\/{rel}","templated":true}]}}