{"id":54236,"date":"2023-01-11T08:46:15","date_gmt":"2023-01-11T08:46:15","guid":{"rendered":"https:\/\/donaulife-new.ogrisdigital.at\/produkt\/pulsar-sk8-grinder-3-teilig-o-57-mm\/"},"modified":"2024-07-01T01:03:34","modified_gmt":"2024-07-01T01:03:34","slug":"pulsar-sk8-grinder-3-teilig-o-57-mm","status":"publish","type":"product","link":"https:\/\/donaulife-new.ogrisdigital.at\/fi\/pulsar-sk8-grinder-3-teilig-o-57-mm\/","title":{"rendered":"PULSAR &#8216;SK8&#8217; Grinder 2-teilig | \u00d8 57 mm"},"content":{"rendered":"<h2>Treuer Begleiter im coolen Skate Design.<\/h2>\n<p>Dieser Skateboard-Rad-Grinder ist bereit, zu Hause, im Skatepark, auf der Stra\u00dfe und \u00fcberall sonst zu shredden, wo du es dir vorstellen kannst. Der SK8 Grinder kommt mit Skate-Rad-Designs und echten Spinning-Lagern. Das \u00c4u\u00dfere ist mit einer griffigen Silikonh\u00fclle \u00fcberzogen und hat einen Durchmesser von 57 mm. Er verf\u00fcgt \u00fcber eine Kammer zum Mahlen von Kr\u00e4utern, eine Kammer zum Aufbewahren von Kr\u00e4utern und ein mitgeliefertes Pollenabstreifwerkzeug.<\/p>\n<h3>\u00dcber Pulsar:<\/h3>\n<div>\n<p>Pulsar\u00ae war schon immer ein Vorreiter; wir sind stolze Veteranen der Vaping-Industrie. Seit diesen fr\u00fchen Tagen haben wir viele Qualit\u00e4tsprodukte f\u00fcr den modernen Raucher entworfen und entwickelt. Unser Ziel war es schon immer, der Gemeinschaft zuzuh\u00f6ren und die gefragtesten Produkte von bester Qualit\u00e4t zu den g\u00fcnstigsten Preisen zu entwickeln. Dieses Ziel wurde stets erreicht, \u00fcbertroffen und wird auch in Zukunft erreicht werden, damit jeder die #highculture genie\u00dfen kann.<\/p>\n<\/div>\n","protected":false},"excerpt":{"rendered":"<p>Treuer Begleiter im coolen Skate Design. Dieser Skateboard-Rad-Grinder ist bereit, zu Hause, im Skatepark, auf der Stra\u00dfe und \u00fcberall sonst<\/p>\n","protected":false},"featured_media":37748,"comment_status":"open","ping_status":"open","template":"","meta":{"_acf_changed":false},"product_cat":[2570,2482,2566,2480,2451,2483],"product_tag":[3639],"acf":[],"_links":{"self":[{"href":"https:\/\/donaulife-new.ogrisdigital.at\/fi\/wp-json\/wp\/v2\/product\/54236"}],"collection":[{"href":"https:\/\/donaulife-new.ogrisdigital.at\/fi\/wp-json\/wp\/v2\/product"}],"about":[{"href":"https:\/\/donaulife-new.ogrisdigital.at\/fi\/wp-json\/wp\/v2\/types\/product"}],"replies":[{"embeddable":true,"href":"https:\/\/donaulife-new.ogrisdigital.at\/fi\/wp-json\/wp\/v2\/comments?post=54236"}],"wp:featuredmedia":[{"embeddable":true,"href":"https:\/\/donaulife-new.ogrisdigital.at\/fi\/wp-json\/wp\/v2\/media\/37748"}],"wp:attachment":[{"href":"https:\/\/donaulife-new.ogrisdigital.at\/fi\/wp-json\/wp\/v2\/media?parent=54236"}],"wp:term":[{"taxonomy":"product_cat","embeddable":true,"href":"https:\/\/donaulife-new.ogrisdigital.at\/fi\/wp-json\/wp\/v2\/product_cat?post=54236"},{"taxonomy":"product_tag","embeddable":true,"href":"https:\/\/donaulife-new.ogrisdigital.at\/fi\/wp-json\/wp\/v2\/product_tag?post=54236"}],"curies":[{"name":"wp","href":"https:\/\/api.w.org\/{rel}","templated":true}]}}