{"id":54193,"date":"2022-11-25T14:34:06","date_gmt":"2022-11-25T14:34:06","guid":{"rendered":"https:\/\/donaulife-new.ogrisdigital.at\/produkt\/grace-glass-vorkuehler-honeystamp-45-188188mm\/"},"modified":"2024-07-01T01:03:18","modified_gmt":"2024-07-01T01:03:18","slug":"grace-glass-vorkuehler-honeystamp-45-188188mm","status":"publish","type":"product","link":"https:\/\/donaulife-new.ogrisdigital.at\/fi\/grace-glass-vorkuehler-honeystamp-45-188188mm\/","title":{"rendered":"GRACE GLASS Vork\u00fchler Honeystamp 45\u00b0 | 18,8>18,8mm"},"content":{"rendered":"<h2>Grace Glass Vork\u00fchler mit Honeycomb<\/h2>\n<p>Dieser schwarze Grace Glass Precooler ist ein einzigartiges Rauchzubeh\u00f6r f\u00fcr Deine Bong! Er gl\u00e4ttet also den Rauch und verbessert so das Raucherlebnis insgesamt! Er besteht aus hochwertigem, hitzebest\u00e4ndigem Borosilikatglas, und einer Honeycomb Scheibe. Dieser ist in tiefes schwarz getaucht. Der Vork\u00fchler steht auf einem sicheren Boden und hat einen Schliffansatz von 2x 18,8 mm.<\/p>\n<h3>\u00dcber Grace Glass:<\/h3>\n<p>Unter dem Namen Grace Glass versteht man ausgefallene Bongdesigns kombiniert mit hochwertiger Verarbeitung. Durch diese Kombination hat sich diese 2010 gegr\u00fcndete niederl\u00e4ndische Marke, innerhalb k\u00fcrzester Zeit, einen Platz bei den ganz Gro\u00dfen der Industrie gesichert. Markenzeichen sind die perfekt gesetzten farbigen Akzente und gut verbauten Percolatoren. Die Marke bietet beides, sowohl individuelle Designs f\u00fcrs Auge als auch hervorragende Rauchleistung f\u00fcr den Benutzer. Neben Bongs findest du auch Chillums und Bongk\u00f6pfe von Grace Glass um deine Bong stylisch zu perfektionieren.<\/p>\n","protected":false},"excerpt":{"rendered":"<p>Grace Glass Vork\u00fchler mit Honeycomb Dieser schwarze Grace Glass Precooler ist ein einzigartiges Rauchzubeh\u00f6r f\u00fcr Deine Bong! Er gl\u00e4ttet also<\/p>\n","protected":false},"featured_media":37601,"comment_status":"open","ping_status":"open","template":"","meta":{"_acf_changed":false},"product_cat":[2591,2459,2613,2463,2582,2460],"product_tag":[],"acf":[],"_links":{"self":[{"href":"https:\/\/donaulife-new.ogrisdigital.at\/fi\/wp-json\/wp\/v2\/product\/54193"}],"collection":[{"href":"https:\/\/donaulife-new.ogrisdigital.at\/fi\/wp-json\/wp\/v2\/product"}],"about":[{"href":"https:\/\/donaulife-new.ogrisdigital.at\/fi\/wp-json\/wp\/v2\/types\/product"}],"replies":[{"embeddable":true,"href":"https:\/\/donaulife-new.ogrisdigital.at\/fi\/wp-json\/wp\/v2\/comments?post=54193"}],"wp:featuredmedia":[{"embeddable":true,"href":"https:\/\/donaulife-new.ogrisdigital.at\/fi\/wp-json\/wp\/v2\/media\/37601"}],"wp:attachment":[{"href":"https:\/\/donaulife-new.ogrisdigital.at\/fi\/wp-json\/wp\/v2\/media?parent=54193"}],"wp:term":[{"taxonomy":"product_cat","embeddable":true,"href":"https:\/\/donaulife-new.ogrisdigital.at\/fi\/wp-json\/wp\/v2\/product_cat?post=54193"},{"taxonomy":"product_tag","embeddable":true,"href":"https:\/\/donaulife-new.ogrisdigital.at\/fi\/wp-json\/wp\/v2\/product_tag?post=54193"}],"curies":[{"name":"wp","href":"https:\/\/api.w.org\/{rel}","templated":true}]}}