{"id":54177,"date":"2022-11-16T14:31:16","date_gmt":"2022-11-16T14:31:16","guid":{"rendered":"https:\/\/donaulife-new.ogrisdigital.at\/produkt\/the-weezy-purpfeife-mit-aktivkohle-filterung-black\/"},"modified":"2024-07-01T01:03:06","modified_gmt":"2024-07-01T01:03:06","slug":"the-weezy-purpfeife-mit-aktivkohle-filterung-black","status":"publish","type":"product","link":"https:\/\/donaulife-new.ogrisdigital.at\/fi\/the-weezy-purpfeife-mit-aktivkohle-filterung-black\/","title":{"rendered":"THE WEEZY Purpfeife mit Aktivkohle Filterung &#8216;Black&#8217;"},"content":{"rendered":"<h2>The Weezy Pfeife mit Aktivkohlefilterung<\/h2>\n<p><strong>Pure Smoking. Re-imagined.<\/strong><\/p>\n<p>Der Weezy ist 9,2 cm lang und wiegt etwa 63 Gramm.<br \/>\nDas einzigartige patentierte Design in Kegelform liegt gut in der Hand und kann auf Ihrem Tisch oder Schreibtisch stehen, ohne umzufallen<br \/>\nDer Weezy wird mit 1 wiederverwendbaren Jack-Pod geliefert, der je nach Mahlgrad bis zu 0,2 Gramm Material enthalten kann.<br \/>\nDas Mundst\u00fcck verbirgt einen speziellen, austauschbaren Filter mit Aktivkohle. Sicherstellen einer reibungslosen Raucherfahrung und Herausfiltern aller schlechten Sachen<br \/>\nKommt fertig montiert zum sofortigen Gebrauch, lege einen geladenen Jack-Pod hinein und z\u00fcnde ihn an.<\/p>\n<p>Der Weezy hat ein kleines Fach unter dem Jack-Pod. Es kann einen sogenannten Boost It Pod aufnehmen. Diese kleine H\u00fclse kann zum Beispiel etwas Terpenfl\u00fcssigkeit aufnehmen. Oder eine aromatisierte E-Fl\u00fcssigkeit. Mit einem Boost-iT k\u00f6nnen Sie den Geschmack oder die Wirkung Ihrer Kr\u00e4uter verbessern. Geben Sie Ihrem Unkraut einen kleinen Schub.<\/p>\n<p><iframe title=\"The Weezy Explained - Jack-Pod System\" width=\"500\" height=\"281\" src=\"https:\/\/www.youtube.com\/embed\/LKOmfwREXXE?feature=oembed\" frameborder=\"0\" allow=\"accelerometer; autoplay; clipboard-write; encrypted-media; gyroscope; picture-in-picture; web-share\" allowfullscreen><\/iframe><\/p>\n<h3>\u00dcber The Weezy:<\/h3>\n<p>Die Grundlage dieser Idee ist das Jack-Pods\u2122-System: einfach zu bef\u00fcllende Jack-Pods (0,2 g) f\u00fcr Ihr Material. Denken Sie an Nespresso\u2122 f\u00fcr Cannabis. Der gef\u00fcllte Jack-Pod gleitet in die Weezy\u2122-Pfeife. Sie enth\u00e4lt auch einen Filter (Tip), den CTIP\u2122. Dieser konisch geformte CTIP\u2122 enth\u00e4lt Aktivkohle. Er filtert das Schlechte, nicht das Gute.<\/p>\n","protected":false},"excerpt":{"rendered":"<p>The Weezy Pfeife mit Aktivkohlefilterung Pure Smoking. Re-imagined. Der Weezy ist 9,2 cm lang und wiegt etwa 63 Gramm. Das<\/p>\n","protected":false},"featured_media":37529,"comment_status":"open","ping_status":"open","template":"","meta":{"_acf_changed":false},"product_cat":[2451,2900,2501],"product_tag":[3634],"acf":[],"_links":{"self":[{"href":"https:\/\/donaulife-new.ogrisdigital.at\/fi\/wp-json\/wp\/v2\/product\/54177"}],"collection":[{"href":"https:\/\/donaulife-new.ogrisdigital.at\/fi\/wp-json\/wp\/v2\/product"}],"about":[{"href":"https:\/\/donaulife-new.ogrisdigital.at\/fi\/wp-json\/wp\/v2\/types\/product"}],"replies":[{"embeddable":true,"href":"https:\/\/donaulife-new.ogrisdigital.at\/fi\/wp-json\/wp\/v2\/comments?post=54177"}],"wp:featuredmedia":[{"embeddable":true,"href":"https:\/\/donaulife-new.ogrisdigital.at\/fi\/wp-json\/wp\/v2\/media\/37529"}],"wp:attachment":[{"href":"https:\/\/donaulife-new.ogrisdigital.at\/fi\/wp-json\/wp\/v2\/media?parent=54177"}],"wp:term":[{"taxonomy":"product_cat","embeddable":true,"href":"https:\/\/donaulife-new.ogrisdigital.at\/fi\/wp-json\/wp\/v2\/product_cat?post=54177"},{"taxonomy":"product_tag","embeddable":true,"href":"https:\/\/donaulife-new.ogrisdigital.at\/fi\/wp-json\/wp\/v2\/product_tag?post=54177"}],"curies":[{"name":"wp","href":"https:\/\/api.w.org\/{rel}","templated":true}]}}