{"id":54147,"date":"2022-11-02T17:29:48","date_gmt":"2022-11-02T17:29:48","guid":{"rendered":"https:\/\/donaulife-new.ogrisdigital.at\/produkt\/k-haring-dab-rig-pop-art-24-cm\/"},"modified":"2024-07-01T01:02:48","modified_gmt":"2024-07-01T01:02:48","slug":"k-haring-dab-rig-pop-art-24-cm","status":"publish","type":"product","link":"https:\/\/donaulife-new.ogrisdigital.at\/fi\/k-haring-dab-rig-pop-art-24-cm\/","title":{"rendered":"K. HARING Dab Rig &#8216;Pop-Art&#8217; | 24 cm"},"content":{"rendered":"<h2>Keith Haring Dab Rig in schwarz-wei\u00df<\/h2>\n<div>\n<p>Der K.Haring Rig wurde von der Pop-Art-Ikone Keith Haring beeinflusst und kombiniert fortschrittliche Wasserfiltration mit beispielloser Kunstfertigkeit. Dieses St\u00fcck beherbergt einen Turbinen-Perkolator, der einen feuchtigkeitsspendenden Zyklon aus Wasser f\u00fcr bemerkenswert k\u00fchle Z\u00fcge erzeugt. Zus\u00e4tzlich zu einem eingebauten Spritzschutz ist das Rig mit einem 90-Grad Downstem und einer Carb Cap ausgestattet, mit denen Sie den Luftstrom vollst\u00e4ndig kontrollieren k\u00f6nnen.<\/p>\n<p>Hitzebest\u00e4ndige Designs werden von Hand auf die Borosilikatglaskonstruktion aufgebracht. Gegen\u00fcberliegende Farben und schwarze, kr\u00e4ftige Linien sorgen f\u00fcr Harings lebendige \u00c4sthetik. Das faszinierende Rig wird mit Keith Harings Unterschrift vervollst\u00e4ndigt.<\/p>\n<p>Harings Unterschrift und sein brillantes Kunstwerk setzen sich auf der Box des Rigs fort. Die dicken W\u00e4nde und Schaumstoffeinlagen der Verpackung bieten eine sichere Aufbewahrung.<\/p>\n<\/div>\n<div><strong>Abmessungen:<\/strong><\/div>\n<div><\/div>\n<div><span style=\"color: #555555; font-size: 14.4px;\">10.8 x 8.4 x 23.9 cm<\/span><\/div>\n<p><strong>Eigenschaften:<\/strong><\/p>\n<div>\n<ul>\n<li>10.8 x 8.4 x 23.9 cm<\/li>\n<li>Ikonische Keith Haring Kunst<\/li>\n<li>Handaufgetragene, hitzebest\u00e4ndige Designs<\/li>\n<li>90\u00b0 Downstem<\/li>\n<li>Turbinen Perkulator<\/li>\n<li>UFO-Style Carb Cap<\/li>\n<li>Eingebauter Spritzschutz<\/li>\n<li>Borosilikatglas<\/li>\n<\/ul>\n<\/div>\n<h3>\u00dcber Keith Haring:<\/h3>\n<div>Keith Allen Haring war ein US-amerikanischer K\u00fcnstler, dessen Malstil anhand klarer Linien und Fl\u00e4chigkeit erkennbar ist. Einige Methoden seiner Malerei entnahm er der Graffiti-Szene. Haring gilt als Vertreter der Pop Art der 1980er Jahre. Jetzt lebt die Kunst auch in den Wohnzimmern weiter als Bubbler oder high class Pipes.<\/div>\n","protected":false},"excerpt":{"rendered":"<p>Keith Haring Dab Rig in schwarz-wei\u00df Der K.Haring Rig wurde von der Pop-Art-Ikone Keith Haring beeinflusst und kombiniert fortschrittliche Wasserfiltration<\/p>\n","protected":false},"featured_media":37383,"comment_status":"open","ping_status":"open","template":"","meta":{"_acf_changed":false},"product_cat":[2514,2489,2459,2513,3402,2577,2506,2463,2520,2551],"product_tag":[],"acf":[],"_links":{"self":[{"href":"https:\/\/donaulife-new.ogrisdigital.at\/fi\/wp-json\/wp\/v2\/product\/54147"}],"collection":[{"href":"https:\/\/donaulife-new.ogrisdigital.at\/fi\/wp-json\/wp\/v2\/product"}],"about":[{"href":"https:\/\/donaulife-new.ogrisdigital.at\/fi\/wp-json\/wp\/v2\/types\/product"}],"replies":[{"embeddable":true,"href":"https:\/\/donaulife-new.ogrisdigital.at\/fi\/wp-json\/wp\/v2\/comments?post=54147"}],"wp:featuredmedia":[{"embeddable":true,"href":"https:\/\/donaulife-new.ogrisdigital.at\/fi\/wp-json\/wp\/v2\/media\/37383"}],"wp:attachment":[{"href":"https:\/\/donaulife-new.ogrisdigital.at\/fi\/wp-json\/wp\/v2\/media?parent=54147"}],"wp:term":[{"taxonomy":"product_cat","embeddable":true,"href":"https:\/\/donaulife-new.ogrisdigital.at\/fi\/wp-json\/wp\/v2\/product_cat?post=54147"},{"taxonomy":"product_tag","embeddable":true,"href":"https:\/\/donaulife-new.ogrisdigital.at\/fi\/wp-json\/wp\/v2\/product_tag?post=54147"}],"curies":[{"name":"wp","href":"https:\/\/api.w.org\/{rel}","templated":true}]}}