{"id":54137,"date":"2022-11-02T15:42:44","date_gmt":"2022-11-02T15:42:44","guid":{"rendered":"https:\/\/donaulife-new.ogrisdigital.at\/produkt\/raw-filter-tips-aus-zellulose-xl-120-stueck\/"},"modified":"2025-01-15T07:08:47","modified_gmt":"2025-01-15T07:08:47","slug":"raw-filter-tips-aus-zellulose-xl-120-stueck","status":"publish","type":"product","link":"https:\/\/donaulife-new.ogrisdigital.at\/fi\/raw-filter-tips-aus-zellulose-xl-120-stueck\/","title":{"rendered":"RAW Filter Tips aus Zellulose XL | 120 St\u00fcck"},"content":{"rendered":"<h2>RAW Filter Tips aus Zellulose 120 St\u00fcck<\/h2>\n<p>Die RAW Black XL Zigarettenfilter aus reiner Zellulose sind biologisch abbaubar und werden auf nat\u00fcrlicher Basis hergestellt. Die Produktion der Filter wird ausschlie\u00dflich aus erneuerbarer Energie gespeist. Sie sind au\u00dferdem vegan, ultraleicht und besonders umweltfreundlich!<br \/>\nIm Slim-Format haben die RAW-Filter einen Durchmesser von 6 mm und sind 22 mm lang.<br \/>\nDie ungebleichten Filter werden in einem wiederverschlie\u00dfbaren Zip-Beutel geliefert, der vor Feuchtigkeit sch\u00fctzt und sich leicht \u00f6ffnen und wieder verschlie\u00dfen l\u00e4sst.<\/p>\n<h3>\u00dcber RAW:<\/h3>\n<p>RAW \u2013 Die nat\u00fcrliche Art zu rollen.<br \/>\nSeit dem 1. Tag hat RAW den Auftrag, die F\u00fchrungsrolle in der Papierrollenindustrie zu \u00fcbernehmen. RAW hat die Welt des Rauchens revolutioniert, indem sie Produkte geschaffen hat, die von Natur aus genial gestaltet sind, um das Raucherlebnis zu verbessern.<br \/>\nRAW stellt nur qualitativ hochwertige und umweltfreundliche Produkte her, die Ihr Raucherlebnis verbessern, und wir werden das wof\u00fcr wir stehen niemals \u00e4ndern. Wir genie\u00dfen es, unser unraffiniertes Papier jeden Tag zu rauchen, und wir werden es immer komplett rein also \u201cRAW\u201d belassen \u2013 f\u00fcr dich und uns!<\/p>\n","protected":false},"excerpt":{"rendered":"<p>RAW Filter Tips aus Zellulose 120 St\u00fcck Die RAW Black XL Zigarettenfilter aus reiner Zellulose sind biologisch abbaubar und werden<\/p>\n","protected":false},"featured_media":37331,"comment_status":"open","ping_status":"open","template":"","meta":{"_acf_changed":false},"product_cat":[2489,2499,2500,2451,2490],"product_tag":[2493],"acf":[],"_links":{"self":[{"href":"https:\/\/donaulife-new.ogrisdigital.at\/fi\/wp-json\/wp\/v2\/product\/54137"}],"collection":[{"href":"https:\/\/donaulife-new.ogrisdigital.at\/fi\/wp-json\/wp\/v2\/product"}],"about":[{"href":"https:\/\/donaulife-new.ogrisdigital.at\/fi\/wp-json\/wp\/v2\/types\/product"}],"replies":[{"embeddable":true,"href":"https:\/\/donaulife-new.ogrisdigital.at\/fi\/wp-json\/wp\/v2\/comments?post=54137"}],"wp:featuredmedia":[{"embeddable":true,"href":"https:\/\/donaulife-new.ogrisdigital.at\/fi\/wp-json\/wp\/v2\/media\/37331"}],"wp:attachment":[{"href":"https:\/\/donaulife-new.ogrisdigital.at\/fi\/wp-json\/wp\/v2\/media?parent=54137"}],"wp:term":[{"taxonomy":"product_cat","embeddable":true,"href":"https:\/\/donaulife-new.ogrisdigital.at\/fi\/wp-json\/wp\/v2\/product_cat?post=54137"},{"taxonomy":"product_tag","embeddable":true,"href":"https:\/\/donaulife-new.ogrisdigital.at\/fi\/wp-json\/wp\/v2\/product_tag?post=54137"}],"curies":[{"name":"wp","href":"https:\/\/api.w.org\/{rel}","templated":true}]}}