{"id":54127,"date":"2022-10-25T07:49:28","date_gmt":"2022-10-25T07:49:28","guid":{"rendered":"https:\/\/donaulife-new.ogrisdigital.at\/produkt\/bonsanto-reflektionsfolie\/"},"modified":"2025-01-15T07:08:49","modified_gmt":"2025-01-15T07:08:49","slug":"bonsanto-reflektionsfolie","status":"publish","type":"product","link":"https:\/\/donaulife-new.ogrisdigital.at\/fi\/bonsanto-reflektionsfolie\/","title":{"rendered":"BONSANTO Reflektionsfolie"},"content":{"rendered":"<h2>Bonsanto Reflektionsfolie<\/h2>\n<p><strong>Mehr Ertrag ohne steigende Stromkosten? Kein Problem mit unserer Reflektionsfolie<\/strong><\/p>\n<p>Unsere Reflektionsfolien weisen mit 90% eine sehr hohe Reflektionsst\u00e4rke auf und reflektieren doppelt so viel Licht wie zum Beispiel herk\u00f6mmliche Rettungsfolien.<\/p>\n<p>Die Bonsanto Reflektionsfolie sorgt daf\u00fcr, dass das Licht eurer Lampe in der ganzen Grow-Box reflektiert wird und somit auch die unteren Bl\u00e4tter der Pflanze mit ausreichend Licht beleuchtet werden. Normalerweise werden die unteren Bl\u00e4tter der Pflanze mit weniger Licht versorgt, da sie von den Oberen verdeckt werden. Durch die Folie kann dieses Problem ganz einfach umgangen werden und ihr k\u00f6nnt kosteneffizient einen h\u00f6heren Ertrag erreichen, da eure Pflanze ohne erh\u00f6hten Stromverbrauch mit mehr Licht versorgt wird.<\/p>\n<p>Unsere Reflektionsfolie ist vorgestanzt, sodass sie perfekt auf die Mini-Grow-Box zugeschnitten ist und ihr euch l\u00e4stiges Zuschneiden einer Folie ersparen k\u00f6nnt. Die Reflektionsfolie beginnt bei den unteren Pflanzenbl\u00e4ttern und endet am Oberen Teil der Mini-Grow-Box (siehe Foto), sodass jeder Teil eurer Pflanze ausgeleuchtet wird. Die Folie l\u00e4sst sich nicht nur leicht anbringen, sondern auch schnell abl\u00f6sen, falls ihr sie nicht mehr ben\u00f6tigen solltet.<\/p>\n<p><strong>Au\u00dferdem ist unsere Folie lebensmittelunbedenklich, da wir einen Kleber verwenden, der verhindert, dass bei W\u00e4rmezufuhr giftige Gase\u00a0in der Grow-Box\u00a0entstehen.<\/strong><\/p>\n<p>Wenn Ihr also eine kosteneffiziente Methode sucht, um eurer Pflanze zu einem schnelleren Wachstum zu verhelfen, sind unsere Reflektionsfolien die einfachste L\u00f6sung.<\/p>\n<ul>\n<li>Reflektionsst\u00e4rke von 90%<\/li>\n<li>Lebensmittelunbedenklich<\/li>\n<li>Einfaches Anbringen<\/li>\n<li>Folie in Rollenform<\/li>\n<li>Wasserbest\u00e4ndig<\/li>\n<\/ul>\n<h3>Lieferumfang:<\/h3>\n<ul>\n<li>1 Rolle Reflektionsfolie (16 Meter Laufl\u00e4nge; 106mm Breit)<\/li>\n<\/ul>\n<h3>\u00dcber Bonsanto:<\/h3>\n<p>Noch nie war anbauen einfacher. Mit integrierter Bel\u00fcftung und LED Pflanzenlampe. <em>All-in-One Komplettl\u00f6sung \u2013 Getarnt als Koffer<\/em><br \/>\n<em>Kompakt, unauff\u00e4llig und leise. So baut man heute an.<\/em><\/p>\n","protected":false},"excerpt":{"rendered":"<p>Bonsanto Reflektionsfolie Mehr Ertrag ohne steigende Stromkosten? Kein Problem mit unserer Reflektionsfolie Unsere Reflektionsfolien weisen mit 90% eine sehr hohe<\/p>\n","protected":false},"featured_media":37295,"comment_status":"open","ping_status":"open","template":"","meta":{"_acf_changed":false},"product_cat":[3078,3075],"product_tag":[3616,3135,3136,3137,3138],"acf":[],"_links":{"self":[{"href":"https:\/\/donaulife-new.ogrisdigital.at\/fi\/wp-json\/wp\/v2\/product\/54127"}],"collection":[{"href":"https:\/\/donaulife-new.ogrisdigital.at\/fi\/wp-json\/wp\/v2\/product"}],"about":[{"href":"https:\/\/donaulife-new.ogrisdigital.at\/fi\/wp-json\/wp\/v2\/types\/product"}],"replies":[{"embeddable":true,"href":"https:\/\/donaulife-new.ogrisdigital.at\/fi\/wp-json\/wp\/v2\/comments?post=54127"}],"wp:featuredmedia":[{"embeddable":true,"href":"https:\/\/donaulife-new.ogrisdigital.at\/fi\/wp-json\/wp\/v2\/media\/37295"}],"wp:attachment":[{"href":"https:\/\/donaulife-new.ogrisdigital.at\/fi\/wp-json\/wp\/v2\/media?parent=54127"}],"wp:term":[{"taxonomy":"product_cat","embeddable":true,"href":"https:\/\/donaulife-new.ogrisdigital.at\/fi\/wp-json\/wp\/v2\/product_cat?post=54127"},{"taxonomy":"product_tag","embeddable":true,"href":"https:\/\/donaulife-new.ogrisdigital.at\/fi\/wp-json\/wp\/v2\/product_tag?post=54127"}],"curies":[{"name":"wp","href":"https:\/\/api.w.org\/{rel}","templated":true}]}}