{"id":54107,"date":"2022-10-14T15:32:51","date_gmt":"2022-10-14T15:32:51","guid":{"rendered":"https:\/\/donaulife-new.ogrisdigital.at\/produkt\/uncle-optimize-bong-wasser-500-ml\/"},"modified":"2024-07-01T01:02:19","modified_gmt":"2024-07-01T01:02:19","slug":"uncle-optimize-bong-wasser-500-ml","status":"publish","type":"product","link":"https:\/\/donaulife-new.ogrisdigital.at\/fi\/uncle-optimize-bong-wasser-500-ml\/","title":{"rendered":"UNCLE OPTIMIZE &#8216;Pipe Juice&#8217; | 500 ml"},"content":{"rendered":"<h2>Uncle Optimize &#8216;Pipe Juice&#8217; 500 ml<\/h2>\n<p>Uncle Optimize einzigartige Mischung aus nat\u00fcrlichen Extrakten verhindert die Bildung von Harz und Schmand auf deiner Bong, Bubbler oder deiner Shisha. Es ist 100% nat\u00fcrlich und absolut ungiftig! F\u00fcge Uncle Optimize zu einer sauberen Bong hinzu und dein sch\u00f6nes Glasst\u00fcck bleibt absolut rein und frei von Harzablagerungen. Wenn du den &#8216;Pipe Juice&#8217; wieder wechseln m\u00f6chtest sp\u00fcle sie mit hei\u00dfem Leitungswasser aus und deine Bong wird sauber sein!<\/p>\n<p>Au\u00dferdem wirkt die spezielle Viskosit\u00e4t des Uncle Optimize &#8216;Pipe Juice&#8217; auch als Filter von Rauchpartikeln, der die Hits sauberer &amp; viel geschmeidiger macht. Auch noch nach mehreren Hits!<\/p>\n<div style=\"width: 608px;\" class=\"wp-video\"><!--[if lt IE 9]><script>document.createElement('video');<\/script><![endif]-->\n<video class=\"wp-video-shortcode\" id=\"video-54107-1\" width=\"608\" height=\"1080\" poster=\"https:\/\/www.donaulife.com\/wp-content\/uploads\/2022\/10\/WalterVIDEO-m4v-image.jpg\" loop=\"1\" preload=\"metadata\" controls=\"controls\"><source type=\"video\/mp4\" src=\"https:\/\/www.donaulife.com\/wp-content\/uploads\/2022\/10\/WalterVIDEO.m4v?_=1\" \/><a href=\"https:\/\/www.donaulife.com\/wp-content\/uploads\/2022\/10\/WalterVIDEO.m4v\" target=\"_blank\" rel=\"noopener\">https:\/\/www.donaulife.com\/wp-content\/uploads\/2022\/10\/WalterVIDEO.m4v<\/a><\/video><\/div>\n<h3>Vorteile von Uncle Optimize &#8216;Pipe Juice&#8217;<\/h3>\n<ul>\n<li>H\u00e4lt deine Bong w\u00e4hrend des Rauchens sauber<\/li>\n<li>Wirkt wie ein Filter von Rauchpartikeln, was f\u00fcr viel sauberere und geschmeidigere Hits sorgt<\/li>\n<li>Die Viskosit\u00e4t erzeugt einen besseren Zug f\u00fcr einen tieferen Hit<\/li>\n<li>Reduziert den Geruch zwischen den Wasserwechseln<\/li>\n<li>Eliminiert die Notwendigkeit, deine Bong mit scharfen Chemikalien zu reinigen (nur eine kurze Sp\u00fclung mit Leitungswasser und deine Bong ist sauber!)<\/li>\n<li>perfekte Mischung bei jeder Anwendung von Bongs oder Wasserpfeifen<\/li>\n<li>Im K\u00fchlschrank aufbewahren f\u00fcr coole Hits<\/li>\n<li>Eignet sich hervorragend f\u00fcr Bl\u00fcten rauchen oder Konzentrat Dabs<\/li>\n<\/ul>\n<p><strong>PRODUKT-DETAILS<\/strong><\/p>\n<p>Mischung aus nat\u00fcrlichen Extrakten<\/p>\n<p>Inhalt: 500 mL<\/p>\n<p><strong>Bongf\u00fcllungen pro Flasche:<\/strong> Dies h\u00e4ngt von der Gr\u00f6\u00dfe deiner Wasserpfeife ab. Eine 500 ml Flasche sollte f\u00fcr 5-6 F\u00fcllungen von kleineren Dab Rigs reichen und f\u00fcr etwa 2-4 F\u00fcllungen f\u00fcr mittlere bis gro\u00dfe Bongs. Teste am besten vorher mit einem Messbecher wieviele ml deine Bong fasst.<\/p>\n<p><strong>Hits pro F\u00fcllung:<\/strong> Dies h\u00e4ngt sehr von der Benutzerpr\u00e4ferenz ab. Du kannst dein Bong Wasser so oft wechseln, wie du m\u00f6chtest. Tests haben besten Ergebnisse nach etwa 40 Hits gezeigt.<\/p>\n<p>Handgefertigt in kleinen Chargen<\/p>\n<h3>\u00dcber Uncle Optimize:<\/h3>\n<p>Optimize your smoke. With love. Daily use Bong Products. Mit Liebe Produziert in \u00d6sterreich.<\/p>\n","protected":false},"excerpt":{"rendered":"<p>Uncle Optimize &#8216;Pipe Juice&#8217; 500 ml Uncle Optimize einzigartige Mischung aus nat\u00fcrlichen Extrakten verhindert die Bildung von Harz und Schmand<\/p>\n","protected":false},"featured_media":37221,"comment_status":"open","ping_status":"closed","template":"","meta":{"_acf_changed":false},"product_cat":[2489,2459,2566,2506,2463,2718,2460],"product_tag":[3625],"acf":[],"_links":{"self":[{"href":"https:\/\/donaulife-new.ogrisdigital.at\/fi\/wp-json\/wp\/v2\/product\/54107"}],"collection":[{"href":"https:\/\/donaulife-new.ogrisdigital.at\/fi\/wp-json\/wp\/v2\/product"}],"about":[{"href":"https:\/\/donaulife-new.ogrisdigital.at\/fi\/wp-json\/wp\/v2\/types\/product"}],"replies":[{"embeddable":true,"href":"https:\/\/donaulife-new.ogrisdigital.at\/fi\/wp-json\/wp\/v2\/comments?post=54107"}],"wp:featuredmedia":[{"embeddable":true,"href":"https:\/\/donaulife-new.ogrisdigital.at\/fi\/wp-json\/wp\/v2\/media\/37221"}],"wp:attachment":[{"href":"https:\/\/donaulife-new.ogrisdigital.at\/fi\/wp-json\/wp\/v2\/media?parent=54107"}],"wp:term":[{"taxonomy":"product_cat","embeddable":true,"href":"https:\/\/donaulife-new.ogrisdigital.at\/fi\/wp-json\/wp\/v2\/product_cat?post=54107"},{"taxonomy":"product_tag","embeddable":true,"href":"https:\/\/donaulife-new.ogrisdigital.at\/fi\/wp-json\/wp\/v2\/product_tag?post=54107"}],"curies":[{"name":"wp","href":"https:\/\/api.w.org\/{rel}","templated":true}]}}