{"id":54099,"date":"2022-10-14T11:07:40","date_gmt":"2022-10-14T11:07:40","guid":{"rendered":"https:\/\/donaulife-new.ogrisdigital.at\/produkt\/plastic-fantastic-versteck-sonnenmilch\/"},"modified":"2024-07-01T01:02:13","modified_gmt":"2024-07-01T01:02:13","slug":"plastic-fantastic-versteck-sonnenmilch","status":"publish","type":"product","link":"https:\/\/donaulife-new.ogrisdigital.at\/fi\/plastic-fantastic-versteck-sonnenmilch\/","title":{"rendered":"PLASTIC FANTASTIC Versteck Sonnencreme 30 LSF"},"content":{"rendered":"<h2>Plastic Fantastic Versteckdose im Sonnenmilch Design<\/h2>\n<div class=\"cfmt\">\n<p>Mit dem Geheimversteck Sonnenmilch zur Abk\u00fchlung mal schnell ins Wasser gehen, k\u00fchle Getr\u00e4nke organisieren, oder mit den Kindern eine Sandburg am Ufer bauen \u2026 aber Moment \u2026:<\/p>\n<p>\u201e\u2026das Geld f\u00fcr den Badetag, der Hotelschl\u00fcssel, der wertvolle Fingerring. Wohin damit?\u201c<\/p>\n<p>Manchmal liegt die L\u00f6sung n\u00e4her, als man selbst oder der Langfinger denkt:<\/p>\n<p>Der Reisetresor \u201cSun Protect\u201c in der Gestaltung einer herk\u00f6mmlichen Sonnenmilch oder eines Sonnenspray. Wahlweise auch als Rasierschaum oder Haarspray kombinierbar.<\/p>\n<p>Sommer! Sonne! Strand! Meer!<\/p>\n<\/div>\n<h3>\u00dcber Plastic Fantastic:<\/h3>\n<p>Plastic Fantastic macht die besten Dosensafes der Welt und bietet eine Variation an verschiedenen Dosen sodass f\u00fcr jeden was dabei ist. Egal ob Getr\u00e4nkedose, Universal\u00f6l oder Dosenravioli. Die Konservenverstecke bieten immer einen sicheren Space f\u00fcr deine wertvollen Gegenst\u00e4nde.<\/p>\n<p>&nbsp;<\/p>\n","protected":false},"excerpt":{"rendered":"<p>Plastic Fantastic Versteckdose im Sonnenmilch Design Mit dem Geheimversteck Sonnenmilch zur Abk\u00fchlung mal schnell ins Wasser gehen, k\u00fchle Getr\u00e4nke organisieren,<\/p>\n","protected":false},"featured_media":37141,"comment_status":"open","ping_status":"closed","template":"","meta":{"_acf_changed":false},"product_cat":[2607,2451,2768],"product_tag":[2792],"acf":[],"_links":{"self":[{"href":"https:\/\/donaulife-new.ogrisdigital.at\/fi\/wp-json\/wp\/v2\/product\/54099"}],"collection":[{"href":"https:\/\/donaulife-new.ogrisdigital.at\/fi\/wp-json\/wp\/v2\/product"}],"about":[{"href":"https:\/\/donaulife-new.ogrisdigital.at\/fi\/wp-json\/wp\/v2\/types\/product"}],"replies":[{"embeddable":true,"href":"https:\/\/donaulife-new.ogrisdigital.at\/fi\/wp-json\/wp\/v2\/comments?post=54099"}],"wp:featuredmedia":[{"embeddable":true,"href":"https:\/\/donaulife-new.ogrisdigital.at\/fi\/wp-json\/wp\/v2\/media\/37141"}],"wp:attachment":[{"href":"https:\/\/donaulife-new.ogrisdigital.at\/fi\/wp-json\/wp\/v2\/media?parent=54099"}],"wp:term":[{"taxonomy":"product_cat","embeddable":true,"href":"https:\/\/donaulife-new.ogrisdigital.at\/fi\/wp-json\/wp\/v2\/product_cat?post=54099"},{"taxonomy":"product_tag","embeddable":true,"href":"https:\/\/donaulife-new.ogrisdigital.at\/fi\/wp-json\/wp\/v2\/product_tag?post=54099"}],"curies":[{"name":"wp","href":"https:\/\/api.w.org\/{rel}","templated":true}]}}