{"id":54098,"date":"2022-10-14T11:01:57","date_gmt":"2022-10-14T11:01:57","guid":{"rendered":"https:\/\/donaulife-new.ogrisdigital.at\/produkt\/plastic-fantastic-versteck-spezial-waffenoel\/"},"modified":"2024-07-01T01:02:13","modified_gmt":"2024-07-01T01:02:13","slug":"plastic-fantastic-versteck-spezial-waffenoel","status":"publish","type":"product","link":"https:\/\/donaulife-new.ogrisdigital.at\/fi\/plastic-fantastic-versteck-spezial-waffenoel\/","title":{"rendered":"PLASTIC FANTASTIC Versteck | Ballistol Waffen\u00f6l"},"content":{"rendered":"<h2>Plastic Fantastic Versteckdose im Waffen\u00f6l Design<\/h2>\n<div class=\"cfmt\">\n<div class=\"cfmt\">\n<p>Mit freundlicher Zusammenarbeit und Genehmigung von Klever \/ Ballistol\u00a0<a href=\"https:\/\/www.ballistol.de\/\" target=\"_blank\" rel=\"noopener noreferrer\">www.ballistol.de\/<\/a><\/p>\n<\/div>\n<div class=\"cfmt\">\n<ul>\n<li>Das\u00a0<strong>Geheimversteck Waffenoel<\/strong>\u00a0f\u00fcr Wertgegenst\u00e4nde greifen ein bew\u00e4hrtes Prinzip der Tarnung auf und verbergen den eigentlichen Charakter des Tresors durch das Erscheinungsbild eines herk\u00f6mmlichen Produktes.<br \/>\nDie Ballistol-\u00d6ldose f\u00e4llt in einem Regal mit Dosen wie z.B. in der Garage, im Keller, in der Abstellkammer oder im Schrank nicht als Tresor auf, und wird daher auch nicht als Safe f\u00fcr Wertgegenst\u00e4nde wahrgenommen.<\/li>\n<li>Versteckte Tresore sind einzigartige Sicherheitsprodukte nicht nur f\u00fcr zu Hause. Im Gegensatz zum herk\u00f6mmlichen Tresor und Beh\u00e4ltnissen, haben sie den Vorteil, auch unterwegs einsetzbar zu sein. Ob Wohnung, Garten, Arbeitsplatz, Hotel, Werkstatt, Camping,\u00a0Caravan, Boot, Garage,\u00a0Badezimmer, K\u00fcche: Dieser Dosentresor hat \u00fcberall seine Einsatzm\u00f6glichkeiten und f\u00fcgt sich in die nat\u00fcrliche Umgebung ein.<\/li>\n<li>Geld, Kreditkarten, Schmuck, Schl\u00fcssel, vertrauliche Dokumente, Medikamente und andere Wertgegenst\u00e4nde oder Geheimnisse: alles kann diskret versteckt werden.<\/li>\n<li>\u00dcber einen raffiniert angebrachten Schraubverschluss l\u00e4sst sich die Dose \u00f6ffnen.<\/li>\n<li>Der Dosensafe ist ebenso wie alle anderen Plasticfantastic Produkte ein langlebiges Qualit\u00e4tsprodukt. Der Inhalt ist spritzwassergesch\u00fctzt.<\/li>\n<\/ul>\n<p><strong>Fassungsverm\u00f6gen des Tresorraum ca. 500 ml,\u00a0<\/strong><strong>H\u00f6he der Dose\u00a0 21 cm,\u00a0<\/strong><strong>Durchmesser 6,5 cm<\/strong><\/p>\n<\/div>\n<\/div>\n<h3>\u00dcber Plastic Fantastic:<\/h3>\n<p>Plastic Fantastic macht die besten Dosensafes der Welt und bietet eine Variation an verschiedenen Dosen sodass f\u00fcr jeden was dabei ist. Egal ob Getr\u00e4nkedose, Universal\u00f6l oder Dosenravioli. Die Konservenverstecke bieten immer einen sicheren Space f\u00fcr deine wertvollen Gegenst\u00e4nde.<\/p>\n<p>&nbsp;<\/p>\n","protected":false},"excerpt":{"rendered":"<p>Plastic Fantastic Versteckdose im Waffen\u00f6l Design Mit freundlicher Zusammenarbeit und Genehmigung von Klever \/ Ballistol\u00a0www.ballistol.de\/ Das\u00a0Geheimversteck Waffenoel\u00a0f\u00fcr Wertgegenst\u00e4nde greifen ein<\/p>\n","protected":false},"featured_media":37139,"comment_status":"open","ping_status":"closed","template":"","meta":{"_acf_changed":false},"product_cat":[2607,2451,2768],"product_tag":[2792],"acf":[],"_links":{"self":[{"href":"https:\/\/donaulife-new.ogrisdigital.at\/fi\/wp-json\/wp\/v2\/product\/54098"}],"collection":[{"href":"https:\/\/donaulife-new.ogrisdigital.at\/fi\/wp-json\/wp\/v2\/product"}],"about":[{"href":"https:\/\/donaulife-new.ogrisdigital.at\/fi\/wp-json\/wp\/v2\/types\/product"}],"replies":[{"embeddable":true,"href":"https:\/\/donaulife-new.ogrisdigital.at\/fi\/wp-json\/wp\/v2\/comments?post=54098"}],"wp:featuredmedia":[{"embeddable":true,"href":"https:\/\/donaulife-new.ogrisdigital.at\/fi\/wp-json\/wp\/v2\/media\/37139"}],"wp:attachment":[{"href":"https:\/\/donaulife-new.ogrisdigital.at\/fi\/wp-json\/wp\/v2\/media?parent=54098"}],"wp:term":[{"taxonomy":"product_cat","embeddable":true,"href":"https:\/\/donaulife-new.ogrisdigital.at\/fi\/wp-json\/wp\/v2\/product_cat?post=54098"},{"taxonomy":"product_tag","embeddable":true,"href":"https:\/\/donaulife-new.ogrisdigital.at\/fi\/wp-json\/wp\/v2\/product_tag?post=54098"}],"curies":[{"name":"wp","href":"https:\/\/api.w.org\/{rel}","templated":true}]}}