{"id":54083,"date":"2022-10-12T10:27:01","date_gmt":"2022-10-12T10:27:01","guid":{"rendered":"https:\/\/donaulife-new.ogrisdigital.at\/produkt\/thorinder-aluminium-grinder-lightning-50-mm-4-teilig\/"},"modified":"2024-07-01T01:02:08","modified_gmt":"2024-07-01T01:02:08","slug":"thorinder-aluminium-grinder-lightning-50-mm-4-teilig","status":"publish","type":"product","link":"https:\/\/donaulife-new.ogrisdigital.at\/fi\/thorinder-aluminium-grinder-lightning-50-mm-4-teilig\/","title":{"rendered":"THORINDER Aluminium Grinder &#8216;Lightning&#8217; 50 mm | 4-teilig"},"content":{"rendered":"<h2>Thorinder Aluminium Grinder im Blitz Design<\/h2>\n<p>Der 4-teilige Thorinder Grinder von After Grow besteht aus High-Grade Aluminium. Er ist mit perfekt angeordneten und aufeinander abgestimmten Mahlz\u00e4hnen ausgestattet. Die Z\u00e4hne sind CNC-gefr\u00e4st und mit einem Diamantschliff versehen. Sie zerkleinern dir selbst das h\u00e4rteste Pflanzenmaterial zuverl\u00e4ssig. Das Sichtfenster ist kratzfest und l\u00e4sst dich bei der Zerkleinerung zusehen. Au\u00dferdem ist der Deckel mit starken Magneten best\u00fcckt, wodurch kein unerwartetes Missgeschick passieren kann. Dein Kraut bleibt also safe im Grinder.<\/p>\n<p>Alle Thorinder Grinder kommen in einer hochwertigen Geschenkbox mit einer Pollenschaufel und einem Echtheitszertifikat.<\/p>\n","protected":false},"excerpt":{"rendered":"<p>Thorinder Aluminium Grinder im Blitz Design Der 4-teilige Thorinder Grinder von After Grow besteht aus High-Grade Aluminium. Er ist mit<\/p>\n","protected":false},"featured_media":22169,"comment_status":"open","ping_status":"open","template":"","meta":{"_acf_changed":false},"product_cat":[2481,2482,2489,2480,2451,2483,2995],"product_tag":[],"acf":[],"_links":{"self":[{"href":"https:\/\/donaulife-new.ogrisdigital.at\/fi\/wp-json\/wp\/v2\/product\/54083"}],"collection":[{"href":"https:\/\/donaulife-new.ogrisdigital.at\/fi\/wp-json\/wp\/v2\/product"}],"about":[{"href":"https:\/\/donaulife-new.ogrisdigital.at\/fi\/wp-json\/wp\/v2\/types\/product"}],"replies":[{"embeddable":true,"href":"https:\/\/donaulife-new.ogrisdigital.at\/fi\/wp-json\/wp\/v2\/comments?post=54083"}],"wp:featuredmedia":[{"embeddable":true,"href":"https:\/\/donaulife-new.ogrisdigital.at\/fi\/wp-json\/wp\/v2\/media\/22169"}],"wp:attachment":[{"href":"https:\/\/donaulife-new.ogrisdigital.at\/fi\/wp-json\/wp\/v2\/media?parent=54083"}],"wp:term":[{"taxonomy":"product_cat","embeddable":true,"href":"https:\/\/donaulife-new.ogrisdigital.at\/fi\/wp-json\/wp\/v2\/product_cat?post=54083"},{"taxonomy":"product_tag","embeddable":true,"href":"https:\/\/donaulife-new.ogrisdigital.at\/fi\/wp-json\/wp\/v2\/product_tag?post=54083"}],"curies":[{"name":"wp","href":"https:\/\/api.w.org\/{rel}","templated":true}]}}