{"id":54026,"date":"2022-09-13T09:20:46","date_gmt":"2022-09-13T09:20:46","guid":{"rendered":"https:\/\/donaulife-new.ogrisdigital.at\/produkt\/blaze-glass-beakerbong-totem-375-cm-2\/"},"modified":"2025-01-15T07:08:59","modified_gmt":"2025-01-15T07:08:59","slug":"blaze-glass-beakerbong-totem-375-cm-2","status":"publish","type":"product","link":"https:\/\/donaulife-new.ogrisdigital.at\/fi\/blaze-glass-beakerbong-totem-375-cm-2\/","title":{"rendered":"BLAZE GLASS Beakerbong &#8216;Totem&#8217; | 37,5 cm"},"content":{"rendered":"<h2>Blaze Glass Kolbenbong mit Totem Design<\/h2>\n<p>Diese wundersch\u00f6ne, handgemachte Kolbenbong Totem unserer Premiummarke BLAZE GLASS verzaubert durch den strahlend-bunten Print auf edlem, schwarzen Borosilikatglas.<\/p>\n<p>Dazu kommen ein Diffusorschlitzadapter, dessen Rohr ebenfalls aus schwarzem Glas ist, ein Kr\u00e4uterk\u00f6pfchen mit praktischem, sch\u00f6n breitem Griff und eine robuste Wandst\u00e4rke von 5mm. In die Eiskammer passen viele rauchabk\u00fchlende Eisw\u00fcrfel, das Mundst\u00fcck ist angenehm abgerundet, es gibt ein Kickloch und der von innen bedruckte Pfeifenboden sorgt f\u00fcr einen weiteren WOW -Effekt.<\/p>\n<p>Au\u00dfergew\u00f6hnlich sch\u00f6nes Design trifft perfekte Funktionalit\u00e4t das ist BLAZE GLASS the Original . Design by Sly.<\/p>\n<div><span style=\"font-size: 20.16px;\">\u00dcber Blaze Glass:<\/span><\/div>\n<div>\n<div>\n<p>Blaze-Glass-Bongs sind aus spannungsfreiem 3.1-Borosilikatglas (vergleichbar mit Duranglas) h\u00f6chster G\u00fcteklasse gefertigt. Mindestens 5 mm Wandst\u00e4rke machen eine Wasserpfeife robust.<br \/>\nWir verwenden extrem passgenaue Normschliffe in 14,5 bzw. 18,8 mm. Je nach Bong-Geometrie kommen normale Schliffe, verst\u00e4rkte Schliffe und bi-stabile Schliffe (doppelte Wand) in unseren Produkten zum Einsatz.<\/p>\n<\/div>\n<\/div>\n","protected":false},"excerpt":{"rendered":"<p>Blaze Glass Kolbenbong mit Totem Design Diese wundersch\u00f6ne, handgemachte Kolbenbong Totem unserer Premiummarke BLAZE GLASS verzaubert durch den strahlend-bunten Print<\/p>\n","protected":false},"featured_media":36921,"comment_status":"open","ping_status":"open","template":"","meta":{"_acf_changed":false},"product_cat":[2514,2545,2459,2523,2515,2635,2506,2463],"product_tag":[2547],"acf":[],"_links":{"self":[{"href":"https:\/\/donaulife-new.ogrisdigital.at\/fi\/wp-json\/wp\/v2\/product\/54026"}],"collection":[{"href":"https:\/\/donaulife-new.ogrisdigital.at\/fi\/wp-json\/wp\/v2\/product"}],"about":[{"href":"https:\/\/donaulife-new.ogrisdigital.at\/fi\/wp-json\/wp\/v2\/types\/product"}],"replies":[{"embeddable":true,"href":"https:\/\/donaulife-new.ogrisdigital.at\/fi\/wp-json\/wp\/v2\/comments?post=54026"}],"wp:featuredmedia":[{"embeddable":true,"href":"https:\/\/donaulife-new.ogrisdigital.at\/fi\/wp-json\/wp\/v2\/media\/36921"}],"wp:attachment":[{"href":"https:\/\/donaulife-new.ogrisdigital.at\/fi\/wp-json\/wp\/v2\/media?parent=54026"}],"wp:term":[{"taxonomy":"product_cat","embeddable":true,"href":"https:\/\/donaulife-new.ogrisdigital.at\/fi\/wp-json\/wp\/v2\/product_cat?post=54026"},{"taxonomy":"product_tag","embeddable":true,"href":"https:\/\/donaulife-new.ogrisdigital.at\/fi\/wp-json\/wp\/v2\/product_tag?post=54026"}],"curies":[{"name":"wp","href":"https:\/\/api.w.org\/{rel}","templated":true}]}}