{"id":53999,"date":"2022-09-12T12:47:24","date_gmt":"2022-09-12T12:47:24","guid":{"rendered":"https:\/\/donaulife-new.ogrisdigital.at\/produkt\/blaze-glass-dab-bubbler-virus-24-cm\/"},"modified":"2024-07-01T01:01:25","modified_gmt":"2024-07-01T01:01:25","slug":"blaze-glass-dab-bubbler-virus-24-cm","status":"publish","type":"product","link":"https:\/\/donaulife-new.ogrisdigital.at\/fi\/blaze-glass-dab-bubbler-virus-24-cm\/","title":{"rendered":"BLAZE GLASS Dab-bubbler &#8216;Virus&#8217; | 24 cm"},"content":{"rendered":"<h2>Blaze Glass Bubbler f\u00fcr Extrakte<\/h2>\n<p>Tolle Glasbong von\u00a0<strong>BLAZE GLASS\u00ae<\/strong>\u00a0mit Banger zum Dabben von \u00d6l, Wax und anderen Extrakten. Der zweifarbige Virusperkolator sorgt mit unz\u00e4hligen Luft- und Wasserwirbel f\u00fcr Abk\u00fchlung und Filterung des Rauches.<\/p>\n<p>Die\u00a0<strong>BLAZE GLASS\u00ae<\/strong>\u00a0Dab-Rig ist aus robustem Borosilikatglas und steht standfest auf dem breiten Rundfu\u00df. Dabei ist die \u00d6lpfeife trotzdem sehr handlich. Selbstverst\u00e4ndlich kann man mit dieser Dab-Rig auch Kr\u00e4uter rauchen. Dazu einfach den \u00d6lbanger mit einem Kr\u00e4uterkopf (NS 14) austauschen.<\/p>\n<p>Dabben, so einfach geht es: Den Banger an der Unterseite (ausschlie\u00dflich!) mit einem Jet-Brenner stark erhitzen, kurz abk\u00fchlen lassen, Extrakt mit einem Dabber in den Banger geben. Dann den entstehenden Rauch langsam inhalieren.<\/p>\n<div><span style=\"font-size: 20.16px;\">\u00dcber Blaze Glass:<\/span><\/div>\n<div>\n<div>\n<p>Blaze-Glass-Bongs sind aus spannungsfreiem 3.1-Borosilikatglas (vergleichbar mit Duranglas) h\u00f6chster G\u00fcteklasse gefertigt. Mindestens 5 mm Wandst\u00e4rke machen eine Wasserpfeife robust.<br \/>\nWir verwenden extrem passgenaue Normschliffe in 14,5 bzw. 18,8 mm. Je nach Bong-Geometrie kommen normale Schliffe, verst\u00e4rkte Schliffe und bi-stabile Schliffe (doppelte Wand) in unseren Produkten zum Einsatz.<\/p>\n<\/div>\n<\/div>\n","protected":false},"excerpt":{"rendered":"<p>Blaze Glass Bubbler f\u00fcr Extrakte Tolle Glasbong von\u00a0BLAZE GLASS\u00ae\u00a0mit Banger zum Dabben von \u00d6l, Wax und anderen Extrakten. Der zweifarbige<\/p>\n","protected":false},"featured_media":36757,"comment_status":"open","ping_status":"open","template":"","meta":{"_acf_changed":false},"product_cat":[2514,2545,2459,2513,2549,2550,2546,2577,2506,2463,2520,2551],"product_tag":[2547],"acf":[],"_links":{"self":[{"href":"https:\/\/donaulife-new.ogrisdigital.at\/fi\/wp-json\/wp\/v2\/product\/53999"}],"collection":[{"href":"https:\/\/donaulife-new.ogrisdigital.at\/fi\/wp-json\/wp\/v2\/product"}],"about":[{"href":"https:\/\/donaulife-new.ogrisdigital.at\/fi\/wp-json\/wp\/v2\/types\/product"}],"replies":[{"embeddable":true,"href":"https:\/\/donaulife-new.ogrisdigital.at\/fi\/wp-json\/wp\/v2\/comments?post=53999"}],"wp:featuredmedia":[{"embeddable":true,"href":"https:\/\/donaulife-new.ogrisdigital.at\/fi\/wp-json\/wp\/v2\/media\/36757"}],"wp:attachment":[{"href":"https:\/\/donaulife-new.ogrisdigital.at\/fi\/wp-json\/wp\/v2\/media?parent=53999"}],"wp:term":[{"taxonomy":"product_cat","embeddable":true,"href":"https:\/\/donaulife-new.ogrisdigital.at\/fi\/wp-json\/wp\/v2\/product_cat?post=53999"},{"taxonomy":"product_tag","embeddable":true,"href":"https:\/\/donaulife-new.ogrisdigital.at\/fi\/wp-json\/wp\/v2\/product_tag?post=53999"}],"curies":[{"name":"wp","href":"https:\/\/api.w.org\/{rel}","templated":true}]}}