{"id":53982,"date":"2022-09-12T11:11:14","date_gmt":"2022-09-12T11:11:14","guid":{"rendered":"https:\/\/donaulife-new.ogrisdigital.at\/produkt\/black-leaf-sidecar-bubbler-kleiner-specht-19-cm\/"},"modified":"2024-07-01T01:01:14","modified_gmt":"2024-07-01T01:01:14","slug":"black-leaf-sidecar-bubbler-kleiner-specht-19-cm","status":"publish","type":"product","link":"https:\/\/donaulife-new.ogrisdigital.at\/fi\/black-leaf-sidecar-bubbler-kleiner-specht-19-cm\/","title":{"rendered":"BLACK LEAF Sidecar Bubbler &#8216;kleiner Specht&#8217; | 17,5 cm"},"content":{"rendered":"<h2>Black Leaf Dab Bubbler mit integriertem Nagel<\/h2>\n<div class=\"std\">Auf die Gr\u00f6\u00dfe kommt es nicht an \u2013 das beweist mal wieder der kleine und sehr handliche Percolator Bubbler, die es in sich hat! Da w\u00e4re zuerst der Silthole Trommel Percolator, der durch die Wasserverwirbelung f\u00fcr\u00a0 Rauchabk\u00fchlung und \u2013filterung sorgt.<\/div>\n<div class=\"std\">Durch ihre Gr\u00f6\u00dfe und den Rauchverwirbeler eignet sich die Wasserpfeife aus Borosilikatglas sehr gut zum \u00d6l rauchen. Dazu braucht man nur den \u00d6lnagel zu erhitzen und einzuklappen. Es kann sofort losgehen.<\/div>\n<div class=\"std\">Die Wandst\u00e4rke von 5mm macht die \u201aKleine\u2018 zudem auch bei Dauergebrauch sehr robust!<\/div>\n<div><\/div>\n<div>\n<h3><span style=\"font-size: 20.16px;\">\u00dcber Black Leaf:<\/span><\/h3>\n<div>\n<p>In Weed We Trust ? Smoking\u00a0<em>Paraphernalia<\/em> seit 1988: Bongs, Pfeifen, Vaporizer, Grinder, Dabbing Zubeh\u00f6r, Paper &amp; Filter, Lifestyle Produkte. Es gibt viele Innovative Produkte der Marke die auch die ein oder andere Weltneuheit erschaffen haben. Im Shop bieten wir von allen Produkten die beste Auswahl.<\/p>\n<\/div>\n<\/div>\n","protected":false},"excerpt":{"rendered":"<p>Black Leaf Dab Bubbler mit integriertem Nagel Auf die Gr\u00f6\u00dfe kommt es nicht an \u2013 das beweist mal wieder der<\/p>\n","protected":false},"featured_media":36680,"comment_status":"open","ping_status":"open","template":"","meta":{"_acf_changed":false},"product_cat":[2514,2548,2459,2513,2549,2550,2507,2546,2577,2506,2463,2520,2551],"product_tag":[2521],"acf":[],"_links":{"self":[{"href":"https:\/\/donaulife-new.ogrisdigital.at\/fi\/wp-json\/wp\/v2\/product\/53982"}],"collection":[{"href":"https:\/\/donaulife-new.ogrisdigital.at\/fi\/wp-json\/wp\/v2\/product"}],"about":[{"href":"https:\/\/donaulife-new.ogrisdigital.at\/fi\/wp-json\/wp\/v2\/types\/product"}],"replies":[{"embeddable":true,"href":"https:\/\/donaulife-new.ogrisdigital.at\/fi\/wp-json\/wp\/v2\/comments?post=53982"}],"wp:featuredmedia":[{"embeddable":true,"href":"https:\/\/donaulife-new.ogrisdigital.at\/fi\/wp-json\/wp\/v2\/media\/36680"}],"wp:attachment":[{"href":"https:\/\/donaulife-new.ogrisdigital.at\/fi\/wp-json\/wp\/v2\/media?parent=53982"}],"wp:term":[{"taxonomy":"product_cat","embeddable":true,"href":"https:\/\/donaulife-new.ogrisdigital.at\/fi\/wp-json\/wp\/v2\/product_cat?post=53982"},{"taxonomy":"product_tag","embeddable":true,"href":"https:\/\/donaulife-new.ogrisdigital.at\/fi\/wp-json\/wp\/v2\/product_tag?post=53982"}],"curies":[{"name":"wp","href":"https:\/\/api.w.org\/{rel}","templated":true}]}}