{"id":53966,"date":"2022-09-11T21:50:54","date_gmt":"2022-09-11T21:50:54","guid":{"rendered":"https:\/\/donaulife-new.ogrisdigital.at\/produkt\/heisenberg-glasbong-payday-38-cm\/"},"modified":"2024-07-01T01:01:01","modified_gmt":"2024-07-01T01:01:01","slug":"heisenberg-glasbong-payday-38-cm","status":"publish","type":"product","link":"https:\/\/donaulife-new.ogrisdigital.at\/fi\/heisenberg-glasbong-payday-38-cm\/","title":{"rendered":"HEISENBERG Glasbong &#8216;Payday&#8217; | 38 cm"},"content":{"rendered":"<h2>Heisenberg Glasbong mit Panzerschliff<\/h2>\n<div id=\"description\" class=\"data item content\" role=\"tabpanel\" data-role=\"content\" aria-labelledby=\"tab-label-description\" aria-hidden=\"false\">\n<div class=\"product attribute description\">\n<div class=\"value\">\n<p>Diese mittelgro\u00dfe, schlanke Glasbong kommt ohne Schn\u00f6rkel und ohne technische Hilfsmittel aus wie Perkolatoren, Diffuser oder zus\u00e4tzliche Wasserkammern. Diese Wasserpfeife kommt so pur daher, wie die Freude an ihr.<br \/>\nHeisenberg Payday macht sich bezahlt, wenn du reinen, ehrlichen Genuss willst, wenn du wenig Lust hast, deine Bong langwierig und aufwendig zu reinigen, wenn dir schlichtes Design am Herzen liegt.<br \/>\nDer Payday ist sein Geld wert &#8211; in dieser Variante mit schwarzem Schriftzug und einer Glasdicke von 4mm.<\/p>\n<\/div>\n<\/div>\n<\/div>\n<div>\n<h3>\u00dcber Heisenberg:<\/h3>\n<div>\n<p>Heisenberg \u2013 nicht nur durch Breaking Bad ein Ph\u00e4nomen. Die Marke Heisenberg ist unter anderem durch ihre Glasbongs bekannt geworden. Keine Bong der Heisenberg Serie ist wie die andere. Hier werden verschiedene Gestaltungselemente geboten, wie beispielsweise poppige Farben oder mit Glow in the dark Funktion, Pl\u00e4tzen zum Einsetzen von LED Beleuchtung und anderen Extras.<\/p>\n<p>Bei dem interessanten Sortiment an Glasbongs, ist mit Sicherheit auch was f\u00fcr dich dabei!<\/p>\n<\/div>\n<\/div>\n","protected":false},"excerpt":{"rendered":"<p>Heisenberg Glasbong mit Panzerschliff Diese mittelgro\u00dfe, schlanke Glasbong kommt ohne Schn\u00f6rkel und ohne technische Hilfsmittel aus wie Perkolatoren, Diffuser oder<\/p>\n","protected":false},"featured_media":36552,"comment_status":"open","ping_status":"open","template":"","meta":{"_acf_changed":false},"product_cat":[2514,2459,2510,2507,3404,2523,2515,2506,2463],"product_tag":[3405,2466],"acf":[],"_links":{"self":[{"href":"https:\/\/donaulife-new.ogrisdigital.at\/fi\/wp-json\/wp\/v2\/product\/53966"}],"collection":[{"href":"https:\/\/donaulife-new.ogrisdigital.at\/fi\/wp-json\/wp\/v2\/product"}],"about":[{"href":"https:\/\/donaulife-new.ogrisdigital.at\/fi\/wp-json\/wp\/v2\/types\/product"}],"replies":[{"embeddable":true,"href":"https:\/\/donaulife-new.ogrisdigital.at\/fi\/wp-json\/wp\/v2\/comments?post=53966"}],"wp:featuredmedia":[{"embeddable":true,"href":"https:\/\/donaulife-new.ogrisdigital.at\/fi\/wp-json\/wp\/v2\/media\/36552"}],"wp:attachment":[{"href":"https:\/\/donaulife-new.ogrisdigital.at\/fi\/wp-json\/wp\/v2\/media?parent=53966"}],"wp:term":[{"taxonomy":"product_cat","embeddable":true,"href":"https:\/\/donaulife-new.ogrisdigital.at\/fi\/wp-json\/wp\/v2\/product_cat?post=53966"},{"taxonomy":"product_tag","embeddable":true,"href":"https:\/\/donaulife-new.ogrisdigital.at\/fi\/wp-json\/wp\/v2\/product_tag?post=53966"}],"curies":[{"name":"wp","href":"https:\/\/api.w.org\/{rel}","templated":true}]}}