{"id":53850,"date":"2022-07-01T07:31:04","date_gmt":"2022-07-01T07:31:04","guid":{"rendered":"https:\/\/donaulife-new.ogrisdigital.at\/produkt\/raw-glas-aschenbecher-regenbogen\/"},"modified":"2025-01-15T07:09:32","modified_gmt":"2025-01-15T07:09:32","slug":"raw-glas-aschenbecher-regenbogen","status":"publish","type":"product","link":"https:\/\/donaulife-new.ogrisdigital.at\/fi\/raw-glas-aschenbecher-regenbogen\/","title":{"rendered":"RAW Glas Aschenbecher | Regenbogen"},"content":{"rendered":"<h2>RAW Glas Aschenbecher im Rainbow Design<\/h2>\n<div class=\"teaser\">Der RAW Glas-Aschenbecher wird der Star deiner n\u00e4chsten Rauchsession sein! Diese wundersch\u00f6nen Prismen-Aschenbecher mit Diamant-Facetten-Schliff k\u00f6nnte dich auf eine Regenbogenreise mitnehmen.<\/div>\n<p>Ma\u00dfe: 11,5 cm Durchmesser<\/p>\n<h3>\u00dcber RAW:<\/h3>\n<p>RAW \u2013 Die nat\u00fcrliche Art zu rollen.<\/p>\n<p>Seit dem 1. Tag hat RAW den Auftrag, die F\u00fchrungsrolle in der Papierrollenindustrie zu \u00fcbernehmen. RAW hat die Welt des Rauchens revolutioniert, indem sie Produkte geschaffen hat, die von Natur aus genial gestaltet sind, um das Raucherlebnis zu verbessern.<\/p>\n<p>RAW stellt nur qualitativ hochwertige und umweltfreundliche Produkte her, die Ihr Raucherlebnis verbessern, und wir werden das wof\u00fcr wir stehen niemals \u00e4ndern. Wir genie\u00dfen es, unser unraffiniertes Papier jeden Tag zu rauchen, und wir werden es immer komplett rein also \u201cRAW\u201d belassen \u2013 f\u00fcr dich und uns!<\/p>\n","protected":false},"excerpt":{"rendered":"<p>RAW Glas Aschenbecher im Rainbow Design Der RAW Glas-Aschenbecher wird der Star deiner n\u00e4chsten Rauchsession sein! Diese wundersch\u00f6nen Prismen-Aschenbecher mit<\/p>\n","protected":false},"featured_media":36050,"comment_status":"open","ping_status":"open","template":"","meta":{"_acf_changed":false},"product_cat":[2744,2489,2451,2490],"product_tag":[2493],"acf":[],"_links":{"self":[{"href":"https:\/\/donaulife-new.ogrisdigital.at\/fi\/wp-json\/wp\/v2\/product\/53850"}],"collection":[{"href":"https:\/\/donaulife-new.ogrisdigital.at\/fi\/wp-json\/wp\/v2\/product"}],"about":[{"href":"https:\/\/donaulife-new.ogrisdigital.at\/fi\/wp-json\/wp\/v2\/types\/product"}],"replies":[{"embeddable":true,"href":"https:\/\/donaulife-new.ogrisdigital.at\/fi\/wp-json\/wp\/v2\/comments?post=53850"}],"wp:featuredmedia":[{"embeddable":true,"href":"https:\/\/donaulife-new.ogrisdigital.at\/fi\/wp-json\/wp\/v2\/media\/36050"}],"wp:attachment":[{"href":"https:\/\/donaulife-new.ogrisdigital.at\/fi\/wp-json\/wp\/v2\/media?parent=53850"}],"wp:term":[{"taxonomy":"product_cat","embeddable":true,"href":"https:\/\/donaulife-new.ogrisdigital.at\/fi\/wp-json\/wp\/v2\/product_cat?post=53850"},{"taxonomy":"product_tag","embeddable":true,"href":"https:\/\/donaulife-new.ogrisdigital.at\/fi\/wp-json\/wp\/v2\/product_tag?post=53850"}],"curies":[{"name":"wp","href":"https:\/\/api.w.org\/{rel}","templated":true}]}}