{"id":53849,"date":"2022-06-29T14:35:55","date_gmt":"2022-06-29T14:35:55","guid":{"rendered":"https:\/\/donaulife-new.ogrisdigital.at\/produkt\/purize-smell-proof-bag-xs-9-x-10-cm\/"},"modified":"2024-07-01T00:59:45","modified_gmt":"2024-07-01T00:59:45","slug":"purize-smell-proof-bag-xs-9-x-10-cm","status":"publish","type":"product","link":"https:\/\/donaulife-new.ogrisdigital.at\/fi\/purize-smell-proof-bag-xs-9-x-10-cm\/","title":{"rendered":"PURIZE\u00ae Smell Proof Bag XS | 9 x 10 cm"},"content":{"rendered":"<h2>Purize Regular Aktivkohle gefilterte Tasche<\/h2>\n<div>\n<p>Mies f\u00fcr den Mief: Unsere PURIZE\u00ae-Aktivkohletasche-XS!<\/p>\n<div><\/div>\n<div>Die neue PURIZE\u00ae-Aktivkohletasche ist mit luftdichten Materialien, einem wasserdichten Rei\u00dfverschluss und einem Aktivkohlefutter verarbeitet, sodass Ger\u00fcche sehr gut absorbiert werden \u2013 mies f\u00fcr den Mief eben. Die Tasche bietet gen\u00fcgend Platz, um darin geliebte Gegenst\u00e4nde und Utensilien m\u00f6glichst geruchsfrei und anonym von A nach B zu transportieren.<\/div>\n<div>Auch mit dem Design bleibst Du undercover: klassisch, minimalistisch, medizinisch und zeitlos \u2013 passt also. Und wenn\u2019s dann doch mal darauf ankommt, halten die Materialien den Geruch, das Schloss die langen Finger besonders fern: So haben wir ein sicheren Schlie\u00dfmechanismus in den Rucksack integriert, sodass alles sch\u00f6n sicher bleibt.<\/div>\n<div><\/div>\n<div>Vorteile:<\/div>\n<div>\n<ul>\n<li>L\u00e4sst ungew\u00fcnschten Ger\u00fcchen wenig Chance<\/li>\n<li>Schickes, zeitloses Design<\/li>\n<\/ul>\n<\/div>\n<div>Maximale F\u00fcllmenge: Der t\u00e4gliche Fuffi!<\/div>\n<div><\/div>\n<div>Der Innenraum unserer Aktivkohletasche sollte aufgrund der absorbierenden Aktivkohle nicht mit Luftfeuchtigkeit oder Wasser in Kontakt kommen!<\/div>\n<div><\/div>\n<div>Ma\u00dfe:<br \/>\nL: 100 mm<br \/>\nH: 90 mm<\/div>\n<\/div>\n<h3>\u00dcber Purize:<\/h3>\n<p>PURIZE\u00ae Filters verfolgt die Vision, genussorientierten Rauchern \u2013 mit Hilfe eines PURIZE\u00ae Aktivkohlefilters \u2013 ein deutlich schadstoffreduziertes und angenehmeres Raucherlebnis aufzuzeigen.<\/p>\n<p><a href=\"https:\/\/www.donaulife.com\/beliebte-marken\/purize-filters\/\" target=\"_blank\" rel=\"noopener\"><img decoding=\"async\" class=\"wp-image-31747 alignleft\" src=\"https:\/\/www.donaulife.com\/wp-content\/uploads\/2021\/02\/Purize-filter-300x206.png\" alt=\"\" width=\"262\" height=\"180\" \/><\/a><\/p>\n<p>Mit den zwei Gr\u00f6\u00dfenvarianten und den verschiedenen Farb-Specials kommt jeder auf seine Kosten. Die XTRA Slim Size-Aktivkohlefilter haben einen Durchmesser von 5,9 mm und waren damit Vorreiter in Bezug auf Design und Gr\u00f6\u00dfe. Unsere Regular-Version besticht durch ihren sauberen Durchzug, der durch den Durchmesser von 9 mm garantiert wird.So kommen auch nur die Wirkstoffe und Aromen die Ihr Euch beim Rauchen w\u00fcnscht,letzten Endes auch in der Lunge an. Kratzige Mischungen schmecken deutlich milder, selbst das Pur rauchen wird sp\u00fcrbar angenehmer und milder. Egal wie herum Ihr unsere Filter eindreht oder einsetzt, es gibt keine Verwechslungen mehr, ob richtig oder falsch, PURIZE\u00ae passt immer! L\u00e4stiges Halskratzen &amp; Husten geh\u00f6rt ab jetzt zur Vergangenheit.<\/p>\n<div><\/div>\n<p><strong>Egal ob XTRA Slim oder Regular such dir einfach eine Farbe deiner Wahl aus und genie\u00dfe k\u00fchlen, milden Rauchgenuss!<\/strong><\/p>\n<p>&nbsp;<\/p>\n","protected":false},"excerpt":{"rendered":"<p>Purize Regular Aktivkohle gefilterte Tasche Mies f\u00fcr den Mief: Unsere PURIZE\u00ae-Aktivkohletasche-XS! Die neue PURIZE\u00ae-Aktivkohletasche ist mit luftdichten Materialien, einem wasserdichten<\/p>\n","protected":false},"featured_media":35992,"comment_status":"open","ping_status":"closed","template":"","meta":{"_acf_changed":false},"product_cat":[2607,2489,2969,2451,2861],"product_tag":[],"acf":[],"_links":{"self":[{"href":"https:\/\/donaulife-new.ogrisdigital.at\/fi\/wp-json\/wp\/v2\/product\/53849"}],"collection":[{"href":"https:\/\/donaulife-new.ogrisdigital.at\/fi\/wp-json\/wp\/v2\/product"}],"about":[{"href":"https:\/\/donaulife-new.ogrisdigital.at\/fi\/wp-json\/wp\/v2\/types\/product"}],"replies":[{"embeddable":true,"href":"https:\/\/donaulife-new.ogrisdigital.at\/fi\/wp-json\/wp\/v2\/comments?post=53849"}],"wp:featuredmedia":[{"embeddable":true,"href":"https:\/\/donaulife-new.ogrisdigital.at\/fi\/wp-json\/wp\/v2\/media\/35992"}],"wp:attachment":[{"href":"https:\/\/donaulife-new.ogrisdigital.at\/fi\/wp-json\/wp\/v2\/media?parent=53849"}],"wp:term":[{"taxonomy":"product_cat","embeddable":true,"href":"https:\/\/donaulife-new.ogrisdigital.at\/fi\/wp-json\/wp\/v2\/product_cat?post=53849"},{"taxonomy":"product_tag","embeddable":true,"href":"https:\/\/donaulife-new.ogrisdigital.at\/fi\/wp-json\/wp\/v2\/product_tag?post=53849"}],"curies":[{"name":"wp","href":"https:\/\/api.w.org\/{rel}","templated":true}]}}