{"id":53809,"date":"2022-05-20T13:29:39","date_gmt":"2022-05-20T13:29:39","guid":{"rendered":"https:\/\/donaulife-new.ogrisdigital.at\/produkt\/elements-aluminium-grinder-blau-48-61-mm\/"},"modified":"2024-07-01T00:59:26","modified_gmt":"2024-07-01T00:59:26","slug":"elements-aluminium-grinder-blau-48-61-mm","status":"publish","type":"product","link":"https:\/\/donaulife-new.ogrisdigital.at\/fi\/elements-aluminium-grinder-blau-48-61-mm\/","title":{"rendered":"ELEMENTS Aluminium Grinder Blau | 48 &#8211; 61 mm"},"content":{"rendered":"<h2>Elements Aluminium Grinder blau<\/h2>\n<p>Der Elements Aluminium Grinder ist ein klassischer blau eloxierter Grinder hat jedoch ein paar spezielle Finessen zu bieten. Die obeste Seite ist geriffelt f\u00fcr extrem guten Grip. Die Z\u00e4hne sind so angeordnet das alles perfekt zerschnitten wird. Das gute St\u00fcck gibt es so gut wie in jeder Gr\u00f6\u00dfe damit f\u00fcr jeden etwas dabei ist.<\/p>\n<p>Durchmesser:<\/p>\n<p>S: 48 mm<br \/>\nM: 55 mm<br \/>\nL: 61 mm<\/p>\n<h3>\u00dcber Elements:<\/h3>\n<div>Elements Rolling Papers sind im Einklang mit der Natur entstanden.<\/div>\n<div>\n<p>&nbsp;<\/p>\n<\/div>\n<div class=\"std\">[row ][col span=&#8221;1\/4&#8243; ]<br \/>\n<img decoding=\"async\" class=\"alignnone size-full wp-image-20681\" style=\"color: #333333; font-size: 14.4px;\" src=\"https:\/\/www.donaulife.com\/wp-content\/uploads\/2020\/03\/icon_home_col1.png\" alt=\"\" width=\"185\" height=\"130\" \/>Elements Rolling Papers werden aus nat\u00fcrlichen Materialien hergestellt. Sie brennen fast ohne Asche, mit Ausnahme des nat\u00fcrlichen Zuckers, der sich bei der Verbrennung in Karamell verwandelt. Das Ergebnis? Das beste roll Papier, das der Mensch je gesehen hat.[\/col]<br \/>\n[col span=&#8221;1\/4&#8243; ]<br \/>\n<img decoding=\"async\" class=\"alignnone size-full wp-image-20683\" style=\"font-size: 14.4px;\" src=\"https:\/\/www.donaulife.com\/wp-content\/uploads\/2020\/03\/icon_home_col3.png\" alt=\"\" width=\"185\" height=\"130\" \/>Elements Rolling Papers beinhalten auch das Element Wind. Die Produktion f\u00fcr diese sch\u00f6nen Papiere findet in einer kleinen Region Spaniens namens Alcoy statt, in den Bergen n\u00f6rdlich von Alicante, Spanien. Alcoy ist bekannt als die Geburtsst\u00e4tte der Rolling Papers (ca. um 1700).[\/col]<br \/>\n[col span=&#8221;1\/4&#8243; ]<br \/>\n<img decoding=\"async\" class=\"alignnone size-full wp-image-20682\" src=\"https:\/\/www.donaulife.com\/wp-content\/uploads\/2020\/03\/icon_home_col2.png\" alt=\"\" width=\"185\" height=\"130\" \/>Jedes Blatt ist mit dem firmeneigenen, kreuz und quer verlaufenden Wasserzeichen bedruckt. Dieses Wasserzeichen erm\u00f6glicht ein glattes und gleichm\u00e4\u00dfiges Abbrennen. H\u00e4lst du ein Blatt Elements Rolling Papers ans Licht wirst du sehen wie das sch\u00f6ne Wasserzeichen in jedes Blatt gepresst wird.[\/col]<br \/>\n[col span=&#8221;1\/4&#8243; ]<br \/>\n<img loading=\"lazy\" decoding=\"async\" class=\"alignnone size-full wp-image-20684\" src=\"https:\/\/www.donaulife.com\/wp-content\/uploads\/2020\/03\/icon_home_col4.png\" alt=\"\" width=\"185\" height=\"130\" \/>Elements Rolling Papers sind f\u00fcr das Feuer konzipiert, und leider verbrennen sie fast perfekt mit keiner Asche. Die Papers sind so konzipiert, dass sie unglaublich sauber brennen und den Geschmack deines Rauchs nicht ver\u00e4ndern.[\/col][\/row]<\/div>\n","protected":false},"excerpt":{"rendered":"<p>Elements Aluminium Grinder blau Der Elements Aluminium Grinder ist ein klassischer blau eloxierter Grinder hat jedoch ein paar spezielle Finessen<\/p>\n","protected":false},"featured_media":35842,"comment_status":"open","ping_status":"open","template":"","meta":{"_acf_changed":false},"product_cat":[2481,2482,2480,2451,2483],"product_tag":[3144],"acf":[],"_links":{"self":[{"href":"https:\/\/donaulife-new.ogrisdigital.at\/fi\/wp-json\/wp\/v2\/product\/53809"}],"collection":[{"href":"https:\/\/donaulife-new.ogrisdigital.at\/fi\/wp-json\/wp\/v2\/product"}],"about":[{"href":"https:\/\/donaulife-new.ogrisdigital.at\/fi\/wp-json\/wp\/v2\/types\/product"}],"replies":[{"embeddable":true,"href":"https:\/\/donaulife-new.ogrisdigital.at\/fi\/wp-json\/wp\/v2\/comments?post=53809"}],"wp:featuredmedia":[{"embeddable":true,"href":"https:\/\/donaulife-new.ogrisdigital.at\/fi\/wp-json\/wp\/v2\/media\/35842"}],"wp:attachment":[{"href":"https:\/\/donaulife-new.ogrisdigital.at\/fi\/wp-json\/wp\/v2\/media?parent=53809"}],"wp:term":[{"taxonomy":"product_cat","embeddable":true,"href":"https:\/\/donaulife-new.ogrisdigital.at\/fi\/wp-json\/wp\/v2\/product_cat?post=53809"},{"taxonomy":"product_tag","embeddable":true,"href":"https:\/\/donaulife-new.ogrisdigital.at\/fi\/wp-json\/wp\/v2\/product_tag?post=53809"}],"curies":[{"name":"wp","href":"https:\/\/api.w.org\/{rel}","templated":true}]}}