{"id":53759,"date":"2022-05-06T14:28:11","date_gmt":"2022-05-06T14:28:11","guid":{"rendered":"https:\/\/donaulife-new.ogrisdigital.at\/produkt\/black-leaf-lotus-grinder-4-teilig-o-55-63-mm\/"},"modified":"2024-07-01T00:58:59","modified_gmt":"2024-07-01T00:58:59","slug":"black-leaf-lotus-grinder-4-teilig-o-55-63-mm","status":"publish","type":"product","link":"https:\/\/donaulife-new.ogrisdigital.at\/fi\/black-leaf-lotus-grinder-4-teilig-o-55-63-mm\/","title":{"rendered":"BLACK LEAF Lotus Grinder 4-teilig | \u00d8 55\/63 mm"},"content":{"rendered":"<h2><strong><span style=\"font-size: 23.04px;\">Black Leaf Lotus Grinder mit Keramikbeschichtung<\/span><\/strong><\/h2>\n<p>Putzmuffel? Dann ist dieser 4-teilige\u00a0<strong>Black Leaf\u00ae<\/strong>\u00a0Grinder mit Lotuseffekt die richtige Wahl! Der Kr\u00e4utercrusher aus bestem Aerospace-Aluminium ist komplett mit einer Schicht antihaftender Keramik versiegelt.<\/p>\n<p>Dadurch bleiben Verschmutzungen nicht kleben, sondern perlen quasi ab. Somit k\u00f6nnte man auch sagen, dass der &#8216;Lotus&#8217; selbstreinigend ist. Da unsere Kr\u00e4uter und Gew\u00fcrze oft ziemlich klebrig sind, bleibt nat\u00fcrlich doch mal etwas haften \u2013 doch diese kleinen Verunreinigungen lassen sich schnell mit hei\u00dfem Wasser absp\u00fclen. Der &#8216;Lotus&#8217; erstrahlt wieder im neuen Glanz!<\/p>\n<p>Aber auch sonst hat der Grinder viel zu bieten: Starke Trapezz\u00e4hne, die Kr\u00e4uter und H\u00e4rteres zuverl\u00e4ssig zerkleinern. Ein feinmaschiges Sieb aus Edelstahl, durch das wertvoller Pollen in die sch\u00f6n abgerundete Auffangkammer gesiebt wird. Dann gibt es Griffrillen am Deckel f\u00fcr eine bessere Haptik. Au\u00dferdem einen Nylonring, um Reibung von Metall auf Metall zu verhindern. Die Kr\u00e4uterm\u00fchle ist so hochwertig gefr\u00e4st und gefertigt, dass das Hin- und Herdrehen sehr leicht von der Hand geht.<\/p>\n<p>Au\u00dferdem kann das Siebteil auch weggelassen werden, so dass der Grinder in eine 3teilige M\u00fchle konvertiert wird, die besser in die Jackentasche passt. Ein starker Magnet sorgt f\u00fcr perfekten Zusammenhalt.<\/p>\n<p><em>Achtung: Es kann zu Abweichungen im Durchmesser der M\u00fchlen um bis zu 1mm kommen.<\/em><\/p>\n<h2>Hier sind noch ein paar weitere Gr\u00fcnde, warum unser Keramik beschichteter Grinder besser als ein herk\u00f6mmlicher Grinder ist:<\/h2>\n<div id=\"block-yui_3_17_2_3_1441928423324_6106\" class=\"sqs-block code-block sqs-block-code\" data-block-type=\"23\">\n<div class=\"sqs-block-content\">\n<p>Die spezielle Keramikbeschichtung sorgt daf\u00fcr, dass Reste des Gemahlenen nicht an den Schneiden deines Grinders haften bleiben, wie bei herk\u00f6mmlichen Grindern.<\/p>\n<p>Die Keramikbeschichtung f\u00fcllt jeden einzelnen (f\u00fcr Ihre Augen nicht sichtbaren) winzigen Riss auf der Aluminium Oberfl\u00e4che, wo normalerweise Reste kleben bleiben und verstopfen. Dies f\u00fchrt auch zu nahezu keiner Reibung w\u00e4hrend der Nutzung und liefert unglaubliche Resultate.<\/p>\n<p>In unserer Manufaktur verwenden wir nur hochwertigstes eloxiertes Aluminium, welches mit unserer lebensmittelechten, Antihaft Keramik Beschichtung beschichtet wird.<br \/>\n<span style=\"font-size: 14.4px;\">F\u00fcr diesen speziellen Grinder verwenden wir einen Edelstahl-Pollenfilter, um die Haltbarkeit zu gew\u00e4hrleisten und die Korngr\u00f6\u00dfe wurde auch perfekt gew\u00e4hlt.<\/span><\/p>\n<p><strong style=\"font-size: 20.16px; color: #333333;\">Pflege und Wartung<\/strong><\/p>\n<div id=\"block-yui_3_17_2_5_1441928423324_8877\" class=\"sqs-block code-block sqs-block-code\" data-block-type=\"23\">\n<div class=\"sqs-block-content\">\n<p><strong>Reinigung des Schneidbereichs:<\/strong> W\u00e4hrend der NV Grinder im Allgemeinen nicht gereinigt werden muss, k\u00f6nnen Kr\u00e4uter, die einen au\u00dfergew\u00f6hnlich hohen Feuchtigkeitsgehalt aufweisen, leicht haften bleiben. So entfernst du Material, das sich ansammelt:<\/p>\n<ul>\n<li>Klopfe die M\u00fchle leicht auf eine feste Oberfl\u00e4che.<\/li>\n<li>B\u00fcrste alles raus, was mit einer Zahnb\u00fcrste oder einer anderen weichen B\u00fcrste \u00fcbrig bleibt.<\/li>\n<\/ul>\n<p><strong>Au\u00dfenreinigung:<\/strong><\/p>\n<p>Dieses Grinder Modell ist sogar waschbar. und wird nach diesem Prozess wie neu aussehen &#8211; keine giftigen Chemikalien mehr n\u00f6tig, um eine perfekte Reinigung zu gew\u00e4hrleisten! Die mitgelieferte Reinigungsb\u00fcrste liefert dank der Keramikoberfl\u00e4che auch ohne Wasser beeindruckende Ergebnisse.<\/p>\n<p><strong>Schmierung:<\/strong> Dein NV Grinder ist vollst\u00e4ndig mit reibungsarmer Antihaftkeramik beschichtet und bleibt bei normalem Gebrauch nicht stecken. Wenn Kr\u00e4uter jedoch au\u00dfergew\u00f6hnlich feucht sind, kann es zu leichten Ablagerungen um die Z\u00e4hne herum kommen. Diese k\u00f6nnen in der Regel mit den obigen Techniken geb\u00fcrstet werden. Aber wenn nichts mehr geht, verwende raffiniertes Hanfsamen\u00f6l. Dieses schmiert das Mahlwerk und bewirkt, dass sich Ablagerungen leicht mit einem Papiertuch oder einem Stofftuch entfernen lassen.<\/p>\n<p><strong>Verwendung von L\u00f6sungsmitteln:<\/strong> Die Keramik ist sehr langlebig und es ist sicher auf der Beschichtung Alkohol oder Aceton zu verwenden, ohne sie zu besch\u00e4digen. Scharfe L\u00f6sungsmittel k\u00f6nnen jedoch die Farbe des Logos ver\u00e4ndern. Sei daher vorsichtig!<\/p>\n<h3 class=\"text-align-center\" style=\"text-align: center;\"><strong>!!! VERWENDE NIEMALS EIN METALLWERKZEUG UM DEN GRINDER ZU REINIGEN !!!<\/strong><\/h3>\n<p>Mit ausreichend Kraft ist es m\u00f6glich, die Beschichtung zu entfernen. W\u00e4hrend die Beschichtung ungiftig ist und nicht brennen wird, werden Kratzer die Funktion des Grinders beeintr\u00e4chtigen. Verwende einen Zahnstocher, um besonders hartn\u00e4ckige R\u00fcckst\u00e4nde zu entfernen.<\/p>\n<div><span style=\"font-size: 20.16px;\">\u00dcber Black Leaf:<\/span><\/div>\n<div>\n<p>In Weed We Trust ? Smoking\u00a0<em>Paraphernalia<\/em> seit 1988: Bongs, Pfeifen, Vaporizer, Grinder, Dabbing Zubeh\u00f6r, Paper &amp; Filter, Lifestyle Produkte. Es gibt viele Innovative Produkte der Marke die auch die ein oder andere Weltneuheit erschaffen haben. Im Shop bieten wir von allen Produkten die beste Auswahl.<\/p>\n<\/div>\n<\/div>\n<\/div>\n<\/div>\n<\/div>\n","protected":false},"excerpt":{"rendered":"<p>Black Leaf Lotus Grinder mit Keramikbeschichtung Putzmuffel? Dann ist dieser 4-teilige\u00a0Black Leaf\u00ae\u00a0Grinder mit Lotuseffekt die richtige Wahl! Der Kr\u00e4utercrusher aus<\/p>\n","protected":false},"featured_media":35629,"comment_status":"open","ping_status":"open","template":"","meta":{"_acf_changed":false},"product_cat":[2481,2482,2489,2693,2566,2480,2451,2483],"product_tag":[2521,2694,2695],"acf":[],"_links":{"self":[{"href":"https:\/\/donaulife-new.ogrisdigital.at\/fi\/wp-json\/wp\/v2\/product\/53759"}],"collection":[{"href":"https:\/\/donaulife-new.ogrisdigital.at\/fi\/wp-json\/wp\/v2\/product"}],"about":[{"href":"https:\/\/donaulife-new.ogrisdigital.at\/fi\/wp-json\/wp\/v2\/types\/product"}],"replies":[{"embeddable":true,"href":"https:\/\/donaulife-new.ogrisdigital.at\/fi\/wp-json\/wp\/v2\/comments?post=53759"}],"wp:featuredmedia":[{"embeddable":true,"href":"https:\/\/donaulife-new.ogrisdigital.at\/fi\/wp-json\/wp\/v2\/media\/35629"}],"wp:attachment":[{"href":"https:\/\/donaulife-new.ogrisdigital.at\/fi\/wp-json\/wp\/v2\/media?parent=53759"}],"wp:term":[{"taxonomy":"product_cat","embeddable":true,"href":"https:\/\/donaulife-new.ogrisdigital.at\/fi\/wp-json\/wp\/v2\/product_cat?post=53759"},{"taxonomy":"product_tag","embeddable":true,"href":"https:\/\/donaulife-new.ogrisdigital.at\/fi\/wp-json\/wp\/v2\/product_tag?post=53759"}],"curies":[{"name":"wp","href":"https:\/\/api.w.org\/{rel}","templated":true}]}}