{"id":53647,"date":"2022-03-28T12:37:33","date_gmt":"2022-03-28T12:37:33","guid":{"rendered":"https:\/\/donaulife-new.ogrisdigital.at\/produkt\/lungensport-kss-papers-gebleicht-40-blatt\/"},"modified":"2024-07-01T00:57:44","modified_gmt":"2024-07-01T00:57:44","slug":"lungensport-kss-papers-gebleicht-40-blatt","status":"publish","type":"product","link":"https:\/\/donaulife-new.ogrisdigital.at\/fi\/lungensport-kss-papers-gebleicht-40-blatt\/","title":{"rendered":"Lungensport KSS Papers gebleicht | 40 Blatt"},"content":{"rendered":"<h2>Lungensport KSS Papers gebleicht<\/h2>\n<ul>\n<li><strong>40<\/strong>\u00a0extra feine, wei\u00dfe Papers<\/li>\n<\/ul>\n<ul>\n<li>Langsames &amp; gleichm\u00e4\u00dfiges Abbrennen<\/li>\n<\/ul>\n<ul>\n<li>Schlankes, platzsparendes Design<\/li>\n<\/ul>\n<ul>\n<li>Geschmacksneutral<\/li>\n<\/ul>\n<h3>\u00dcber Lungensport:<\/h3>\n<p>Lungensport wurde gegr\u00fcndet um schadstoffreduziertes und angnehmes Rauchen zu f\u00f6rdern. Au\u00dferdem stammen alle Papers aus nachhaltiger Forstwirtschaft. Also rauchst du kein schlechtes Gewissen mit. Und nicht vergessen heute noch Sport machen! \ud83d\ude09<\/p>\n<p>&nbsp;<\/p>\n","protected":false},"excerpt":{"rendered":"<p>Lungensport KSS Papers gebleicht 40\u00a0extra feine, wei\u00dfe Papers Langsames &amp; gleichm\u00e4\u00dfiges Abbrennen Schlankes, platzsparendes Design Geschmacksneutral \u00dcber Lungensport: Lungensport wurde<\/p>\n","protected":false},"featured_media":35216,"comment_status":"open","ping_status":"open","template":"","meta":{"_acf_changed":false},"product_cat":[2451,2453,2452],"product_tag":[3308],"acf":[],"_links":{"self":[{"href":"https:\/\/donaulife-new.ogrisdigital.at\/fi\/wp-json\/wp\/v2\/product\/53647"}],"collection":[{"href":"https:\/\/donaulife-new.ogrisdigital.at\/fi\/wp-json\/wp\/v2\/product"}],"about":[{"href":"https:\/\/donaulife-new.ogrisdigital.at\/fi\/wp-json\/wp\/v2\/types\/product"}],"replies":[{"embeddable":true,"href":"https:\/\/donaulife-new.ogrisdigital.at\/fi\/wp-json\/wp\/v2\/comments?post=53647"}],"wp:featuredmedia":[{"embeddable":true,"href":"https:\/\/donaulife-new.ogrisdigital.at\/fi\/wp-json\/wp\/v2\/media\/35216"}],"wp:attachment":[{"href":"https:\/\/donaulife-new.ogrisdigital.at\/fi\/wp-json\/wp\/v2\/media?parent=53647"}],"wp:term":[{"taxonomy":"product_cat","embeddable":true,"href":"https:\/\/donaulife-new.ogrisdigital.at\/fi\/wp-json\/wp\/v2\/product_cat?post=53647"},{"taxonomy":"product_tag","embeddable":true,"href":"https:\/\/donaulife-new.ogrisdigital.at\/fi\/wp-json\/wp\/v2\/product_tag?post=53647"}],"curies":[{"name":"wp","href":"https:\/\/api.w.org\/{rel}","templated":true}]}}