{"id":53628,"date":"2022-02-23T14:09:27","date_gmt":"2022-02-23T14:09:27","guid":{"rendered":"https:\/\/donaulife-new.ogrisdigital.at\/produkt\/gasmasken-bong-dollar-bill-23-cm\/"},"modified":"2024-07-01T00:57:28","modified_gmt":"2024-07-01T00:57:28","slug":"gasmasken-bong-dollar-bill-23-cm","status":"publish","type":"product","link":"https:\/\/donaulife-new.ogrisdigital.at\/fi\/gasmasken-bong-dollar-bill-23-cm\/","title":{"rendered":"Gasmasken Bong &#8216;Dollar Bill&#8217; | 23 cm"},"content":{"rendered":"<h2>Gasmasken Bong im Dollar Schein Design<\/h2>\n<p>Wer hat sie nicht schonmal in einem Schaufenster eines Headshops erblickt? Die Gasmaskenbong ist unter den Acrylbongs mittlerweile der Klassiker schlechthin.<\/p>\n<p>Achtung: Bei dieser Bong handelt es sich um einen Partygag. Sie ist zwar voll funktionsf\u00e4hig, ist aber nicht f\u00fcr den regelm\u00e4\u00dfigen Konsumg gedacht.<\/p>\n","protected":false},"excerpt":{"rendered":"<p>Gasmasken Bong im Dollar Schein Design Wer hat sie nicht schonmal in einem Schaufenster eines Headshops erblickt? Die Gasmaskenbong ist<\/p>\n","protected":false},"featured_media":35109,"comment_status":"open","ping_status":"open","template":"","meta":{"_acf_changed":false},"product_cat":[3043,2459,3044,2510,2566,2507,2506,2520],"product_tag":[3045],"acf":[],"_links":{"self":[{"href":"https:\/\/donaulife-new.ogrisdigital.at\/fi\/wp-json\/wp\/v2\/product\/53628"}],"collection":[{"href":"https:\/\/donaulife-new.ogrisdigital.at\/fi\/wp-json\/wp\/v2\/product"}],"about":[{"href":"https:\/\/donaulife-new.ogrisdigital.at\/fi\/wp-json\/wp\/v2\/types\/product"}],"replies":[{"embeddable":true,"href":"https:\/\/donaulife-new.ogrisdigital.at\/fi\/wp-json\/wp\/v2\/comments?post=53628"}],"wp:featuredmedia":[{"embeddable":true,"href":"https:\/\/donaulife-new.ogrisdigital.at\/fi\/wp-json\/wp\/v2\/media\/35109"}],"wp:attachment":[{"href":"https:\/\/donaulife-new.ogrisdigital.at\/fi\/wp-json\/wp\/v2\/media?parent=53628"}],"wp:term":[{"taxonomy":"product_cat","embeddable":true,"href":"https:\/\/donaulife-new.ogrisdigital.at\/fi\/wp-json\/wp\/v2\/product_cat?post=53628"},{"taxonomy":"product_tag","embeddable":true,"href":"https:\/\/donaulife-new.ogrisdigital.at\/fi\/wp-json\/wp\/v2\/product_tag?post=53628"}],"curies":[{"name":"wp","href":"https:\/\/api.w.org\/{rel}","templated":true}]}}