{"id":53624,"date":"2022-02-23T13:51:39","date_gmt":"2022-02-23T13:51:39","guid":{"rendered":"https:\/\/donaulife-new.ogrisdigital.at\/produkt\/gasmasken-bong-pink-apocalypse-23-cm\/"},"modified":"2024-07-01T00:57:24","modified_gmt":"2024-07-01T00:57:24","slug":"gasmasken-bong-pink-apocalypse-23-cm","status":"publish","type":"product","link":"https:\/\/donaulife-new.ogrisdigital.at\/fi\/gasmasken-bong-pink-apocalypse-23-cm\/","title":{"rendered":"Gasmasken Bong &#8216;Pink Apocalypse&#8217; | 23 cm"},"content":{"rendered":"<h2>Gasmasken Bong im Pink Wei\u00dfem Design<\/h2>\n<p>Wer hat sie nicht schonmal in einem Schaufenster eines Headshops erblickt? Die Gasmaskenbong ist unter den Acrylbongs mittlerweile der Klassiker schlechthin.<\/p>\n<p>Achtung: Bei dieser Bong handelt es sich um einen Partygag. Sie ist zwar voll funktionsf\u00e4hig, ist aber nicht f\u00fcr den regelm\u00e4\u00dfigen Konsumg gedacht.<\/p>\n","protected":false},"excerpt":{"rendered":"<p>Gasmasken Bong im Pink Wei\u00dfem Design Wer hat sie nicht schonmal in einem Schaufenster eines Headshops erblickt? Die Gasmaskenbong ist<\/p>\n","protected":false},"featured_media":35101,"comment_status":"open","ping_status":"open","template":"","meta":{"_acf_changed":false},"product_cat":[3043,2459,3044,2510,2566,2507,2506,2520,2807],"product_tag":[3045],"acf":[],"_links":{"self":[{"href":"https:\/\/donaulife-new.ogrisdigital.at\/fi\/wp-json\/wp\/v2\/product\/53624"}],"collection":[{"href":"https:\/\/donaulife-new.ogrisdigital.at\/fi\/wp-json\/wp\/v2\/product"}],"about":[{"href":"https:\/\/donaulife-new.ogrisdigital.at\/fi\/wp-json\/wp\/v2\/types\/product"}],"replies":[{"embeddable":true,"href":"https:\/\/donaulife-new.ogrisdigital.at\/fi\/wp-json\/wp\/v2\/comments?post=53624"}],"wp:featuredmedia":[{"embeddable":true,"href":"https:\/\/donaulife-new.ogrisdigital.at\/fi\/wp-json\/wp\/v2\/media\/35101"}],"wp:attachment":[{"href":"https:\/\/donaulife-new.ogrisdigital.at\/fi\/wp-json\/wp\/v2\/media?parent=53624"}],"wp:term":[{"taxonomy":"product_cat","embeddable":true,"href":"https:\/\/donaulife-new.ogrisdigital.at\/fi\/wp-json\/wp\/v2\/product_cat?post=53624"},{"taxonomy":"product_tag","embeddable":true,"href":"https:\/\/donaulife-new.ogrisdigital.at\/fi\/wp-json\/wp\/v2\/product_tag?post=53624"}],"curies":[{"name":"wp","href":"https:\/\/api.w.org\/{rel}","templated":true}]}}