{"id":53593,"date":"2022-02-22T14:44:30","date_gmt":"2022-02-22T14:44:30","guid":{"rendered":"https:\/\/donaulife-new.ogrisdigital.at\/produkt\/vibes-snapback\/"},"modified":"2024-07-01T00:57:06","modified_gmt":"2024-07-01T00:57:06","slug":"vibes-snapback","status":"publish","type":"product","link":"https:\/\/donaulife-new.ogrisdigital.at\/fi\/vibes-snapback\/","title":{"rendered":"VIBES Snapback"},"content":{"rendered":"<h2>Vibes Snapback Cap<\/h2>\n<p>Die Vibes Snapback ist eine verstellbare Kappe mit einem strukturierten, flachen Schirm, der auch gebogen werden kann. Die R\u00fcckseite ist mit einem Kunststoffband versehen, um die Passform zu regulieren.<\/p>\n<p>Auf der Vorderseite befindet sich eine 3-D Stickerei des Vibes-Sternenlogos, die mit Goldf\u00e4den gearbeitet ist. Ein zus\u00e4tzliches Branding ist direkt \u00fcber dem hinteren Verschluss und an der Seite der Kappe aufgestickt. Die Vibes Snapback ist in den Farben Blau, Rot und Schwarz erh\u00e4ltlich.<\/p>\n<p>Eine Gr\u00f6\u00dfe passt allen<\/p>\n<h3>\u00dcber Vibes:<\/h3>\n<div>Vibes &#8211; eine Kollektion von Premium-Rolling Papers &#8211; wird in Frankreich angebaut und hergestellt. Vibes wird in der Dominikanischen Republik geschnitten und gekittet und ist in einer Vielzahl von Mischungen und Gr\u00f6\u00dfen erh\u00e4ltlich; diese Papers sind mit Wasserzeichen versehenen und werden nach den h\u00f6chsten Qualit\u00e4tsstandards hergestellt. Vibes wurde entwickelt, um die Reinheit und Potenz deines Materials zu bewahren, und hat das ultimative Raucherlebnis f\u00fcr Kenner geschaffen.<\/div>\n","protected":false},"excerpt":{"rendered":"<p>Vibes Snapback Cap Die Vibes Snapback ist eine verstellbare Kappe mit einem strukturierten, flachen Schirm, der auch gebogen werden kann.<\/p>\n","protected":false},"featured_media":34639,"comment_status":"open","ping_status":"open","template":"","meta":{"_acf_changed":false},"product_cat":[2489,3180,3568],"product_tag":[3483],"acf":[],"_links":{"self":[{"href":"https:\/\/donaulife-new.ogrisdigital.at\/fi\/wp-json\/wp\/v2\/product\/53593"}],"collection":[{"href":"https:\/\/donaulife-new.ogrisdigital.at\/fi\/wp-json\/wp\/v2\/product"}],"about":[{"href":"https:\/\/donaulife-new.ogrisdigital.at\/fi\/wp-json\/wp\/v2\/types\/product"}],"replies":[{"embeddable":true,"href":"https:\/\/donaulife-new.ogrisdigital.at\/fi\/wp-json\/wp\/v2\/comments?post=53593"}],"wp:featuredmedia":[{"embeddable":true,"href":"https:\/\/donaulife-new.ogrisdigital.at\/fi\/wp-json\/wp\/v2\/media\/34639"}],"wp:attachment":[{"href":"https:\/\/donaulife-new.ogrisdigital.at\/fi\/wp-json\/wp\/v2\/media?parent=53593"}],"wp:term":[{"taxonomy":"product_cat","embeddable":true,"href":"https:\/\/donaulife-new.ogrisdigital.at\/fi\/wp-json\/wp\/v2\/product_cat?post=53593"},{"taxonomy":"product_tag","embeddable":true,"href":"https:\/\/donaulife-new.ogrisdigital.at\/fi\/wp-json\/wp\/v2\/product_tag?post=53593"}],"curies":[{"name":"wp","href":"https:\/\/api.w.org\/{rel}","templated":true}]}}