{"id":53591,"date":"2022-02-22T13:46:46","date_gmt":"2022-02-22T13:46:46","guid":{"rendered":"https:\/\/donaulife-new.ogrisdigital.at\/produkt\/higher-standards-heavy-duty-riggler-145-mm\/"},"modified":"2025-01-15T07:09:53","modified_gmt":"2025-01-15T07:09:53","slug":"higher-standards-heavy-duty-riggler-145-mm","status":"publish","type":"product","link":"https:\/\/donaulife-new.ogrisdigital.at\/fi\/higher-standards-heavy-duty-riggler-145-mm\/","title":{"rendered":"HIGHER STANDARDS Heavy Duty Riggler | 14,5 mm"},"content":{"rendered":"<h2>Higher Standards Heavy Duty Rig<\/h2>\n<p>Der Higher Standards Heavy Duty Riggler wurde f\u00fcr die fortschrittlichste und auch tragbare von Weed und Konzentraten Inhalation entwickelt. Diese innovative Rig mit doppeltem Verwendungszweck verf\u00fcgt \u00fcber eine 7 mm dicke Borosilikatglas Wand in medizinischer Qualit\u00e4t. Der Riggler ist mit einem fixen Downstem ausgestattet, der viele Bubbles erzeugt und einen hervorragenden Luftstrom f\u00fcr dichte Z\u00fcge f\u00f6rdert.<\/p>\n<p>Der Riggler ist mit einem Quarz-Banger und einem normalen Glaskopf f\u00fcr ein optimales Geschmackserlebnis ausgestattet.<\/p>\n<p>Au\u00dferdem mit dabei uist eine Cap Cap aus Glas und ein doppelseitiges Konzentratwerkzeug mit Silikongriffen f\u00fcr eine komfortable und pr\u00e4zise Handhabung deines Materials. Der Heavy Duty Riggler verf\u00fcgt au\u00dferdem \u00fcber einen stabilen Sockel f\u00fcr h\u00f6chste Stabilit\u00e4t.<\/p>\n<h2>Features<\/h2>\n<ul>\n<li>Made in USA<\/li>\n<li>Dual-design<\/li>\n<li>Fixer diffuser downstem<\/li>\n<li>Carb cap inkludiert<\/li>\n<li>7 mm dickes borosilikat Glas<\/li>\n<li>Quartz banger<\/li>\n<li>Perfekter Geschmack durch medizinisches Glas<\/li>\n<li>Dabber Tool<\/li>\n<\/ul>\n<h2>What&#8217;s in the box<\/h2>\n<p>1x Riggler<br \/>\n1x Carb cap<br \/>\n1x Quartz banger, 14 mm m\u00e4nnlich<br \/>\n1x Bowl, 14 mm m\u00e4nnlich<br \/>\n1x Dab Tool<\/p>\n<h3>\u00dcber Higher Standards:<\/h3>\n<div>Higher Standards wurde gegr\u00fcndet, um echten Kennern die Werkzeuge zu liefern, die sie f\u00fcr das beste Raucherlebnis ben\u00f6tigen, von Premium-Pflegeprodukten, die den besten Geschmack aus Ihrem Material herausholen, bis hin zu Hochleistungsgl\u00e4sern und begehrten limitierten Editionen.<\/div>\n<div><\/div>\n<div>Unsere Kollektion von handgefertigtem High End Glas, erstklassigen Pflege- und Wartungsprodukten und limitierten Kooperationen wurden alle mit dem Gedanken an den wahren Genie\u00dfer geschaffen, der den Geschmack an erste Stelle setzt.<\/div>\n","protected":false},"excerpt":{"rendered":"<p>Higher Standards Heavy Duty Rig Der Higher Standards Heavy Duty Riggler wurde f\u00fcr die fortschrittlichste und auch tragbare von Weed<\/p>\n","protected":false},"featured_media":34617,"comment_status":"open","ping_status":"open","template":"","meta":{"_acf_changed":false},"product_cat":[2514,2489,2459,2549,2550,2566,3468,2546,2506,2463,2520,2551],"product_tag":[],"acf":[],"_links":{"self":[{"href":"https:\/\/donaulife-new.ogrisdigital.at\/fi\/wp-json\/wp\/v2\/product\/53591"}],"collection":[{"href":"https:\/\/donaulife-new.ogrisdigital.at\/fi\/wp-json\/wp\/v2\/product"}],"about":[{"href":"https:\/\/donaulife-new.ogrisdigital.at\/fi\/wp-json\/wp\/v2\/types\/product"}],"replies":[{"embeddable":true,"href":"https:\/\/donaulife-new.ogrisdigital.at\/fi\/wp-json\/wp\/v2\/comments?post=53591"}],"wp:featuredmedia":[{"embeddable":true,"href":"https:\/\/donaulife-new.ogrisdigital.at\/fi\/wp-json\/wp\/v2\/media\/34617"}],"wp:attachment":[{"href":"https:\/\/donaulife-new.ogrisdigital.at\/fi\/wp-json\/wp\/v2\/media?parent=53591"}],"wp:term":[{"taxonomy":"product_cat","embeddable":true,"href":"https:\/\/donaulife-new.ogrisdigital.at\/fi\/wp-json\/wp\/v2\/product_cat?post=53591"},{"taxonomy":"product_tag","embeddable":true,"href":"https:\/\/donaulife-new.ogrisdigital.at\/fi\/wp-json\/wp\/v2\/product_tag?post=53591"}],"curies":[{"name":"wp","href":"https:\/\/api.w.org\/{rel}","templated":true}]}}