{"id":53551,"date":"2022-01-14T14:29:28","date_gmt":"2022-01-14T14:29:28","guid":{"rendered":"https:\/\/donaulife-new.ogrisdigital.at\/produkt\/colorado-stoner-tools-dab-rig-flippy-20-cm\/"},"modified":"2024-07-01T00:56:43","modified_gmt":"2024-07-01T00:56:43","slug":"colorado-stoner-tools-dab-rig-flippy-20-cm","status":"publish","type":"product","link":"https:\/\/donaulife-new.ogrisdigital.at\/fi\/colorado-stoner-tools-dab-rig-flippy-20-cm\/","title":{"rendered":"COLORADO STONER TOOLS Dab-Rig &#8216;Flippy&#8217; | 20 cm"},"content":{"rendered":"<h2>Colorado Stoner Tools Dab Rig f\u00fcr Extrakte<\/h2>\n<p>Der bezaubernde und gleichzeitig sehr robuste Oil-Rig mit Banger von Colorado Stoner Tools.\u00a0Die Rig verf\u00fcgt \u00fcber einen Silikon Body damit wird das Mundst\u00fcck niemals schmutzig werden.<\/p>\n<p>Selbstverst\u00e4ndlich k\u00f6nnen mit dieser Glasblubber auch Kr\u00e4uter geraucht werden. Dazu muss der Banger einfach nur mit einem Kr\u00e4uterkopf mit NS 14 weiblichen Schliff ausgetauscht werden.<\/p>\n<div><span style=\"font-size: 20.16px;\">\u00dcber Colorado Stoner Tools:<\/span><\/div>\n<div>\n<div>\n<p>Die spanisch-amerikanische Marke wurde von der Legalisierungswelle in den USA sowie in Europa gepr\u00e4gt und es finden sich neben normalen smoking paraphernalia Produkten auch sehr viel zum Thema Dabbing. Angefangen von Dab Rigs, Banger, Dab Zubeh\u00f6r aller Art bis hin zu Rosin Pressen und alles was dazu geh\u00f6rt findet sich bei dieser Marke vieles das das \u00f6lige Herz begehrt. Auch bei der Aufbewahrung machen Sie eine sehr gute Figur. Von absoult innovativen Babbies bis hin zu Pop Bottles viel neues zu super Preisen dabei.<\/p>\n<\/div>\n<\/div>\n","protected":false},"excerpt":{"rendered":"<p>Colorado Stoner Tools Dab Rig f\u00fcr Extrakte Der bezaubernde und gleichzeitig sehr robuste Oil-Rig mit Banger von Colorado Stoner Tools.\u00a0Die<\/p>\n","protected":false},"featured_media":34280,"comment_status":"open","ping_status":"open","template":"","meta":{"_acf_changed":false},"product_cat":[2886,2459,2513,2549,2550,2546,2506,2520,2551],"product_tag":[],"acf":[],"_links":{"self":[{"href":"https:\/\/donaulife-new.ogrisdigital.at\/fi\/wp-json\/wp\/v2\/product\/53551"}],"collection":[{"href":"https:\/\/donaulife-new.ogrisdigital.at\/fi\/wp-json\/wp\/v2\/product"}],"about":[{"href":"https:\/\/donaulife-new.ogrisdigital.at\/fi\/wp-json\/wp\/v2\/types\/product"}],"replies":[{"embeddable":true,"href":"https:\/\/donaulife-new.ogrisdigital.at\/fi\/wp-json\/wp\/v2\/comments?post=53551"}],"wp:featuredmedia":[{"embeddable":true,"href":"https:\/\/donaulife-new.ogrisdigital.at\/fi\/wp-json\/wp\/v2\/media\/34280"}],"wp:attachment":[{"href":"https:\/\/donaulife-new.ogrisdigital.at\/fi\/wp-json\/wp\/v2\/media?parent=53551"}],"wp:term":[{"taxonomy":"product_cat","embeddable":true,"href":"https:\/\/donaulife-new.ogrisdigital.at\/fi\/wp-json\/wp\/v2\/product_cat?post=53551"},{"taxonomy":"product_tag","embeddable":true,"href":"https:\/\/donaulife-new.ogrisdigital.at\/fi\/wp-json\/wp\/v2\/product_tag?post=53551"}],"curies":[{"name":"wp","href":"https:\/\/api.w.org\/{rel}","templated":true}]}}