{"id":53518,"date":"2022-01-12T20:56:59","date_gmt":"2022-01-12T20:56:59","guid":{"rendered":"https:\/\/donaulife-new.ogrisdigital.at\/produkt\/bongbuerste-kunstborsten-o-65-mm-100-cm\/"},"modified":"2025-01-15T07:09:59","modified_gmt":"2025-01-15T07:09:59","slug":"bongbuerste-kunstborsten-o-65-mm-100-cm","status":"publish","type":"product","link":"https:\/\/donaulife-new.ogrisdigital.at\/fi\/bongbuerste-kunstborsten-o-65-mm-100-cm\/","title":{"rendered":"Bongb\u00fcrste Kunstborsten \u00d8 65 mm | 100 cm"},"content":{"rendered":"<h2>Bongb\u00fcrste mit Kunstborsten 100 cm L\u00e4nge<\/h2>\n<p>Gerade B\u00fcrste mit Nylonborsten, gewundenem Griff und \u00d6se. Die B\u00fcrstenl\u00e4nge ist etwa 140mm, der B\u00fcrstendurchmesser etwa 65mm. Die ganze B\u00fcrste hat eine Gesamtl\u00e4nge von etwa 1000mm und eignet sich hervorragend zum Reinigen von gro\u00dfen Bongs.<\/p>\n<p>Durchmesser \u00d8 65 mm<\/p>\n","protected":false},"excerpt":{"rendered":"<p>Bongb\u00fcrste mit Kunstborsten 100 cm L\u00e4nge Gerade B\u00fcrste mit Nylonborsten, gewundenem Griff und \u00d6se. Die B\u00fcrstenl\u00e4nge ist etwa 140mm, der<\/p>\n","protected":false},"featured_media":34129,"comment_status":"open","ping_status":"open","template":"","meta":{"_acf_changed":false},"product_cat":[2459,2719,2718,2460],"product_tag":[],"acf":[],"_links":{"self":[{"href":"https:\/\/donaulife-new.ogrisdigital.at\/fi\/wp-json\/wp\/v2\/product\/53518"}],"collection":[{"href":"https:\/\/donaulife-new.ogrisdigital.at\/fi\/wp-json\/wp\/v2\/product"}],"about":[{"href":"https:\/\/donaulife-new.ogrisdigital.at\/fi\/wp-json\/wp\/v2\/types\/product"}],"replies":[{"embeddable":true,"href":"https:\/\/donaulife-new.ogrisdigital.at\/fi\/wp-json\/wp\/v2\/comments?post=53518"}],"wp:featuredmedia":[{"embeddable":true,"href":"https:\/\/donaulife-new.ogrisdigital.at\/fi\/wp-json\/wp\/v2\/media\/34129"}],"wp:attachment":[{"href":"https:\/\/donaulife-new.ogrisdigital.at\/fi\/wp-json\/wp\/v2\/media?parent=53518"}],"wp:term":[{"taxonomy":"product_cat","embeddable":true,"href":"https:\/\/donaulife-new.ogrisdigital.at\/fi\/wp-json\/wp\/v2\/product_cat?post=53518"},{"taxonomy":"product_tag","embeddable":true,"href":"https:\/\/donaulife-new.ogrisdigital.at\/fi\/wp-json\/wp\/v2\/product_tag?post=53518"}],"curies":[{"name":"wp","href":"https:\/\/api.w.org\/{rel}","templated":true}]}}