{"id":53500,"date":"2022-01-05T08:25:55","date_gmt":"2022-01-05T08:25:55","guid":{"rendered":"https:\/\/donaulife-new.ogrisdigital.at\/produkt\/heisenberg-glasbong-bulbulator-48-cm\/"},"modified":"2025-01-15T07:10:05","modified_gmt":"2025-01-15T07:10:05","slug":"heisenberg-glasbong-bulbulator-48-cm","status":"publish","type":"product","link":"https:\/\/donaulife-new.ogrisdigital.at\/fi\/heisenberg-glasbong-bulbulator-48-cm\/","title":{"rendered":"HEISENBERG Glasbong &#8216;Bulbulator XL&#8217; | 48 cm"},"content":{"rendered":"<h2>Heisenberg Glasbong mit Eiskerben<\/h2>\n<div id=\"description\" class=\"data item content\" role=\"tabpanel\" data-role=\"content\" aria-labelledby=\"tab-label-description\" aria-hidden=\"false\">\n<div class=\"product attribute description\">\n<div class=\"value\">\n<p>Ein sch\u00f6nes St\u00fcck Glasware in der gewohnten Heisenberg Qualit\u00e4t. Die gerade und absolut standfeste 48 cm Bong verf\u00fcgt \u00fcber einen dicken Hals (75 mm Durchmesser), ein verkleinertes Mundst\u00fcck sowie Percolatoren. Auf dem Bonghals ist das Heisenberg Logo eingebrannt. Der Rundfu\u00df auf dem das gute St\u00fcck seht, sorgt f\u00fcr die notwendige Stabilit\u00e4t. Das Chillum ist ca. 14cm lang und hat einen 29,2er Schliff. Ein Kickloch ist nicht vorhanden und ein Eisfach theoretisch auch nicht, jedoch kann man auf den oberen Percolator Eis legen. Somit sollte smoothen, kalten Bonghits nichts mehr im Wege stehen. Wichtig zu beachten w\u00e4re bei dieser Bong auch der 29,2er Schliff am Kopf. Solltest du keine Bongk\u00f6pfe in dieser Gr\u00f6\u00dfe finden empfiehlt sich ein Vork\u00fchler oder Ashcatcher der auf 18,8 mm \u00fcbersetzt.<\/p>\n<p>Wegen des massiven Volumens ist diese Bong eher f\u00fcr erfahrene Raucher gedacht.<\/p>\n<\/div>\n<\/div>\n<\/div>\n<div>\n<h3>\u00dcber Heisenberg:<\/h3>\n<div>\n<p>Heisenberg \u2013 nicht nur durch Breaking Bad ein Ph\u00e4nomen. Die Marke Heisenberg ist unter anderem durch ihre Glasbongs bekannt geworden. Keine Bong der Heisenberg Serie ist wie die andere. Hier werden verschiedene Gestaltungselemente geboten, wie beispielsweise poppige Farben oder mit Glow in the dark Funktion, Pl\u00e4tzen zum Einsetzen von LED Beleuchtung und anderen Extras.<\/p>\n<p>Bei dem interessanten Sortiment an Glasbongs, ist mit Sicherheit auch was f\u00fcr dich dabei!<\/p>\n<\/div>\n<\/div>\n","protected":false},"excerpt":{"rendered":"<p>Heisenberg Glasbong mit Eiskerben Ein sch\u00f6nes St\u00fcck Glasware in der gewohnten Heisenberg Qualit\u00e4t. Die gerade und absolut standfeste 48 cm<\/p>\n","protected":false},"featured_media":33729,"comment_status":"open","ping_status":"closed","template":"","meta":{"_acf_changed":false},"product_cat":[2514,2459,2510,3404,2577,2506,2463,2520],"product_tag":[3405,2466],"acf":[],"_links":{"self":[{"href":"https:\/\/donaulife-new.ogrisdigital.at\/fi\/wp-json\/wp\/v2\/product\/53500"}],"collection":[{"href":"https:\/\/donaulife-new.ogrisdigital.at\/fi\/wp-json\/wp\/v2\/product"}],"about":[{"href":"https:\/\/donaulife-new.ogrisdigital.at\/fi\/wp-json\/wp\/v2\/types\/product"}],"replies":[{"embeddable":true,"href":"https:\/\/donaulife-new.ogrisdigital.at\/fi\/wp-json\/wp\/v2\/comments?post=53500"}],"wp:featuredmedia":[{"embeddable":true,"href":"https:\/\/donaulife-new.ogrisdigital.at\/fi\/wp-json\/wp\/v2\/media\/33729"}],"wp:attachment":[{"href":"https:\/\/donaulife-new.ogrisdigital.at\/fi\/wp-json\/wp\/v2\/media?parent=53500"}],"wp:term":[{"taxonomy":"product_cat","embeddable":true,"href":"https:\/\/donaulife-new.ogrisdigital.at\/fi\/wp-json\/wp\/v2\/product_cat?post=53500"},{"taxonomy":"product_tag","embeddable":true,"href":"https:\/\/donaulife-new.ogrisdigital.at\/fi\/wp-json\/wp\/v2\/product_tag?post=53500"}],"curies":[{"name":"wp","href":"https:\/\/api.w.org\/{rel}","templated":true}]}}