{"id":53404,"date":"2021-11-26T14:29:50","date_gmt":"2021-11-26T14:29:50","guid":{"rendered":"https:\/\/donaulife-new.ogrisdigital.at\/produkt\/blaze-glass-beakerbong-flashy-39-cm\/"},"modified":"2024-07-01T00:55:11","modified_gmt":"2024-07-01T00:55:11","slug":"blaze-glass-beakerbong-flashy-39-cm","status":"publish","type":"product","link":"https:\/\/donaulife-new.ogrisdigital.at\/fi\/blaze-glass-beakerbong-flashy-39-cm\/","title":{"rendered":"BLAZE GLASS Beakerbong &#8216;Flashy&#8217; | 35 cm"},"content":{"rendered":"<h1>Blaze Glass Flashy Bong<\/h1>\n<div>\n<p>Diese einzigartige FLASHY Icebong von\u00a0<strong>BLAZE GLASS\u00ae<\/strong>\u00a0f\u00fchrt ein Doppelleben! Einmal als schillernde, aber geheimnisvolle Sch\u00f6nheit mit metallischem Regenbogeneffekt und dem Potential, Starbesetzung in Frozen zu werden. Dann, einmal auf die beiliegende Fernbedienung gedr\u00fcckt, und -schwupps- verwandelt sich die coole Kolbenbong in eine in allen Farben des Spektrums blinkende Partyqueen, die zu jedem Anlass mit ihrer Lichtshow f\u00fcr die richtige Feierstimmung sorgt und alle Blicke auf sich zieht.<\/p>\n<p>Aber egal ob coole Beauty oder auff\u00e4lliges Partyluder, abliefern tut die Bong aus bestem Borosilikatglas jedes Mal. Zun\u00e4chst l\u00e4sst der Diffusor-Adapter das Bongwasser kr\u00e4ftig blubbern und den Rauch abk\u00fchlen. F\u00fcr mehr eiskalte Hits bietet die Icekammer Platz f\u00fcr viele Eisw\u00fcrfel. Der Lift-Off-Kopf ist f\u00fcr Kr\u00e4uter und ben\u00f6tigt aufgrund des kleinen Durchlasses kein Siebchen. Es gibt aber auch ein Kickloch (mit Stopfen), falls man den Kopf lieber stecken l\u00e4sst.<\/p>\n<p>Eine Wandst\u00e4rke von super-robusten 7mm l\u00e4sst die Glaspfeife auch heftigste Feierei \u00fcberstehen. Und das Mundst\u00fcck ist angenehm gerundet. Das\u00a0<strong>BLAZE GLASS\u00ae<\/strong>-Logo ist \u00fcbrigens gespiegelt, was Flashy, die gleichzeitig wirkungsvolle Pfeife wie auch tolles Dekoobjekt ist, noch einen zus\u00e4tzlichen, interessanten Effekt gibt. F\u00fcr die Lightshow werden 3x AAA Batterien ben\u00f6tigt, die nicht im Lieferumfang enthalten sind. Die Fernbedienung ist bereits mit der ben\u00f6tigten CR2025-2032 Knopfzelle ausgestattet.<\/p>\n<p><b>Hinweis: Wir \u00fcbernehmen keine Garantie f\u00fcr den Ladezustand der Batterien!<\/b><\/p>\n<\/div>\n<div><\/div>\n<div>\n<div><span style=\"font-size: 20.16px;\">\u00dcber Blaze Glass:<\/span><\/div>\n<div>\n<div>\n<p>Blaze-Glass-Bongs sind aus spannungsfreiem 3.1-Borosilikatglas (vergleichbar mit Duranglas) h\u00f6chster G\u00fcteklasse gefertigt. Mindestens 5 mm Wandst\u00e4rke machen eine Wasserpfeife robust.<br \/>\nWir verwenden extrem passgenaue Normschliffe in 14,5 bzw. 18,8 mm. Je nach Bong-Geometrie kommen normale Schliffe, verst\u00e4rkte Schliffe und bi-stabile Schliffe (doppelte Wand) in unseren Produkten zum Einsatz.<\/p>\n<\/div>\n<\/div>\n<\/div>\n","protected":false},"excerpt":{"rendered":"<p>Blaze Glass Flashy Bong Diese einzigartige FLASHY Icebong von\u00a0BLAZE GLASS\u00ae\u00a0f\u00fchrt ein Doppelleben! Einmal als schillernde, aber geheimnisvolle Sch\u00f6nheit mit metallischem<\/p>\n","protected":false},"featured_media":33502,"comment_status":"open","ping_status":"open","template":"","meta":{"_acf_changed":false},"product_cat":[2514,2545,2459,2523,2635,2506,2463],"product_tag":[2547],"acf":[],"_links":{"self":[{"href":"https:\/\/donaulife-new.ogrisdigital.at\/fi\/wp-json\/wp\/v2\/product\/53404"}],"collection":[{"href":"https:\/\/donaulife-new.ogrisdigital.at\/fi\/wp-json\/wp\/v2\/product"}],"about":[{"href":"https:\/\/donaulife-new.ogrisdigital.at\/fi\/wp-json\/wp\/v2\/types\/product"}],"replies":[{"embeddable":true,"href":"https:\/\/donaulife-new.ogrisdigital.at\/fi\/wp-json\/wp\/v2\/comments?post=53404"}],"wp:featuredmedia":[{"embeddable":true,"href":"https:\/\/donaulife-new.ogrisdigital.at\/fi\/wp-json\/wp\/v2\/media\/33502"}],"wp:attachment":[{"href":"https:\/\/donaulife-new.ogrisdigital.at\/fi\/wp-json\/wp\/v2\/media?parent=53404"}],"wp:term":[{"taxonomy":"product_cat","embeddable":true,"href":"https:\/\/donaulife-new.ogrisdigital.at\/fi\/wp-json\/wp\/v2\/product_cat?post=53404"},{"taxonomy":"product_tag","embeddable":true,"href":"https:\/\/donaulife-new.ogrisdigital.at\/fi\/wp-json\/wp\/v2\/product_tag?post=53404"}],"curies":[{"name":"wp","href":"https:\/\/api.w.org\/{rel}","templated":true}]}}