{"id":53328,"date":"2021-10-06T14:49:25","date_gmt":"2021-10-06T14:49:25","guid":{"rendered":"https:\/\/donaulife-new.ogrisdigital.at\/produkt\/nv-grinder-geruchsneutrale-tasche-groesse-s\/"},"modified":"2024-07-01T00:54:19","modified_gmt":"2024-07-01T00:54:19","slug":"nv-grinder-geruchsneutrale-tasche-groesse-s","status":"publish","type":"product","link":"https:\/\/donaulife-new.ogrisdigital.at\/fi\/nv-grinder-geruchsneutrale-tasche-groesse-s\/","title":{"rendered":"NV Grinder geruchsneutrale Tasche | Gr\u00f6\u00dfe S"},"content":{"rendered":"<div>\n<h2>NV GRINDER Geruchsneutrale Tasche<\/h2>\n<p>Diese geruchsdichte Tasche ist mit 100 % Aktivkohlefaser ausgekleidet, um sicherzustellen, dass der Geruch des stinkenden Inhalts im Inneren des Beutels bleibt. Unsere dicke Kohlefaserschicht absorbiert und f\u00e4ngt sogar stinkenden Geruch ein! Dieses Modell wird sogar mit einer Schleife geliefert, damit Sie es unterwegs nicht verlieren!<\/p>\n<h3>\u00dcber NV Grinder:<\/h3>\n<p>NVGRINDER arbeitet st\u00e4ndig daran, die beste Qualit\u00e4t f\u00fcr ihre Produkte zu erzielen.<br \/>\nWir haben immer wieder neue Ideen und arbeiten eng mit den besten Herstellern der Welt zusammen.<br \/>\nUnsere Qualit\u00e4tsstandards sind sehr hoch, egal welches Material, und unser Ziel wird es immer sein, die besten und innovativsten Grinder f\u00fcr dich herzustellen!<\/p>\n<h4><strong>Was macht unsere Produkte\u00a0 besonders?<\/strong><\/h4>\n<h4>Jedes Produkt das von uns produziert wird durchl\u00e4uft ein Testverfahren, um sicherzustellen, dass er den hohen Bed\u00fcrfnissen eines Rauchers entspricht, bevor wir ihn offiziell releasen.<\/h4>\n<\/div>\n<div class=\"std\"><\/div>\n","protected":false},"excerpt":{"rendered":"<p>NV GRINDER Geruchsneutrale Tasche Diese geruchsdichte Tasche ist mit 100 % Aktivkohlefaser ausgekleidet, um sicherzustellen, dass der Geruch des stinkenden<\/p>\n","protected":false},"featured_media":33033,"comment_status":"open","ping_status":"closed","template":"","meta":{"_acf_changed":false},"product_cat":[2607,2969,2566,2451],"product_tag":[],"acf":[],"_links":{"self":[{"href":"https:\/\/donaulife-new.ogrisdigital.at\/fi\/wp-json\/wp\/v2\/product\/53328"}],"collection":[{"href":"https:\/\/donaulife-new.ogrisdigital.at\/fi\/wp-json\/wp\/v2\/product"}],"about":[{"href":"https:\/\/donaulife-new.ogrisdigital.at\/fi\/wp-json\/wp\/v2\/types\/product"}],"replies":[{"embeddable":true,"href":"https:\/\/donaulife-new.ogrisdigital.at\/fi\/wp-json\/wp\/v2\/comments?post=53328"}],"wp:featuredmedia":[{"embeddable":true,"href":"https:\/\/donaulife-new.ogrisdigital.at\/fi\/wp-json\/wp\/v2\/media\/33033"}],"wp:attachment":[{"href":"https:\/\/donaulife-new.ogrisdigital.at\/fi\/wp-json\/wp\/v2\/media?parent=53328"}],"wp:term":[{"taxonomy":"product_cat","embeddable":true,"href":"https:\/\/donaulife-new.ogrisdigital.at\/fi\/wp-json\/wp\/v2\/product_cat?post=53328"},{"taxonomy":"product_tag","embeddable":true,"href":"https:\/\/donaulife-new.ogrisdigital.at\/fi\/wp-json\/wp\/v2\/product_tag?post=53328"}],"curies":[{"name":"wp","href":"https:\/\/api.w.org\/{rel}","templated":true}]}}