{"id":53298,"date":"2021-08-12T11:32:50","date_gmt":"2021-08-12T11:32:50","guid":{"rendered":"https:\/\/donaulife-new.ogrisdigital.at\/produkt\/grannys-weed-kokosnussschalen-set\/"},"modified":"2025-01-15T07:10:25","modified_gmt":"2025-01-15T07:10:25","slug":"grannys-weed-kokosnussschalen-set","status":"publish","type":"product","link":"https:\/\/donaulife-new.ogrisdigital.at\/fi\/grannys-weed-kokosnussschalen-set\/","title":{"rendered":"GRANNY\u00b4S WEED Kokosnussschalen Set"},"content":{"rendered":"<h2>Granny\u00b4s Weed Kokosnussschalen &amp; Holzl\u00f6ffel<\/h2>\n<p><strong>Nachhaltig<\/strong><\/p>\n<p>Die Kokosnussschalen sind ein Nebenprodukt, das von Hand verarbeitet und mit Kokosnuss\u00f6l poliert wird. Das Produkt wird zudem CO2-neutral produziert und versendet.<\/p>\n<p><strong>Benutzerfreundlichkeit<\/strong><\/p>\n<p>Die Kokosnussschalen sind robust und leicht zugleich und bieten eine optimale Alternative zu Plastikprodukten. Die Schalen sind lebensmittelecht und geschmacksneutral, perfekt f\u00fcr Salate, Snacks, Sch\u00fcsseln und Grillpartys.<\/p>\n<p><strong>Einzigartig<\/strong><\/p>\n<p>Jede Kokosnusssch\u00fcssel wird aus einer Kokosnussschale hergestellt, wodurch sie ihre einzigartige Form, Gr\u00f6\u00dfe und Markierung erh\u00e4lt &#8211; kein Sch\u00fcssel-Set gleicht dem anderen!<\/p>\n<p><strong>Upgecycelte Kokosn\u00fcsse<\/strong><\/p>\n<p>Jede Holzschale wird aus den Schalen hergestellt, die als Abfall bei der Kokosmilchproduktion anfallen. Upcycling ist eine Philosophie f\u00fcr Zero-Waste-Produkte, die unerw\u00fcnschte Gegenst\u00e4nde in Produkte verwandelt &#8211; ein echter Mehrwert!<\/p>\n<p>Inhalt der Box: 2 Kokosnussschalen mit Durchmesser 12-13 cm und 2 L\u00f6ffel, 100% nat\u00fcrlich ohne chemische Zus\u00e4tze.<br \/>\nDas F\u00fcllvolumen betr\u00e4gt ca. 330-430 ml, da jede Schale ein Unikat ist &#8211; einmalig.<\/p>\n<p>WICHTIG: Diese Produkte sind nicht f\u00fcr Mikrowelle, Backofen und Sp\u00fclmaschine geeignet<\/p>\n<h3>\u00dcber GRANNY\u00b4s WEED:<\/h3>\n<p>Moin, wir sind Constantin und Pablo von GRANNY\u2019S WEED! Wir haben dieses Start-Up gegr\u00fcndet, weil wir mit unserer Marke die Entkriminalisierung von Hanf in Deutschland f\u00f6rdern und auf den medizinischen Nutzen aufmerksam machen wollen.<\/p>\n<p>Auch wenn wir bisher nur ein Start-Up sind, m\u00f6chten wir etwas Gutes tun. Wir werden langfristig 5% unseres Gewinns an Organisationen, die sich f\u00fcr die Legalisierung von Hanf in Europa einsetzen, spenden. Auch Organisationen, welche dessen medizinischen Nutzen f\u00f6rdern und vorantreiben, gilt es zu unterst\u00fctzen.<\/p>\n<p>Unsere Produkte werden mit gro\u00dfm\u00fctterlicher F\u00fcrsorge hergestellt und verpackt. Wir arbeiten stets an neuen Produktideen, um euch den positiven Gebrauch und Nutzen von Hanf n\u00e4her zu bringen. Hanf geh\u00f6rt zu den nachhaltigsten Pflanzen, die unsere Erde zu bieten hat.<\/p>\n<p>Wir von GRANNY\u2019S WEED m\u00f6chten euch immer auf dem Laufenden halten. Schaut gerne \u00f6fters hier vorbei oder folgt uns auf Instagram um nichts zu verpassen! Bei Fragen und Anregungen kontaktiert uns gerne!<\/p>\n<p>Stay tuned and enjoy life! ???<\/p>\n<p>&nbsp;<\/p>\n","protected":false},"excerpt":{"rendered":"<p>Granny\u00b4s Weed Kokosnussschalen &amp; Holzl\u00f6ffel Nachhaltig Die Kokosnussschalen sind ein Nebenprodukt, das von Hand verarbeitet und mit Kokosnuss\u00f6l poliert wird.<\/p>\n","protected":false},"featured_media":32870,"comment_status":"open","ping_status":"closed","template":"","meta":{"_acf_changed":false},"product_cat":[2744,2607,2489,3491,3238,2451],"product_tag":[3239],"acf":[],"_links":{"self":[{"href":"https:\/\/donaulife-new.ogrisdigital.at\/fi\/wp-json\/wp\/v2\/product\/53298"}],"collection":[{"href":"https:\/\/donaulife-new.ogrisdigital.at\/fi\/wp-json\/wp\/v2\/product"}],"about":[{"href":"https:\/\/donaulife-new.ogrisdigital.at\/fi\/wp-json\/wp\/v2\/types\/product"}],"replies":[{"embeddable":true,"href":"https:\/\/donaulife-new.ogrisdigital.at\/fi\/wp-json\/wp\/v2\/comments?post=53298"}],"wp:featuredmedia":[{"embeddable":true,"href":"https:\/\/donaulife-new.ogrisdigital.at\/fi\/wp-json\/wp\/v2\/media\/32870"}],"wp:attachment":[{"href":"https:\/\/donaulife-new.ogrisdigital.at\/fi\/wp-json\/wp\/v2\/media?parent=53298"}],"wp:term":[{"taxonomy":"product_cat","embeddable":true,"href":"https:\/\/donaulife-new.ogrisdigital.at\/fi\/wp-json\/wp\/v2\/product_cat?post=53298"},{"taxonomy":"product_tag","embeddable":true,"href":"https:\/\/donaulife-new.ogrisdigital.at\/fi\/wp-json\/wp\/v2\/product_tag?post=53298"}],"curies":[{"name":"wp","href":"https:\/\/api.w.org\/{rel}","templated":true}]}}