{"id":53294,"date":"2021-08-09T12:38:25","date_gmt":"2021-08-09T12:38:25","guid":{"rendered":"https:\/\/donaulife-new.ogrisdigital.at\/produkt\/piecemaker-kwack-silikonbong-95-cm\/"},"modified":"2025-01-15T07:10:26","modified_gmt":"2025-01-15T07:10:26","slug":"piecemaker-kwack-silikonbong-95-cm","status":"publish","type":"product","link":"https:\/\/donaulife-new.ogrisdigital.at\/fi\/piecemaker-kwack-silikonbong-95-cm\/","title":{"rendered":"PIECEMAKER &#8216;Kwack&#8217; Silikonbong | 9,5 cm"},"content":{"rendered":"<h2>Piecemaker Silikonbong Kwack Entchen<\/h2>\n<p>Wer statt &#8216;Badewanne rauchen&#8217; auch &#8216;in der Badewanne rauchen&#8217; will, hat mit &#8216;KWACK&#8217; von\u00a0<strong>PieceMaker\u2122<\/strong>\u00a0die optimale Bong daf\u00fcr. Denn die wie ein etwas \u00fcberdimensionales, aber unschuldig-niedliches Badeentchen aussehende Pfeife kann man ruhig immer in Griffweite auf dem Badewannenrand stehen lassen.<\/p>\n<p>Das Shillum mit dem von\u00a0<strong>PieceMaker\u2122<\/strong>\u00a0entwickelten Hex-TEK\u2122-Perkolator, der f\u00fcr besonders viele abk\u00fchlende Wasser- und Luftwirbel sorgt, versteckt sich unauff\u00e4llig im Bauch von &#8216;KWACK&#8217;. Das ger\u00e4umige Sch\u00fcsselsiebchen ist als einziges Bongelement nicht aus Silikon, sondern aus Edelstahl. Als Mundst\u00fcck dient der ergonomisch-geformte Entenschnabel. Der Entenkopf l\u00e4sst sich f\u00fcr die Bef\u00fcllung mit Wasser leicht entfernen. Au\u00dferdem wird die Reinigung von &#8216;KWACK&#8217; dadurch total easy.<\/p>\n<p>Durch die nach hinten hochgezogene Form liegt &#8216;KWACK&#8217; besonders gut in der Hand, wobei sich das Kickloch bequem mit dem Finger abdecken l\u00e4sst. Nat\u00fcrlich ist die Silikonbong absolut wasser- und bruchfest und somit ebenfalls der ideale Smokebuddy f\u00fcr unterwegs. Denn die Badeente f\u00fcr Erwachsene schwimmt nicht nur gerne in der Wanne, sondern auch in Swimming-Pools, Badeseen usw. Und manchmal auch auf dem Trockenen\u2026<\/p>\n<p>Ganz nach dem Motto von\u00a0<strong>PieceMaker\u2122<\/strong>: B.Y.O.T. \u2013 Blaze Your Own Trail!<\/p>\n<h3><span style=\"font-size: 20.16px;\">\u00dcber Black Leaf:<\/span><\/h3>\n<div>\n<p>In Weed We Trust ? Smoking\u00a0<em>Paraphernalia<\/em> seit 1988: Bongs, Pfeifen, Vaporizer, Grinder, Dabbing Zubeh\u00f6r, Paper &amp; Filter, Lifestyle Produkte. Es gibt viele Innovative Produkte der Marke die auch die ein oder andere Weltneuheit erschaffen haben. Im Shop bieten wir von allen Produkten die beste Auswahl.<\/p>\n<\/div>\n","protected":false},"excerpt":{"rendered":"<p>Piecemaker Silikonbong Kwack Entchen Wer statt &#8216;Badewanne rauchen&#8217; auch &#8216;in der Badewanne rauchen&#8217; will, hat mit &#8216;KWACK&#8217; von\u00a0PieceMaker\u2122\u00a0die optimale Bong<\/p>\n","protected":false},"featured_media":32842,"comment_status":"open","ping_status":"open","template":"","meta":{"_acf_changed":false},"product_cat":[2886,2459,2566,2507,2546,2515,2506,2463,2887],"product_tag":[3490],"acf":[],"_links":{"self":[{"href":"https:\/\/donaulife-new.ogrisdigital.at\/fi\/wp-json\/wp\/v2\/product\/53294"}],"collection":[{"href":"https:\/\/donaulife-new.ogrisdigital.at\/fi\/wp-json\/wp\/v2\/product"}],"about":[{"href":"https:\/\/donaulife-new.ogrisdigital.at\/fi\/wp-json\/wp\/v2\/types\/product"}],"replies":[{"embeddable":true,"href":"https:\/\/donaulife-new.ogrisdigital.at\/fi\/wp-json\/wp\/v2\/comments?post=53294"}],"wp:featuredmedia":[{"embeddable":true,"href":"https:\/\/donaulife-new.ogrisdigital.at\/fi\/wp-json\/wp\/v2\/media\/32842"}],"wp:attachment":[{"href":"https:\/\/donaulife-new.ogrisdigital.at\/fi\/wp-json\/wp\/v2\/media?parent=53294"}],"wp:term":[{"taxonomy":"product_cat","embeddable":true,"href":"https:\/\/donaulife-new.ogrisdigital.at\/fi\/wp-json\/wp\/v2\/product_cat?post=53294"},{"taxonomy":"product_tag","embeddable":true,"href":"https:\/\/donaulife-new.ogrisdigital.at\/fi\/wp-json\/wp\/v2\/product_tag?post=53294"}],"curies":[{"name":"wp","href":"https:\/\/api.w.org\/{rel}","templated":true}]}}